{"id":41421,"date":"2023-12-23T02:59:07","date_gmt":"2023-12-23T02:59:07","guid":{"rendered":"https:\/\/e.kosmolat.eu\/product\/cosmeplant-normaliz-micelarais-udens-ar-gurka-ekstr-100-ml\/"},"modified":"2026-04-23T07:29:49","modified_gmt":"2026-04-23T07:29:49","slug":"cosmeplant-normaliz-micelarais-udens-ar-gurka-ekstr-100-ml","status":"publish","type":"product","link":"https:\/\/e.kosmolat.eu\/lv\/product\/cosmeplant-normaliz-micelarais-udens-ar-gurka-ekstr-100-ml\/","title":{"rendered":"Cosmeplant Normaliz.micel\u0101rais \u016bdens ar gur\u0137a ekstr., 100 ml"},"content":{"rendered":"<p>R\u016bp\u012bgi att\u012bra, nekairinot \u0101du, atsvaidzina, mitrina un nov\u0113r&scaron; taukainu sp\u012bdumu.&nbsp;<\/p>\n<p><strong>Lieto&scaron;ana:<\/strong> uzkl\u0101jiet uz vates diska un maigi not\u012briet seju, ar\u012b zon\u0101 ap ac\u012bm un l\u016bp\u0101m.&nbsp;<\/p>\n<p>Uzglab\u0101t t&deg; no +5 &deg;\u0421 l\u012bdz +25 &deg;\u0421, sarg\u0101jot no tie&scaron;iem saules stariem.&nbsp;<\/p>\n<p><strong>Der\u012bguma termi\u0146&scaron;:<\/strong> 24 m\u0113ne&scaron;i.&nbsp;<br \/>\n&nbsp;<\/p>\n","protected":false},"excerpt":{"rendered":"<p>R\u016bp\u012bgi att\u012bra, nekairinot \u0101du, atsvaidzina, mitrina un nov\u0113r&scaron; taukainu sp\u012bdumu.&nbsp; Lieto&scaron;ana: uzkl\u0101jiet uz vates diska un maigi not\u012briet seju, ar\u012b zon\u0101 ap ac\u012bm un l\u016bp\u0101m.&nbsp; Uzglab\u0101t t&deg; no +5 &deg;\u0421 l\u012bdz +25 &deg;\u0421, sarg\u0101jot no tie&scaron;iem saules stariem.&nbsp; Der\u012bguma termi\u0146&scaron;: 24 m\u0113ne&scaron;i.&nbsp; &nbsp;<\/p>\n","protected":false},"featured_media":87578,"template":"","meta":[],"product_cat":[2181],"product_tag":[],"class_list":{"0":"post-41421","1":"product","2":"type-product","3":"status-publish","4":"has-post-thumbnail","6":"product_brand-viorica-cosmeplant_bg","7":"product_cat-bez-kategorijas-lt","9":"first","10":"instock","11":"taxable","12":"shipping-taxable","13":"product-type-simple"},"_links":{"self":[{"href":"https:\/\/e.kosmolat.eu\/lv\/wp-json\/wp\/v2\/product\/41421","targetHints":{"allow":["GET"]}}],"collection":[{"href":"https:\/\/e.kosmolat.eu\/lv\/wp-json\/wp\/v2\/product"}],"about":[{"href":"https:\/\/e.kosmolat.eu\/lv\/wp-json\/wp\/v2\/types\/product"}],"wp:featuredmedia":[{"embeddable":true,"href":"https:\/\/e.kosmolat.eu\/lv\/wp-json\/wp\/v2\/media\/87578"}],"wp:attachment":[{"href":"https:\/\/e.kosmolat.eu\/lv\/wp-json\/wp\/v2\/media?parent=41421"}],"wp:term":[{"taxonomy":"product_cat","embeddable":true,"href":"https:\/\/e.kosmolat.eu\/lv\/wp-json\/wp\/v2\/product_cat?post=41421"},{"taxonomy":"product_tag","embeddable":true,"href":"https:\/\/e.kosmolat.eu\/lv\/wp-json\/wp\/v2\/product_tag?post=41421"}],"curies":[{"name":"wp","href":"https:\/\/api.w.org\/{rel}","templated":true}]}}