{"id":41413,"date":"2023-12-23T02:58:17","date_gmt":"2023-12-23T02:58:17","guid":{"rendered":"https:\/\/e.kosmolat.eu\/product\/cosmeplant-atjaun-pretnovec-acu-krems-ar-7-augu-ekstr-30-ml\/"},"modified":"2026-04-13T06:24:54","modified_gmt":"2026-04-13T06:24:54","slug":"cosmeplant-atjaun-pretnovec-acu-krems-ar-7-augu-ekstr-30-ml","status":"publish","type":"product","link":"https:\/\/e.kosmolat.eu\/lv\/product\/cosmeplant-atjaun-pretnovec-acu-krems-ar-7-augu-ekstr-30-ml\/","title":{"rendered":"Cosmeplant Atjaun.pretnovec.acu kr\u0113ms ar 7 augu ekstr., 30 ml"},"content":{"rendered":"<p>Satur tokoferolu, Hydroviton Plus kompleksu, 7 augu ekstraktus, apriko\u017eu kauli\u0146u e\u013c\u013cu. Ieteicams vecuma grup\u0101 40-60 gadi.&nbsp;<\/p>\n<p><strong>Lieto&scaron;ana:<\/strong> uzkl\u0101jiet kr\u0113mu uz t\u012bras \u0101das ap ac\u012bm, viegli paplik&scaron;\u0137\u0113jot \u0101du ar pirkstu gali\u0146iem.&nbsp;<\/p>\n<p>Uzglab\u0101t t&deg; no +5 &deg;\u0421 l\u012bdz +25 &deg;\u0421, sarg\u0101jot no tie&scaron;iem saules stariem.<\/p>\n<p><strong>Der\u012bguma termi\u0146&scaron;: <\/strong>24 m\u0113ne&scaron;i.&nbsp;<br \/>\n&nbsp;<\/p>\n","protected":false},"excerpt":{"rendered":"<p>Satur tokoferolu, Hydroviton Plus kompleksu, 7 augu ekstraktus, apriko\u017eu kauli\u0146u e\u013c\u013cu. Ieteicams vecuma grup\u0101 40-60 gadi.&nbsp; Lieto&scaron;ana: uzkl\u0101jiet kr\u0113mu uz t\u012bras \u0101das ap ac\u012bm, viegli paplik&scaron;\u0137\u0113jot \u0101du ar pirkstu gali\u0146iem.&nbsp; Uzglab\u0101t t&deg; no +5 &deg;\u0421 l\u012bdz +25 &deg;\u0421, sarg\u0101jot no tie&scaron;iem saules stariem. Der\u012bguma termi\u0146&scaron;: 24 m\u0113ne&scaron;i.&nbsp; &nbsp;<\/p>\n","protected":false},"featured_media":87570,"template":"","meta":[],"product_cat":[1999],"product_tag":[],"class_list":{"0":"post-41413","1":"product","2":"type-product","3":"status-publish","4":"has-post-thumbnail","6":"product_brand-viorica-cosmeplant_bg","7":"product_cat-bez-kategorijas","9":"first","10":"outofstock","11":"taxable","12":"shipping-taxable","13":"product-type-simple"},"_links":{"self":[{"href":"https:\/\/e.kosmolat.eu\/lv\/wp-json\/wp\/v2\/product\/41413","targetHints":{"allow":["GET"]}}],"collection":[{"href":"https:\/\/e.kosmolat.eu\/lv\/wp-json\/wp\/v2\/product"}],"about":[{"href":"https:\/\/e.kosmolat.eu\/lv\/wp-json\/wp\/v2\/types\/product"}],"wp:featuredmedia":[{"embeddable":true,"href":"https:\/\/e.kosmolat.eu\/lv\/wp-json\/wp\/v2\/media\/87570"}],"wp:attachment":[{"href":"https:\/\/e.kosmolat.eu\/lv\/wp-json\/wp\/v2\/media?parent=41413"}],"wp:term":[{"taxonomy":"product_cat","embeddable":true,"href":"https:\/\/e.kosmolat.eu\/lv\/wp-json\/wp\/v2\/product_cat?post=41413"},{"taxonomy":"product_tag","embeddable":true,"href":"https:\/\/e.kosmolat.eu\/lv\/wp-json\/wp\/v2\/product_tag?post=41413"}],"curies":[{"name":"wp","href":"https:\/\/api.w.org\/{rel}","templated":true}]}}