{"id":41405,"date":"2023-12-23T02:57:33","date_gmt":"2023-12-23T02:57:33","guid":{"rendered":"https:\/\/e.kosmolat.eu\/product\/cosmeplant-dienas-atjaun-pretnovec-sej-krems-ar-7-augu-ekstr-50-ml\/"},"modified":"2026-04-10T08:34:22","modified_gmt":"2026-04-10T08:34:22","slug":"cosmeplant-dienas-atjaun-pretnovec-sej-krems-ar-7-augu-ekstr-50-ml","status":"publish","type":"product","link":"https:\/\/e.kosmolat.eu\/lv\/product\/cosmeplant-dienas-atjaun-pretnovec-sej-krems-ar-7-augu-ekstr-50-ml\/","title":{"rendered":"Cosmeplant Dienas atjaun.pretnovec.sej.kr\u0113ms ar 7 augu ekstr, 50 ml"},"content":{"rendered":"<p>Satur tokoferolu, provitam\u012bnu B5, 7 augu ekstraktus, apriko\u017eu kauli\u0146u e\u013c\u013cu. Ieteicams vecuma grup\u0101 40-60 gadi.<\/p>\n<p><strong>Lieto&scaron;ana: <\/strong>no r\u012bta ar viegl\u0101m mas\u0113jo&scaron;\u0101m kust\u012bb\u0101m uzkl\u0101jiet kr\u0113mu uz t\u012bras sejas, kakla un dekolt\u0113 zonas \u0101das.&nbsp;<\/p>\n<p>Uzglab\u0101t t&deg; no +5 &deg;\u0421 l\u012bdz +25 &deg;\u0421, sarg\u0101jot no tie&scaron;iem saules stariem.<\/p>\n<p><strong>Der\u012bguma termi\u0146&scaron;:<\/strong> 24 m\u0113ne&scaron;i.&nbsp;<br \/>\n&nbsp;<\/p>\n","protected":false},"excerpt":{"rendered":"<p>Satur tokoferolu, provitam\u012bnu B5, 7 augu ekstraktus, apriko\u017eu kauli\u0146u e\u013c\u013cu. Ieteicams vecuma grup\u0101 40-60 gadi. Lieto&scaron;ana: no r\u012bta ar viegl\u0101m mas\u0113jo&scaron;\u0101m kust\u012bb\u0101m uzkl\u0101jiet kr\u0113mu uz t\u012bras sejas, kakla un dekolt\u0113 zonas \u0101das.&nbsp; Uzglab\u0101t t&deg; no +5 &deg;\u0421 l\u012bdz +25 &deg;\u0421, sarg\u0101jot no tie&scaron;iem saules stariem. Der\u012bguma termi\u0146&scaron;: 24 m\u0113ne&scaron;i.&nbsp; &nbsp;<\/p>\n","protected":false},"featured_media":87562,"template":"","meta":[],"product_cat":[1320],"product_tag":[],"class_list":{"0":"post-41405","1":"product","2":"type-product","3":"status-publish","4":"has-post-thumbnail","6":"product_brand-viorica-cosmeplant_bg","7":"product_cat-sejas-kremi","9":"first","10":"instock","11":"taxable","12":"shipping-taxable","13":"product-type-simple"},"_links":{"self":[{"href":"https:\/\/e.kosmolat.eu\/lv\/wp-json\/wp\/v2\/product\/41405","targetHints":{"allow":["GET"]}}],"collection":[{"href":"https:\/\/e.kosmolat.eu\/lv\/wp-json\/wp\/v2\/product"}],"about":[{"href":"https:\/\/e.kosmolat.eu\/lv\/wp-json\/wp\/v2\/types\/product"}],"wp:featuredmedia":[{"embeddable":true,"href":"https:\/\/e.kosmolat.eu\/lv\/wp-json\/wp\/v2\/media\/87562"}],"wp:attachment":[{"href":"https:\/\/e.kosmolat.eu\/lv\/wp-json\/wp\/v2\/media?parent=41405"}],"wp:term":[{"taxonomy":"product_cat","embeddable":true,"href":"https:\/\/e.kosmolat.eu\/lv\/wp-json\/wp\/v2\/product_cat?post=41405"},{"taxonomy":"product_tag","embeddable":true,"href":"https:\/\/e.kosmolat.eu\/lv\/wp-json\/wp\/v2\/product_tag?post=41405"}],"curies":[{"name":"wp","href":"https:\/\/api.w.org\/{rel}","templated":true}]}}