{"id":41393,"date":"2023-12-23T02:56:27","date_gmt":"2023-12-23T02:56:27","guid":{"rendered":"https:\/\/e.kosmolat.eu\/product\/vollare-dzili-barojoss-kermena-sviests-vegebar-avo-cool-200-ml\/"},"modified":"2025-09-19T23:54:50","modified_gmt":"2025-09-19T23:54:50","slug":"vollare-dzili-barojoss-kermena-sviests-vegebar-avo-cool-200-ml","status":"publish","type":"product","link":"https:\/\/e.kosmolat.eu\/lv\/product\/vollare-dzili-barojoss-kermena-sviests-vegebar-avo-cool-200-ml\/","title":{"rendered":"VOLLARE Dzi\u013ci barojo\u0161s \u0137erme\u0146a sviests Vegebar Avo Cool, 200 ml"},"content":{"rendered":"<p>Unik\u0101l\u0101 formula, kas bag\u0101tin\u0101ta ar avokado e\u013c\u013cu un \u0161\u012b sviestu, padar\u012bs \u0101du skaist\u0101ku katru dienu! Avokado e\u013c\u013ca dzi\u013ci baro \u0101du, nodro\u0161inot intens\u012bvu \u0101das mitrin\u0101\u0161anu un izl\u012bdzin\u0101\u0161anu uz ilgu laiku. Sniedz pat\u012bkamu bumbieru arom\u0101tu. 97% dab\u012bgas izcelsmes sast\u0101vda\u013cu.<\/p>\n<p><strong>Lieto\u0161ana:<\/strong> uzkl\u0101jiet sviestu uz \u0137erme\u0146a un ar ap\u013cveida kust\u012bb\u0101m iemas\u0113jiet \u0101d\u0101.<br \/>\n&nbsp;<\/p>\n","protected":false},"excerpt":{"rendered":"<p>Unik\u0101l\u0101 formula, kas bag\u0101tin\u0101ta ar avokado e\u013c\u013cu un \u0161\u012b sviestu, padar\u012bs \u0101du skaist\u0101ku katru dienu! Avokado e\u013c\u013ca dzi\u013ci baro \u0101du, nodro\u0161inot intens\u012bvu \u0101das mitrin\u0101\u0161anu un izl\u012bdzin\u0101\u0161anu uz ilgu laiku. Sniedz pat\u012bkamu bumbieru arom\u0101tu. 97% dab\u012bgas izcelsmes sast\u0101vda\u013cu. Lieto\u0161ana: uzkl\u0101jiet sviestu uz \u0137erme\u0146a un ar ap\u013cveida kust\u012bb\u0101m iemas\u0113jiet \u0101d\u0101. &nbsp;<\/p>\n","protected":false},"featured_media":87522,"template":"","meta":[],"product_cat":[1619],"product_tag":[],"class_list":{"0":"post-41393","1":"product","2":"type-product","3":"status-publish","4":"has-post-thumbnail","6":"product_brand-malina-akcija","7":"product_cat-ellas","9":"first","10":"outofstock","11":"taxable","12":"shipping-taxable","13":"product-type-simple"},"_links":{"self":[{"href":"https:\/\/e.kosmolat.eu\/lv\/wp-json\/wp\/v2\/product\/41393","targetHints":{"allow":["GET"]}}],"collection":[{"href":"https:\/\/e.kosmolat.eu\/lv\/wp-json\/wp\/v2\/product"}],"about":[{"href":"https:\/\/e.kosmolat.eu\/lv\/wp-json\/wp\/v2\/types\/product"}],"wp:featuredmedia":[{"embeddable":true,"href":"https:\/\/e.kosmolat.eu\/lv\/wp-json\/wp\/v2\/media\/87522"}],"wp:attachment":[{"href":"https:\/\/e.kosmolat.eu\/lv\/wp-json\/wp\/v2\/media?parent=41393"}],"wp:term":[{"taxonomy":"product_cat","embeddable":true,"href":"https:\/\/e.kosmolat.eu\/lv\/wp-json\/wp\/v2\/product_cat?post=41393"},{"taxonomy":"product_tag","embeddable":true,"href":"https:\/\/e.kosmolat.eu\/lv\/wp-json\/wp\/v2\/product_tag?post=41393"}],"curies":[{"name":"wp","href":"https:\/\/api.w.org\/{rel}","templated":true}]}}