{"id":41389,"date":"2023-12-23T02:56:03","date_gmt":"2023-12-23T02:56:03","guid":{"rendered":"https:\/\/e.kosmolat.eu\/product\/vollare-dzili-atjaunojoss-kermena-sviests-vegebar-coco-rich-200-ml\/"},"modified":"2025-09-19T23:54:33","modified_gmt":"2025-09-19T23:54:33","slug":"vollare-dzili-atjaunojoss-kermena-sviests-vegebar-coco-rich-200-ml","status":"publish","type":"product","link":"https:\/\/e.kosmolat.eu\/lv\/product\/vollare-dzili-atjaunojoss-kermena-sviests-vegebar-coco-rich-200-ml\/","title":{"rendered":"VOLLARE Dzi\u013ci atjaunojo\u0161s \u0137erme\u0146a sviests Vegebar Coco Rich, 200 ml"},"content":{"rendered":"<p>Intens\u012bvi mitrina, atjauno, izl\u012bdzina \u0101du un d\u0101v\u0101 eksotisku arom\u0101tu. Pateicoties unik\u0101lai dab\u012bgas izcelsmes sast\u0101vda\u013cu kompoz\u012bcijai, \u0137erme\u0146a sviests dzi\u013ci atjauno \u0101du, nodro\u0161ina ilgsto\u0161u \u0101das mitrin\u0101\u0161anas un izildzin\u0101\u0161anas efektu. 97% dab\u012bgas izcelsmes sast\u0101vda\u013cu.<\/p>\n<p><strong>Lieto\u0161ana:<\/strong> uzkl\u0101jiet sviestu uz \u0137erme\u0146a un ar ap\u013cveida kust\u012bb\u0101m iemas\u0113jiet \u0101d\u0101.<br \/>\n&nbsp;<\/p>\n","protected":false},"excerpt":{"rendered":"<p>Intens\u012bvi mitrina, atjauno, izl\u012bdzina \u0101du un d\u0101v\u0101 eksotisku arom\u0101tu. Pateicoties unik\u0101lai dab\u012bgas izcelsmes sast\u0101vda\u013cu kompoz\u012bcijai, \u0137erme\u0146a sviests dzi\u013ci atjauno \u0101du, nodro\u0161ina ilgsto\u0161u \u0101das mitrin\u0101\u0161anas un izildzin\u0101\u0161anas efektu. 97% dab\u012bgas izcelsmes sast\u0101vda\u013cu. Lieto\u0161ana: uzkl\u0101jiet sviestu uz \u0137erme\u0146a un ar ap\u013cveida kust\u012bb\u0101m iemas\u0113jiet \u0101d\u0101. &nbsp;<\/p>\n","protected":false},"featured_media":87518,"template":"","meta":[],"product_cat":[1620],"product_tag":[],"class_list":{"0":"post-41389","1":"product","2":"type-product","3":"status-publish","4":"has-post-thumbnail","6":"product_brand-verona_pl","7":"product_cat-1620","9":"first","10":"instock","11":"taxable","12":"shipping-taxable","13":"product-type-simple"},"_links":{"self":[{"href":"https:\/\/e.kosmolat.eu\/lv\/wp-json\/wp\/v2\/product\/41389","targetHints":{"allow":["GET"]}}],"collection":[{"href":"https:\/\/e.kosmolat.eu\/lv\/wp-json\/wp\/v2\/product"}],"about":[{"href":"https:\/\/e.kosmolat.eu\/lv\/wp-json\/wp\/v2\/types\/product"}],"wp:featuredmedia":[{"embeddable":true,"href":"https:\/\/e.kosmolat.eu\/lv\/wp-json\/wp\/v2\/media\/87518"}],"wp:attachment":[{"href":"https:\/\/e.kosmolat.eu\/lv\/wp-json\/wp\/v2\/media?parent=41389"}],"wp:term":[{"taxonomy":"product_cat","embeddable":true,"href":"https:\/\/e.kosmolat.eu\/lv\/wp-json\/wp\/v2\/product_cat?post=41389"},{"taxonomy":"product_tag","embeddable":true,"href":"https:\/\/e.kosmolat.eu\/lv\/wp-json\/wp\/v2\/product_tag?post=41389"}],"curies":[{"name":"wp","href":"https:\/\/api.w.org\/{rel}","templated":true}]}}