{"id":41385,"date":"2023-12-23T02:55:39","date_gmt":"2023-12-23T02:55:39","guid":{"rendered":"https:\/\/e.kosmolat.eu\/product\/vollare-maksimali-barojoss-kermena-balzams-vegebar-banana-shake-300-ml\/"},"modified":"2025-09-19T23:54:18","modified_gmt":"2025-09-19T23:54:18","slug":"vollare-maksimali-barojoss-kermena-balzams-vegebar-banana-shake-300-ml","status":"publish","type":"product","link":"https:\/\/e.kosmolat.eu\/lv\/product\/vollare-maksimali-barojoss-kermena-balzams-vegebar-banana-shake-300-ml\/","title":{"rendered":"VOLLARE Maksim\u0101li barojo\u0161s \u0137erme\u0146a balzams Vegebar Banana Shake, 300 ml"},"content":{"rendered":"<p>Dzi\u013ci barojo\u0161a, ilgsto\u0161i mitrino\u0161a un intens\u012bvi atjaunojo\u0161a dab\u012bgo sast\u0101vda\u013cu kombin\u0101cija. Lietojot balzamu ikdien\u0101, \u0101da ieg\u016bst skaistu un vesel\u012bgu izskatu. 97% dab\u012bgas izcelsmes sast\u0101vda\u013cu. Veg\u0101nisks produkts.<\/p>\n<p><strong>Lieto\u0161ana: <\/strong>uzkl\u0101jiet l\u012bdzekli uz \u0137erme\u0146a un ar ap\u013cveida kust\u012bb\u0101m iemas\u0113jiet \u0101d\u0101.<br \/>\n&nbsp;<\/p>\n","protected":false},"excerpt":{"rendered":"<p>Dzi\u013ci barojo\u0161a, ilgsto\u0161i mitrino\u0161a un intens\u012bvi atjaunojo\u0161a dab\u012bgo sast\u0101vda\u013cu kombin\u0101cija. Lietojot balzamu ikdien\u0101, \u0101da ieg\u016bst skaistu un vesel\u012bgu izskatu. 97% dab\u012bgas izcelsmes sast\u0101vda\u013cu. Veg\u0101nisks produkts. Lieto\u0161ana: uzkl\u0101jiet l\u012bdzekli uz \u0137erme\u0146a un ar ap\u013cveida kust\u012bb\u0101m iemas\u0113jiet \u0101d\u0101. &nbsp;<\/p>\n","protected":false},"featured_media":87514,"template":"","meta":[],"product_cat":[1388],"product_tag":[],"class_list":{"0":"post-41385","1":"product","2":"type-product","3":"status-publish","4":"has-post-thumbnail","6":"product_brand-verona_pl","7":"product_cat-kermena-kremi-pienini-sviesti","9":"first","10":"outofstock","11":"taxable","12":"shipping-taxable","13":"product-type-simple"},"_links":{"self":[{"href":"https:\/\/e.kosmolat.eu\/lv\/wp-json\/wp\/v2\/product\/41385","targetHints":{"allow":["GET"]}}],"collection":[{"href":"https:\/\/e.kosmolat.eu\/lv\/wp-json\/wp\/v2\/product"}],"about":[{"href":"https:\/\/e.kosmolat.eu\/lv\/wp-json\/wp\/v2\/types\/product"}],"wp:featuredmedia":[{"embeddable":true,"href":"https:\/\/e.kosmolat.eu\/lv\/wp-json\/wp\/v2\/media\/87514"}],"wp:attachment":[{"href":"https:\/\/e.kosmolat.eu\/lv\/wp-json\/wp\/v2\/media?parent=41385"}],"wp:term":[{"taxonomy":"product_cat","embeddable":true,"href":"https:\/\/e.kosmolat.eu\/lv\/wp-json\/wp\/v2\/product_cat?post=41385"},{"taxonomy":"product_tag","embeddable":true,"href":"https:\/\/e.kosmolat.eu\/lv\/wp-json\/wp\/v2\/product_tag?post=41385"}],"curies":[{"name":"wp","href":"https:\/\/api.w.org\/{rel}","templated":true}]}}