{"id":41365,"date":"2023-12-23T02:54:26","date_gmt":"2023-12-23T02:54:26","guid":{"rendered":"https:\/\/e.kosmolat.eu\/product\/bionaturell-skidras-ziepes-lotoss-un-alveja-946-ml\/"},"modified":"2025-09-19T23:55:30","modified_gmt":"2025-09-19T23:55:30","slug":"i_bionaturell-skidras-ziepes-lotoss-un-alveja-946-ml","status":"publish","type":"product","link":"https:\/\/e.kosmolat.eu\/lv\/product\/i_bionaturell-skidras-ziepes-lotoss-un-alveja-946-ml\/","title":{"rendered":"I_BioNaturell \u0160\u0137idr\u0101s ziepes Lotoss un alveja, 946 ml"},"content":{"rendered":"<p>Satur m\u016bsdien\u012bgas mazg\u0101jo&scaron;\u0101s sast\u0101vda\u013cas, kas efekt\u012bvi un maigi att\u012bra \u0101du. Lotosa, alvejas ekstrakti un glicer\u012bns mitrina un m\u012bkstina \u0101du, padara to elast\u012bgu un nov\u0113r&scaron; mitruma zudumu. Veg\u0101nisks produkts.&nbsp;<\/p>\n<p><strong>Lieto&scaron;ana:<\/strong> uzkl\u0101t nepiecie&scaron;amo ziepju daudzumu uz rok\u0101m, saputot, noskalot ar \u016bdeni.<\/p>\n<p><strong>Piesardz\u012bbas pas\u0101kumi:<\/strong> iesp\u0113jama paaugstin\u0101ta individu\u0101l\u0101 jut\u012bba pret atsevi&scaron;\u0137\u0101m sast\u0101vda\u013c\u0101m.<\/p>\n<p>Uzglab\u0101t temperat\u016br\u0101 no &nbsp;+5 &deg;C l\u012bdz +25 &deg;C.<br \/>\n&nbsp;<\/p>\n","protected":false},"excerpt":{"rendered":"<p>Satur m\u016bsdien\u012bgas mazg\u0101jo&scaron;\u0101s sast\u0101vda\u013cas, kas efekt\u012bvi un maigi att\u012bra \u0101du. Lotosa, alvejas ekstrakti un glicer\u012bns mitrina un m\u012bkstina \u0101du, padara to elast\u012bgu un nov\u0113r&scaron; mitruma zudumu. Veg\u0101nisks produkts.&nbsp; Lieto&scaron;ana: uzkl\u0101t nepiecie&scaron;amo ziepju daudzumu uz rok\u0101m, saputot, noskalot ar \u016bdeni. Piesardz\u012bbas pas\u0101kumi: iesp\u0113jama paaugstin\u0101ta individu\u0101l\u0101 jut\u012bba pret atsevi&scaron;\u0137\u0101m sast\u0101vda\u013c\u0101m. Uzglab\u0101t temperat\u016br\u0101 no &nbsp;+5 &deg;C l\u012bdz +25 [&#8230;]\n","protected":false},"featured_media":87534,"template":"","meta":[],"product_cat":[1748],"product_tag":[],"class_list":{"0":"post-41365","1":"product","2":"type-product","3":"status-publish","4":"has-post-thumbnail","6":"product_brand-elfa_ua","7":"product_cat-skystas-muilas","9":"first","10":"outofstock","11":"taxable","12":"shipping-taxable","13":"product-type-simple"},"_links":{"self":[{"href":"https:\/\/e.kosmolat.eu\/lv\/wp-json\/wp\/v2\/product\/41365","targetHints":{"allow":["GET"]}}],"collection":[{"href":"https:\/\/e.kosmolat.eu\/lv\/wp-json\/wp\/v2\/product"}],"about":[{"href":"https:\/\/e.kosmolat.eu\/lv\/wp-json\/wp\/v2\/types\/product"}],"wp:featuredmedia":[{"embeddable":true,"href":"https:\/\/e.kosmolat.eu\/lv\/wp-json\/wp\/v2\/media\/87534"}],"wp:attachment":[{"href":"https:\/\/e.kosmolat.eu\/lv\/wp-json\/wp\/v2\/media?parent=41365"}],"wp:term":[{"taxonomy":"product_cat","embeddable":true,"href":"https:\/\/e.kosmolat.eu\/lv\/wp-json\/wp\/v2\/product_cat?post=41365"},{"taxonomy":"product_tag","embeddable":true,"href":"https:\/\/e.kosmolat.eu\/lv\/wp-json\/wp\/v2\/product_tag?post=41365"}],"curies":[{"name":"wp","href":"https:\/\/api.w.org\/{rel}","templated":true}]}}