{"id":41353,"date":"2023-12-23T02:53:01","date_gmt":"2023-12-23T02:53:01","guid":{"rendered":"https:\/\/e.kosmolat.eu\/product\/vollare-serums-krasotiem-matiem-proils-color-shine-30-ml\/"},"modified":"2025-09-19T23:52:45","modified_gmt":"2025-09-19T23:52:45","slug":"vollare-serums-krasotiem-matiem-proils-color-shine-30-ml","status":"publish","type":"product","link":"https:\/\/e.kosmolat.eu\/lv\/product\/vollare-serums-krasotiem-matiem-proils-color-shine-30-ml\/","title":{"rendered":"VOLLARE Serums kr\u0101sotiem matiem PROils Color &#038; Shine, 30 ml"},"content":{"rendered":"<p>Lieliski izce\u013c matu kr\u0101sas toni un atjauno dabisko sp\u012bdumu. E\u013c\u013cu, galvenok\u0101rt makad\u0101mijas, koncentr\u0113tais sp\u0113ks nov\u0113r\u0161 matu trauslumu un noveco\u0161an\u0101s procesus, izl\u012bdzina strukt\u016bru un aizsarg\u0101 kr\u0101su. Mati k\u013c\u016bst mirdzo\u0161i, z\u012bdaini m\u012bksti un gludi, bez smaguma efekta.<\/p>\n<p>Serums satur makad\u0101mijas riekstu, arg\u0101na, kokosriekstu, lins\u0113klu, saulespu\u0137u s\u0113klu, avokado, ol\u012bvu e\u013c\u013cu.<\/p>\n<p><strong>4 da\u017e\u0101di lieto\u0161anas veidi:<\/strong> 1.Pirms mazg\u0101\u0161anas ar \u0161amp\u016bnu, lai no\u0146emtu ieveido\u0161anas l\u012bdzek\u013cu paliekas. 2. Pirms \u017e\u0101v\u0113\u0161anas intens\u012bvai baro\u0161anai, vieglai veido\u0161anai un aizsardz\u012bbai. 3. P\u0113c matu \u017e\u0101v\u0113\u0161anas glud\u0101kiem un paklaus\u012bg\u0101kiem matiem. 4. Ikdienas matu kop\u0161anas proced\u016bras ietvaros, lai sasniegtu savam matu tipam v\u0113lamo ieveido\u0161anas efektu.<\/p>\n<p><strong>Lieto\u0161ana: <\/strong>paberziet da\u017eus seruma pilienus plaukst\u0101s un ar viegl\u0101m mas\u0113jo\u0161\u0101m kust\u012bb\u0101m uzkl\u0101jiet l\u012bdzekli no matu vidus l\u012bdz pat matu gali\u0146iem.<br \/>\n&nbsp;<\/p>\n","protected":false},"excerpt":{"rendered":"<p>Lieliski izce\u013c matu kr\u0101sas toni un atjauno dabisko sp\u012bdumu. E\u013c\u013cu, galvenok\u0101rt makad\u0101mijas, koncentr\u0113tais sp\u0113ks nov\u0113r\u0161 matu trauslumu un noveco\u0161an\u0101s procesus, izl\u012bdzina strukt\u016bru un aizsarg\u0101 kr\u0101su. Mati k\u013c\u016bst mirdzo\u0161i, z\u012bdaini m\u012bksti un gludi, bez smaguma efekta. Serums satur makad\u0101mijas riekstu, arg\u0101na, kokosriekstu, lins\u0113klu, saulespu\u0137u s\u0113klu, avokado, ol\u012bvu e\u013c\u013cu. 4 da\u017e\u0101di lieto\u0161anas veidi: 1.Pirms mazg\u0101\u0161anas ar \u0161amp\u016bnu, [&#8230;]\n","protected":false},"featured_media":87490,"template":"","meta":[],"product_cat":[1346],"product_tag":[],"class_list":{"0":"post-41353","1":"product","2":"type-product","3":"status-publish","4":"has-post-thumbnail","6":"product_brand-malina-akcija","7":"product_cat-1346","9":"first","10":"outofstock","11":"taxable","12":"shipping-taxable","13":"product-type-simple"},"_links":{"self":[{"href":"https:\/\/e.kosmolat.eu\/lv\/wp-json\/wp\/v2\/product\/41353","targetHints":{"allow":["GET"]}}],"collection":[{"href":"https:\/\/e.kosmolat.eu\/lv\/wp-json\/wp\/v2\/product"}],"about":[{"href":"https:\/\/e.kosmolat.eu\/lv\/wp-json\/wp\/v2\/types\/product"}],"wp:featuredmedia":[{"embeddable":true,"href":"https:\/\/e.kosmolat.eu\/lv\/wp-json\/wp\/v2\/media\/87490"}],"wp:attachment":[{"href":"https:\/\/e.kosmolat.eu\/lv\/wp-json\/wp\/v2\/media?parent=41353"}],"wp:term":[{"taxonomy":"product_cat","embeddable":true,"href":"https:\/\/e.kosmolat.eu\/lv\/wp-json\/wp\/v2\/product_cat?post=41353"},{"taxonomy":"product_tag","embeddable":true,"href":"https:\/\/e.kosmolat.eu\/lv\/wp-json\/wp\/v2\/product_tag?post=41353"}],"curies":[{"name":"wp","href":"https:\/\/api.w.org\/{rel}","templated":true}]}}