{"id":41349,"date":"2023-12-23T02:52:35","date_gmt":"2023-12-23T02:52:35","guid":{"rendered":"https:\/\/e.kosmolat.eu\/product\/vollare-serums-cirtainiem-matiem-proils-perfect-curls-30-ml\/"},"modified":"2025-09-19T23:52:29","modified_gmt":"2025-09-19T23:52:29","slug":"vollare-serums-cirtainiem-matiem-proils-perfect-curls-30-ml","status":"publish","type":"product","link":"https:\/\/e.kosmolat.eu\/lv\/product\/vollare-serums-cirtainiem-matiem-proils-perfect-curls-30-ml\/","title":{"rendered":"VOLLARE Serums cirtainiem matiem PROils Perfect Curls, 30 ml"},"content":{"rendered":"<p>Izce\u013c matu cirtainumu un loku un elast\u012bbu, k\u0101 ar\u012b efekt\u012bvi izl\u012bdzina nepaklaus\u012bg\u0101s \u0161\u0137ipsnas. E\u013c\u013cu komplekss, galvenok\u0101rt kokosriekstu e\u013c\u013ca, lieliski mitrina, palielina elast\u012bbu un mazina nelabv\u0113l\u012bgu \u0101r\u0113jo faktoru ietekmi. Mati k\u013c\u016bst elast\u012bgi, paklaus\u012bgi, z\u012bdaini m\u012bksti un mirdzo\u0161i, bez smaguma efekta.<\/p>\n<p>Serums satur kokosriekstu, arg\u0101na, makad\u0101mijas riekstu, lins\u0113klu, saulespu\u0137u s\u0113klu, avokado, ol\u012bvu e\u013c\u013cu.<\/p>\n<p><strong>4 da\u017e\u0101di lieto\u0161anas veidi: <\/strong>1.Pirms mazg\u0101\u0161anas ar \u0161amp\u016bnu, lai no\u0146emtu ieveido\u0161anas l\u012bdzek\u013cu paliekas. 2. Pirms \u017e\u0101v\u0113\u0161anas intens\u012bvai baro\u0161anai, vieglai veido\u0161anai un aizsardz\u012bbai. 3. P\u0113c matu \u017e\u0101v\u0113\u0161anas glud\u0101kiem un paklaus\u012bg\u0101kiem matiem. 4. Ikdienas matu kop\u0161anas proced\u016bras ietvaros, lai sasniegtu savam matu tipam v\u0113lamo ieveido\u0161anas efektu.<\/p>\n<p><strong>Lieto\u0161ana: <\/strong>paberziet da\u017eus seruma pilienus plaukst\u0101s un ar viegl\u0101m mas\u0113jo\u0161\u0101m kust\u012bb\u0101m uzkl\u0101jiet l\u012bdzekli no matu vidus l\u012bdz pat matu gali\u0146iem.<br \/>\n&nbsp;<\/p>\n","protected":false},"excerpt":{"rendered":"<p>Izce\u013c matu cirtainumu un loku un elast\u012bbu, k\u0101 ar\u012b efekt\u012bvi izl\u012bdzina nepaklaus\u012bg\u0101s \u0161\u0137ipsnas. E\u013c\u013cu komplekss, galvenok\u0101rt kokosriekstu e\u013c\u013ca, lieliski mitrina, palielina elast\u012bbu un mazina nelabv\u0113l\u012bgu \u0101r\u0113jo faktoru ietekmi. Mati k\u013c\u016bst elast\u012bgi, paklaus\u012bgi, z\u012bdaini m\u012bksti un mirdzo\u0161i, bez smaguma efekta. Serums satur kokosriekstu, arg\u0101na, makad\u0101mijas riekstu, lins\u0113klu, saulespu\u0137u s\u0113klu, avokado, ol\u012bvu e\u013c\u013cu. 4 da\u017e\u0101di lieto\u0161anas veidi: [&#8230;]\n","protected":false},"featured_media":87486,"template":"","meta":[],"product_cat":[1343],"product_tag":[],"class_list":{"0":"post-41349","1":"product","2":"type-product","3":"status-publish","4":"has-post-thumbnail","6":"product_brand-malina-akcija","7":"product_cat-citi-matu-kopsanas-produkti","9":"first","10":"outofstock","11":"taxable","12":"shipping-taxable","13":"product-type-simple"},"_links":{"self":[{"href":"https:\/\/e.kosmolat.eu\/lv\/wp-json\/wp\/v2\/product\/41349","targetHints":{"allow":["GET"]}}],"collection":[{"href":"https:\/\/e.kosmolat.eu\/lv\/wp-json\/wp\/v2\/product"}],"about":[{"href":"https:\/\/e.kosmolat.eu\/lv\/wp-json\/wp\/v2\/types\/product"}],"wp:featuredmedia":[{"embeddable":true,"href":"https:\/\/e.kosmolat.eu\/lv\/wp-json\/wp\/v2\/media\/87486"}],"wp:attachment":[{"href":"https:\/\/e.kosmolat.eu\/lv\/wp-json\/wp\/v2\/media?parent=41349"}],"wp:term":[{"taxonomy":"product_cat","embeddable":true,"href":"https:\/\/e.kosmolat.eu\/lv\/wp-json\/wp\/v2\/product_cat?post=41349"},{"taxonomy":"product_tag","embeddable":true,"href":"https:\/\/e.kosmolat.eu\/lv\/wp-json\/wp\/v2\/product_tag?post=41349"}],"curies":[{"name":"wp","href":"https:\/\/api.w.org\/{rel}","templated":true}]}}