{"id":41345,"date":"2023-12-23T02:52:13","date_gmt":"2023-12-23T02:52:13","guid":{"rendered":"https:\/\/e.kosmolat.eu\/product\/vollare-mitrinoss-toniks-ar-bakuciolu-un-cbd-300-ml\/"},"modified":"2025-09-19T23:52:11","modified_gmt":"2025-09-19T23:52:11","slug":"vollare-mitrinoss-toniks-ar-bakuciolu-un-cbd-300-ml","status":"publish","type":"product","link":"https:\/\/e.kosmolat.eu\/lv\/product\/vollare-mitrinoss-toniks-ar-bakuciolu-un-cbd-300-ml\/","title":{"rendered":"VOLLARE Mitrino\u0161s toniks ar baku\u010diolu un CBD, 300 ml"},"content":{"rendered":"<p>Toniz\u0113\u0161ana &ndash; n\u0101kamais solis ikdienas \u0101das kop\u0161anas proced\u016br\u0101 p\u0113c sejas att\u012br\u012b\u0161anas. CBD, baku\u010diols un hialuronsk\u0101be efekt\u012bvi un dzi\u013ci mitrina \u0101du, padara to elast\u012bg\u0101ku un tvirt\u0101ku. Atjauno dab\u012bgo pH l\u012bdzsvaru un mitrin\u0101\u0161anas l\u012bmeni, k\u0101 ar\u012b nodro\u0161ina \u0101das svaiguma un tvirtuma saj\u016btu.&nbsp;97% dab\u012bgas izcelsmes sast\u0101vda\u013cu. Veg\u0101nisks produkts.<\/p>\n<p><strong>Lieto\u0161ana: <\/strong>samitriniet vates disku ar toniku un not\u012briet sejas un dekolt\u0113 zonas \u0101du.<br \/>\n&nbsp;<\/p>\n","protected":false},"excerpt":{"rendered":"<p>Toniz\u0113\u0161ana &ndash; n\u0101kamais solis ikdienas \u0101das kop\u0161anas proced\u016br\u0101 p\u0113c sejas att\u012br\u012b\u0161anas. CBD, baku\u010diols un hialuronsk\u0101be efekt\u012bvi un dzi\u013ci mitrina \u0101du, padara to elast\u012bg\u0101ku un tvirt\u0101ku. Atjauno dab\u012bgo pH l\u012bdzsvaru un mitrin\u0101\u0161anas l\u012bmeni, k\u0101 ar\u012b nodro\u0161ina \u0101das svaiguma un tvirtuma saj\u016btu.&nbsp;97% dab\u012bgas izcelsmes sast\u0101vda\u013cu. Veg\u0101nisks produkts. Lieto\u0161ana: samitriniet vates disku ar toniku un not\u012briet sejas un [&#8230;]\n","protected":false},"featured_media":87482,"template":"","meta":[],"product_cat":[1578],"product_tag":[],"class_list":{"0":"post-41345","1":"product","2":"type-product","3":"status-publish","4":"has-post-thumbnail","6":"product_brand-verona_pl","7":"product_cat-losjoni-un-toniki","9":"first","10":"outofstock","11":"taxable","12":"shipping-taxable","13":"product-type-simple"},"_links":{"self":[{"href":"https:\/\/e.kosmolat.eu\/lv\/wp-json\/wp\/v2\/product\/41345","targetHints":{"allow":["GET"]}}],"collection":[{"href":"https:\/\/e.kosmolat.eu\/lv\/wp-json\/wp\/v2\/product"}],"about":[{"href":"https:\/\/e.kosmolat.eu\/lv\/wp-json\/wp\/v2\/types\/product"}],"wp:featuredmedia":[{"embeddable":true,"href":"https:\/\/e.kosmolat.eu\/lv\/wp-json\/wp\/v2\/media\/87482"}],"wp:attachment":[{"href":"https:\/\/e.kosmolat.eu\/lv\/wp-json\/wp\/v2\/media?parent=41345"}],"wp:term":[{"taxonomy":"product_cat","embeddable":true,"href":"https:\/\/e.kosmolat.eu\/lv\/wp-json\/wp\/v2\/product_cat?post=41345"},{"taxonomy":"product_tag","embeddable":true,"href":"https:\/\/e.kosmolat.eu\/lv\/wp-json\/wp\/v2\/product_tag?post=41345"}],"curies":[{"name":"wp","href":"https:\/\/api.w.org\/{rel}","templated":true}]}}