{"id":41341,"date":"2023-12-23T02:51:52","date_gmt":"2023-12-23T02:51:52","guid":{"rendered":"https:\/\/e.kosmolat.eu\/product\/vollare-attiross-micelarais-udens-ar-bakuciolu-un-cbd-300-ml\/"},"modified":"2026-04-15T13:52:49","modified_gmt":"2026-04-15T13:52:49","slug":"vollare-attiross-micelarais-udens-ar-bakuciolu-un-cbd-300-ml","status":"publish","type":"product","link":"https:\/\/e.kosmolat.eu\/lv\/product\/vollare-attiross-micelarais-udens-ar-bakuciolu-un-cbd-300-ml\/","title":{"rendered":"VOLLARE Att\u012bro\u0161s micel\u0101rais \u016bdens ar baku\u010diolu un CBD, 300 ml"},"content":{"rendered":"<p>\u0100tri un efekt\u012bvi att\u012bra \u0101du no kosm\u0113tikas un net\u012brumiem, nodro\u0161inot papildu kop\u0161anu. P\u0113c nomierino\u0161\u0101 micel\u0101r\u0101 \u016bdens uzkl\u0101\u0161anas \u0101da k\u013c\u016bst m\u012bksta, mitrin\u0101ta un piln\u012bb\u0101 sagatavota atjauno\u0161an\u0101s procesam nakts laik\u0101. CBD, baku\u010diols un pantenols atjauno, nomierina un stiprina \u0101du. 98% dab\u012bgas izcelsmes sast\u0101vda\u013cu. Veg\u0101nisks produkts.<\/p>\n<p><strong>Lieto\u0161ana: <\/strong>samitriniet vates disku ar micel\u0101ro \u016bdeni un not\u012briet sejas \u0101du.<br \/>\n&nbsp;<\/p>\n","protected":false},"excerpt":{"rendered":"<p>\u0100tri un efekt\u012bvi att\u012bra \u0101du no kosm\u0113tikas un net\u012brumiem, nodro\u0161inot papildu kop\u0161anu. P\u0113c nomierino\u0161\u0101 micel\u0101r\u0101 \u016bdens uzkl\u0101\u0161anas \u0101da k\u013c\u016bst m\u012bksta, mitrin\u0101ta un piln\u012bb\u0101 sagatavota atjauno\u0161an\u0101s procesam nakts laik\u0101. CBD, baku\u010diols un pantenols atjauno, nomierina un stiprina \u0101du. 98% dab\u012bgas izcelsmes sast\u0101vda\u013cu. Veg\u0101nisks produkts. Lieto\u0161ana: samitriniet vates disku ar micel\u0101ro \u016bdeni un not\u012briet sejas \u0101du. &nbsp;<\/p>\n","protected":false},"featured_media":87478,"template":"","meta":[],"product_cat":[1999],"product_tag":[],"class_list":{"0":"post-41341","1":"product","2":"type-product","3":"status-publish","4":"has-post-thumbnail","6":"product_brand-verona_pl","7":"product_cat-bez-kategorijas","9":"first","10":"outofstock","11":"taxable","12":"shipping-taxable","13":"product-type-simple"},"_links":{"self":[{"href":"https:\/\/e.kosmolat.eu\/lv\/wp-json\/wp\/v2\/product\/41341","targetHints":{"allow":["GET"]}}],"collection":[{"href":"https:\/\/e.kosmolat.eu\/lv\/wp-json\/wp\/v2\/product"}],"about":[{"href":"https:\/\/e.kosmolat.eu\/lv\/wp-json\/wp\/v2\/types\/product"}],"wp:featuredmedia":[{"embeddable":true,"href":"https:\/\/e.kosmolat.eu\/lv\/wp-json\/wp\/v2\/media\/87478"}],"wp:attachment":[{"href":"https:\/\/e.kosmolat.eu\/lv\/wp-json\/wp\/v2\/media?parent=41341"}],"wp:term":[{"taxonomy":"product_cat","embeddable":true,"href":"https:\/\/e.kosmolat.eu\/lv\/wp-json\/wp\/v2\/product_cat?post=41341"},{"taxonomy":"product_tag","embeddable":true,"href":"https:\/\/e.kosmolat.eu\/lv\/wp-json\/wp\/v2\/product_tag?post=41341"}],"curies":[{"name":"wp","href":"https:\/\/api.w.org\/{rel}","templated":true}]}}