{"id":41337,"date":"2023-12-23T02:51:30","date_gmt":"2023-12-23T02:51:30","guid":{"rendered":"https:\/\/e.kosmolat.eu\/product\/vollare-barojoss-kermena-krems-soft-medus-250-ml\/"},"modified":"2026-04-21T11:07:18","modified_gmt":"2026-04-21T11:07:18","slug":"vollare-barojoss-kermena-krems-soft-medus-250-ml","status":"publish","type":"product","link":"https:\/\/e.kosmolat.eu\/lv\/product\/vollare-barojoss-kermena-krems-soft-medus-250-ml\/","title":{"rendered":"VOLLARE Barojo\u0161s \u0137erme\u0146a kr\u0113ms Soft Medus, 250 ml"},"content":{"rendered":"<p>Kr\u0113ms m\u012bkstina un parada \u0101du gludu, pateicoties barojo\u0161ai hohobas e\u013c\u013cai. 98% dab\u012bgu sast\u0101vda\u013cu.&nbsp;<\/p>\n<p><strong>Lieto\u0161ana: <\/strong>vienm\u0113r\u012bgi uzkl\u0101jiet kr\u0113mu uz \u0137erme\u0146a \u0101das.<br \/>\n&nbsp;<\/p>\n","protected":false},"excerpt":{"rendered":"<p>Kr\u0113ms m\u012bkstina un parada \u0101du gludu, pateicoties barojo\u0161ai hohobas e\u013c\u013cai. 98% dab\u012bgu sast\u0101vda\u013cu.&nbsp; Lieto\u0161ana: vienm\u0113r\u012bgi uzkl\u0101jiet kr\u0113mu uz \u0137erme\u0146a \u0101das. &nbsp;<\/p>\n","protected":false},"featured_media":87474,"template":"","meta":[],"product_cat":[2181],"product_tag":[],"class_list":{"0":"post-41337","1":"product","2":"type-product","3":"status-publish","4":"has-post-thumbnail","6":"product_brand-sale","7":"product_cat-bez-kategorijas-lt","9":"first","10":"outofstock","11":"taxable","12":"shipping-taxable","13":"product-type-simple"},"_links":{"self":[{"href":"https:\/\/e.kosmolat.eu\/lv\/wp-json\/wp\/v2\/product\/41337","targetHints":{"allow":["GET"]}}],"collection":[{"href":"https:\/\/e.kosmolat.eu\/lv\/wp-json\/wp\/v2\/product"}],"about":[{"href":"https:\/\/e.kosmolat.eu\/lv\/wp-json\/wp\/v2\/types\/product"}],"wp:featuredmedia":[{"embeddable":true,"href":"https:\/\/e.kosmolat.eu\/lv\/wp-json\/wp\/v2\/media\/87474"}],"wp:attachment":[{"href":"https:\/\/e.kosmolat.eu\/lv\/wp-json\/wp\/v2\/media?parent=41337"}],"wp:term":[{"taxonomy":"product_cat","embeddable":true,"href":"https:\/\/e.kosmolat.eu\/lv\/wp-json\/wp\/v2\/product_cat?post=41337"},{"taxonomy":"product_tag","embeddable":true,"href":"https:\/\/e.kosmolat.eu\/lv\/wp-json\/wp\/v2\/product_tag?post=41337"}],"curies":[{"name":"wp","href":"https:\/\/api.w.org\/{rel}","templated":true}]}}