{"id":41333,"date":"2023-12-23T02:51:12","date_gmt":"2023-12-23T02:51:12","guid":{"rendered":"https:\/\/e.kosmolat.eu\/product\/vollare-atjaunojoss-kermena-krems-soft-si-sviests-250-ml\/"},"modified":"2025-09-19T23:51:24","modified_gmt":"2025-09-19T23:51:24","slug":"vollare-atjaunojoss-kermena-krems-soft-si-sviests-250-ml","status":"publish","type":"product","link":"https:\/\/e.kosmolat.eu\/lv\/product\/vollare-atjaunojoss-kermena-krems-soft-si-sviests-250-ml\/","title":{"rendered":"VOLLARE Atjaunojo\u0161s \u0137erme\u0146a kr\u0113ms Soft \u0160\u012b sviests, 250 ml"},"content":{"rendered":"<p>Atjaunojo\u0161s un barojo\u0161s \u0137erme\u0146a kr\u0113ms ar \u0161\u012b sviestu ide\u0101li piem\u0113rots ikdienas lieto\u0161anai. 100% veg\u0101nisks produkts.<\/p>\n<p><strong>Lieto\u0161ana:<\/strong> vienm\u0113r\u012bgi uzkl\u0101jiet kr\u0113mu uz \u0137erme\u0146a \u0101das.<br \/>\n&nbsp;<\/p>\n","protected":false},"excerpt":{"rendered":"<p>Atjaunojo\u0161s un barojo\u0161s \u0137erme\u0146a kr\u0113ms ar \u0161\u012b sviestu ide\u0101li piem\u0113rots ikdienas lieto\u0161anai. 100% veg\u0101nisks produkts. Lieto\u0161ana: vienm\u0113r\u012bgi uzkl\u0101jiet kr\u0113mu uz \u0137erme\u0146a \u0101das. &nbsp;<\/p>\n","protected":false},"featured_media":87470,"template":"","meta":[],"product_cat":[1388],"product_tag":[],"class_list":{"0":"post-41333","1":"product","2":"type-product","3":"status-publish","4":"has-post-thumbnail","6":"product_brand-malina-akcija","7":"product_cat-kermena-kremi-pienini-sviesti","9":"first","10":"outofstock","11":"taxable","12":"shipping-taxable","13":"product-type-simple"},"_links":{"self":[{"href":"https:\/\/e.kosmolat.eu\/lv\/wp-json\/wp\/v2\/product\/41333","targetHints":{"allow":["GET"]}}],"collection":[{"href":"https:\/\/e.kosmolat.eu\/lv\/wp-json\/wp\/v2\/product"}],"about":[{"href":"https:\/\/e.kosmolat.eu\/lv\/wp-json\/wp\/v2\/types\/product"}],"wp:featuredmedia":[{"embeddable":true,"href":"https:\/\/e.kosmolat.eu\/lv\/wp-json\/wp\/v2\/media\/87470"}],"wp:attachment":[{"href":"https:\/\/e.kosmolat.eu\/lv\/wp-json\/wp\/v2\/media?parent=41333"}],"wp:term":[{"taxonomy":"product_cat","embeddable":true,"href":"https:\/\/e.kosmolat.eu\/lv\/wp-json\/wp\/v2\/product_cat?post=41333"},{"taxonomy":"product_tag","embeddable":true,"href":"https:\/\/e.kosmolat.eu\/lv\/wp-json\/wp\/v2\/product_tag?post=41333"}],"curies":[{"name":"wp","href":"https:\/\/api.w.org\/{rel}","templated":true}]}}