{"id":41329,"date":"2023-12-23T02:50:51","date_gmt":"2023-12-23T02:50:51","guid":{"rendered":"https:\/\/e.kosmolat.eu\/product\/vollare-mitrinoss-kermena-krems-soft-juras-alges-250-ml\/"},"modified":"2025-09-19T23:51:12","modified_gmt":"2025-09-19T23:51:12","slug":"vollare-mitrinoss-kermena-krems-soft-juras-alges-250-ml","status":"publish","type":"product","link":"https:\/\/e.kosmolat.eu\/lv\/product\/vollare-mitrinoss-kermena-krems-soft-juras-alges-250-ml\/","title":{"rendered":"VOLLARE Mitrino\u0161s \u0137erme\u0146a kr\u0113ms Soft J\u016bras a\u013c\u0123es, 250 ml"},"content":{"rendered":"<p>Kr\u0113ms uzlabo noguru\u0161as \u0101das st\u0101vokli, nodro\u0161inot t\u016bl\u012bt\u0113ju un ilgsto\u0161u mitrin\u0101\u0161anu, pateicoties za\u013co a\u013c\u0123u ekstraktam un j\u016bras \u016bdenim t\u0101 sast\u0101v\u0101. 100% veg\u0101nisks produkts.<\/p>\n<p><strong>Lieto\u0161ana: <\/strong>vienm\u0113r\u012bgi uzkl\u0101jiet kr\u0113mu uz \u0137erme\u0146a \u0101das.<br \/>\n&nbsp;<\/p>\n","protected":false},"excerpt":{"rendered":"<p>Kr\u0113ms uzlabo noguru\u0161as \u0101das st\u0101vokli, nodro\u0161inot t\u016bl\u012bt\u0113ju un ilgsto\u0161u mitrin\u0101\u0161anu, pateicoties za\u013co a\u013c\u0123u ekstraktam un j\u016bras \u016bdenim t\u0101 sast\u0101v\u0101. 100% veg\u0101nisks produkts. Lieto\u0161ana: vienm\u0113r\u012bgi uzkl\u0101jiet kr\u0113mu uz \u0137erme\u0146a \u0101das. &nbsp;<\/p>\n","protected":false},"featured_media":87466,"template":"","meta":[],"product_cat":[1388],"product_tag":[],"class_list":{"0":"post-41329","1":"product","2":"type-product","3":"status-publish","4":"has-post-thumbnail","6":"product_brand-verona_pl","7":"product_cat-kermena-kremi-pienini-sviesti","9":"first","10":"outofstock","11":"taxable","12":"shipping-taxable","13":"product-type-simple"},"_links":{"self":[{"href":"https:\/\/e.kosmolat.eu\/lv\/wp-json\/wp\/v2\/product\/41329","targetHints":{"allow":["GET"]}}],"collection":[{"href":"https:\/\/e.kosmolat.eu\/lv\/wp-json\/wp\/v2\/product"}],"about":[{"href":"https:\/\/e.kosmolat.eu\/lv\/wp-json\/wp\/v2\/types\/product"}],"wp:featuredmedia":[{"embeddable":true,"href":"https:\/\/e.kosmolat.eu\/lv\/wp-json\/wp\/v2\/media\/87466"}],"wp:attachment":[{"href":"https:\/\/e.kosmolat.eu\/lv\/wp-json\/wp\/v2\/media?parent=41329"}],"wp:term":[{"taxonomy":"product_cat","embeddable":true,"href":"https:\/\/e.kosmolat.eu\/lv\/wp-json\/wp\/v2\/product_cat?post=41329"},{"taxonomy":"product_tag","embeddable":true,"href":"https:\/\/e.kosmolat.eu\/lv\/wp-json\/wp\/v2\/product_tag?post=41329"}],"curies":[{"name":"wp","href":"https:\/\/api.w.org\/{rel}","templated":true}]}}