{"id":41321,"date":"2023-12-23T02:50:08","date_gmt":"2023-12-23T02:50:08","guid":{"rendered":"https:\/\/e.kosmolat.eu\/product\/vollare-atjaunojoss-sejas-krems-ar-rabarbera-ekstraktu-50-ml\/"},"modified":"2026-03-25T12:40:17","modified_gmt":"2026-03-25T12:40:17","slug":"vollare-atjaunojoss-sejas-krems-ar-rabarbera-ekstraktu-50-ml","status":"publish","type":"product","link":"https:\/\/e.kosmolat.eu\/lv\/product\/vollare-atjaunojoss-sejas-krems-ar-rabarbera-ekstraktu-50-ml\/","title":{"rendered":"VOLLARE Atjaunojo\u0161s sejas kr\u0113ms ar rabarbera ekstraktu, 50 ml"},"content":{"rendered":"<p>Ar rabarbera ekstraktu bag\u0101tin\u0101ts atjaunojo\u0161s kr\u0113ms pal\u0113nina \u0101das noveco\u0161an\u0101s procesus. Sejas \u0101da k\u013c\u016bst gai\u0161\u0101ka un glud\u0101ka. 100% veg\u0101nisks produkts.<\/p>\n<p><strong>Lieto\u0161ana:<\/strong> ar ap\u013cveida kust\u012bb\u0101m uzkl\u0101t kr\u0113mu uz sejas \u0101das, izvairoties no zonas ap ac\u012bm.<br \/>\n&nbsp;<\/p>\n","protected":false},"excerpt":{"rendered":"<p>Ar rabarbera ekstraktu bag\u0101tin\u0101ts atjaunojo\u0161s kr\u0113ms pal\u0113nina \u0101das noveco\u0161an\u0101s procesus. Sejas \u0101da k\u013c\u016bst gai\u0161\u0101ka un glud\u0101ka. 100% veg\u0101nisks produkts. Lieto\u0161ana: ar ap\u013cveida kust\u012bb\u0101m uzkl\u0101t kr\u0113mu uz sejas \u0101das, izvairoties no zonas ap ac\u012bm. &nbsp;<\/p>\n","protected":false},"featured_media":87458,"template":"","meta":[],"product_cat":[1320],"product_tag":[],"class_list":{"0":"post-41321","1":"product","2":"type-product","3":"status-publish","4":"has-post-thumbnail","6":"product_brand-verona_pl","7":"product_cat-sejas-kremi","9":"first","10":"outofstock","11":"taxable","12":"shipping-taxable","13":"product-type-simple"},"_links":{"self":[{"href":"https:\/\/e.kosmolat.eu\/lv\/wp-json\/wp\/v2\/product\/41321","targetHints":{"allow":["GET"]}}],"collection":[{"href":"https:\/\/e.kosmolat.eu\/lv\/wp-json\/wp\/v2\/product"}],"about":[{"href":"https:\/\/e.kosmolat.eu\/lv\/wp-json\/wp\/v2\/types\/product"}],"wp:featuredmedia":[{"embeddable":true,"href":"https:\/\/e.kosmolat.eu\/lv\/wp-json\/wp\/v2\/media\/87458"}],"wp:attachment":[{"href":"https:\/\/e.kosmolat.eu\/lv\/wp-json\/wp\/v2\/media?parent=41321"}],"wp:term":[{"taxonomy":"product_cat","embeddable":true,"href":"https:\/\/e.kosmolat.eu\/lv\/wp-json\/wp\/v2\/product_cat?post=41321"},{"taxonomy":"product_tag","embeddable":true,"href":"https:\/\/e.kosmolat.eu\/lv\/wp-json\/wp\/v2\/product_tag?post=41321"}],"curies":[{"name":"wp","href":"https:\/\/api.w.org\/{rel}","templated":true}]}}