{"id":41317,"date":"2023-12-23T02:49:49","date_gmt":"2023-12-23T02:49:49","guid":{"rendered":"https:\/\/e.kosmolat.eu\/product\/vollare-regenerejoss-sejas-krems-ar-olivellu-50-ml\/"},"modified":"2026-01-12T17:30:39","modified_gmt":"2026-01-12T17:30:39","slug":"vollare-regenerejoss-sejas-krems-ar-olivellu-50-ml","status":"publish","type":"product","link":"https:\/\/e.kosmolat.eu\/lv\/product\/vollare-regenerejoss-sejas-krems-ar-olivellu-50-ml\/","title":{"rendered":"VOLLARE Re\u0123ener\u0113jo\u0161s sejas kr\u0113ms ar ol\u012bve\u013c\u013cu, 50 ml"},"content":{"rendered":"<p>Ar ol\u012bve\u013c\u013cu bag\u0101tin\u0101t\u0101 kr\u0113ma formula nodro\u0161ina \u0101das baro\u0161anu un izl\u012bdzin\u0101\u0161anu, nov\u0113r\u0161 kairin\u0101jumu un lob\u012b\u0161anos. 100% veg\u0101nisks produkts.<\/p>\n<p><strong>Lieto\u0161ana: <\/strong>ar ap\u013cveida kust\u012bb\u0101m uzkl\u0101t kr\u0113mu uz sejas \u0101das, izvairoties no zonas ap ac\u012bm.<br \/>\n&nbsp;<\/p>\n","protected":false},"excerpt":{"rendered":"<p>Ar ol\u012bve\u013c\u013cu bag\u0101tin\u0101t\u0101 kr\u0113ma formula nodro\u0161ina \u0101das baro\u0161anu un izl\u012bdzin\u0101\u0161anu, nov\u0113r\u0161 kairin\u0101jumu un lob\u012b\u0161anos. 100% veg\u0101nisks produkts. Lieto\u0161ana: ar ap\u013cveida kust\u012bb\u0101m uzkl\u0101t kr\u0113mu uz sejas \u0101das, izvairoties no zonas ap ac\u012bm. &nbsp;<\/p>\n","protected":false},"featured_media":87454,"template":"","meta":[],"product_cat":[2181],"product_tag":[],"class_list":{"0":"post-41317","1":"product","2":"type-product","3":"status-publish","4":"has-post-thumbnail","6":"product_brand-verona_pl","7":"product_cat-bez-kategorijas-lt","9":"first","10":"outofstock","11":"taxable","12":"shipping-taxable","13":"product-type-simple"},"_links":{"self":[{"href":"https:\/\/e.kosmolat.eu\/lv\/wp-json\/wp\/v2\/product\/41317","targetHints":{"allow":["GET"]}}],"collection":[{"href":"https:\/\/e.kosmolat.eu\/lv\/wp-json\/wp\/v2\/product"}],"about":[{"href":"https:\/\/e.kosmolat.eu\/lv\/wp-json\/wp\/v2\/types\/product"}],"wp:featuredmedia":[{"embeddable":true,"href":"https:\/\/e.kosmolat.eu\/lv\/wp-json\/wp\/v2\/media\/87454"}],"wp:attachment":[{"href":"https:\/\/e.kosmolat.eu\/lv\/wp-json\/wp\/v2\/media?parent=41317"}],"wp:term":[{"taxonomy":"product_cat","embeddable":true,"href":"https:\/\/e.kosmolat.eu\/lv\/wp-json\/wp\/v2\/product_cat?post=41317"},{"taxonomy":"product_tag","embeddable":true,"href":"https:\/\/e.kosmolat.eu\/lv\/wp-json\/wp\/v2\/product_tag?post=41317"}],"curies":[{"name":"wp","href":"https:\/\/api.w.org\/{rel}","templated":true}]}}