{"id":41313,"date":"2023-12-23T02:49:27","date_gmt":"2023-12-23T02:49:27","guid":{"rendered":"https:\/\/e.kosmolat.eu\/product\/vollare-mitrinoss-sejas-krems-ar-hialuronskabi-50-ml\/"},"modified":"2025-09-19T23:50:11","modified_gmt":"2025-09-19T23:50:11","slug":"vollare-mitrinoss-sejas-krems-ar-hialuronskabi-50-ml","status":"publish","type":"product","link":"https:\/\/e.kosmolat.eu\/lv\/product\/vollare-mitrinoss-sejas-krems-ar-hialuronskabi-50-ml\/","title":{"rendered":"VOLLARE Mitrino\u0161s sejas kr\u0113ms ar hialuronsk\u0101bi, 50 ml"},"content":{"rendered":"<p>Ar hialuronsk\u0101bi bag\u0101tin\u0101t\u0101 kr\u0113ma formula padara \u0101du elast\u012bg\u0101ku un glud\u0101ku. 100% veg\u0101nisks produkts.<\/p>\n<p><strong>Lieto\u0161ana: <\/strong>ar ap\u013cveida kust\u012bb\u0101m uzkl\u0101t kr\u0113mu uz sejas \u0101das, izvairoties no zonas ap ac\u012bm.<\/p>\n","protected":false},"excerpt":{"rendered":"<p>Ar hialuronsk\u0101bi bag\u0101tin\u0101t\u0101 kr\u0113ma formula padara \u0101du elast\u012bg\u0101ku un glud\u0101ku. 100% veg\u0101nisks produkts. Lieto\u0161ana: ar ap\u013cveida kust\u012bb\u0101m uzkl\u0101t kr\u0113mu uz sejas \u0101das, izvairoties no zonas ap ac\u012bm.<\/p>\n","protected":false},"featured_media":87450,"template":"","meta":[],"product_cat":[1320],"product_tag":[],"class_list":{"0":"post-41313","1":"product","2":"type-product","3":"status-publish","4":"has-post-thumbnail","6":"product_brand-malina-akcija","7":"product_cat-sejas-kremi","9":"first","10":"outofstock","11":"taxable","12":"shipping-taxable","13":"product-type-simple"},"_links":{"self":[{"href":"https:\/\/e.kosmolat.eu\/lv\/wp-json\/wp\/v2\/product\/41313","targetHints":{"allow":["GET"]}}],"collection":[{"href":"https:\/\/e.kosmolat.eu\/lv\/wp-json\/wp\/v2\/product"}],"about":[{"href":"https:\/\/e.kosmolat.eu\/lv\/wp-json\/wp\/v2\/types\/product"}],"wp:featuredmedia":[{"embeddable":true,"href":"https:\/\/e.kosmolat.eu\/lv\/wp-json\/wp\/v2\/media\/87450"}],"wp:attachment":[{"href":"https:\/\/e.kosmolat.eu\/lv\/wp-json\/wp\/v2\/media?parent=41313"}],"wp:term":[{"taxonomy":"product_cat","embeddable":true,"href":"https:\/\/e.kosmolat.eu\/lv\/wp-json\/wp\/v2\/product_cat?post=41313"},{"taxonomy":"product_tag","embeddable":true,"href":"https:\/\/e.kosmolat.eu\/lv\/wp-json\/wp\/v2\/product_tag?post=41313"}],"curies":[{"name":"wp","href":"https:\/\/api.w.org\/{rel}","templated":true}]}}