{"id":41305,"date":"2023-12-23T02:48:45","date_gmt":"2023-12-23T02:48:45","guid":{"rendered":"https:\/\/e.kosmolat.eu\/product\/vollare-men-dzili-attir-dusas-zleja-2in1-viriesiem-250-ml\/"},"modified":"2026-04-23T12:38:34","modified_gmt":"2026-04-23T12:38:34","slug":"i_vollare-men-dzili-attir-dusas-zleja-2in1-viriesiem-250-ml","status":"publish","type":"product","link":"https:\/\/e.kosmolat.eu\/lv\/product\/i_vollare-men-dzili-attir-dusas-zleja-2in1-viriesiem-250-ml\/","title":{"rendered":"I_VOLLARE MEN Dzi\u013ci att\u012br.du\u0161as \u017eleja 2in1 v\u012brie\u0161iem, 250 ml"},"content":{"rendered":"<p>Formula 2in1 efekt\u012bvi att\u012bra \u0137ermeni un sejas \u0101du. Aizsarg\u0101 \u0101du no sausuma. R\u016bp\u012bgi atlas\u012bt\u0101s sast\u0101vda\u013cas papildu mitrina \u0101du. Piem\u0113rots visiem \u0101das tipiem.<\/p>\n<p><strong>Lieto\u0161ana:<\/strong> uzkl\u0101jiet \u017eeleju uz mitras \u0137erme\u0146a un sejas \u0101das, mas\u0113jiet l\u012bdz veidojas maig\u0101s putas, tad noskalojiet ar \u016bdeni.<br \/>\n&nbsp;<\/p>\n","protected":false},"excerpt":{"rendered":"<p>Formula 2in1 efekt\u012bvi att\u012bra \u0137ermeni un sejas \u0101du. Aizsarg\u0101 \u0101du no sausuma. R\u016bp\u012bgi atlas\u012bt\u0101s sast\u0101vda\u013cas papildu mitrina \u0101du. Piem\u0113rots visiem \u0101das tipiem. Lieto\u0161ana: uzkl\u0101jiet \u017eeleju uz mitras \u0137erme\u0146a un sejas \u0101das, mas\u0113jiet l\u012bdz veidojas maig\u0101s putas, tad noskalojiet ar \u016bdeni. &nbsp;<\/p>\n","protected":false},"featured_media":87442,"template":"","meta":[],"product_cat":[1689],"product_tag":[],"class_list":{"0":"post-41305","1":"product","2":"type-product","3":"status-publish","4":"has-post-thumbnail","6":"product_brand-sale","7":"product_cat-dusas-zelejas","9":"first","10":"instock","11":"taxable","12":"shipping-taxable","13":"product-type-simple"},"_links":{"self":[{"href":"https:\/\/e.kosmolat.eu\/lv\/wp-json\/wp\/v2\/product\/41305","targetHints":{"allow":["GET"]}}],"collection":[{"href":"https:\/\/e.kosmolat.eu\/lv\/wp-json\/wp\/v2\/product"}],"about":[{"href":"https:\/\/e.kosmolat.eu\/lv\/wp-json\/wp\/v2\/types\/product"}],"wp:featuredmedia":[{"embeddable":true,"href":"https:\/\/e.kosmolat.eu\/lv\/wp-json\/wp\/v2\/media\/87442"}],"wp:attachment":[{"href":"https:\/\/e.kosmolat.eu\/lv\/wp-json\/wp\/v2\/media?parent=41305"}],"wp:term":[{"taxonomy":"product_cat","embeddable":true,"href":"https:\/\/e.kosmolat.eu\/lv\/wp-json\/wp\/v2\/product_cat?post=41305"},{"taxonomy":"product_tag","embeddable":true,"href":"https:\/\/e.kosmolat.eu\/lv\/wp-json\/wp\/v2\/product_tag?post=41305"}],"curies":[{"name":"wp","href":"https:\/\/api.w.org\/{rel}","templated":true}]}}