{"id":41301,"date":"2023-12-23T02:48:22","date_gmt":"2023-12-23T02:48:22","guid":{"rendered":"https:\/\/e.kosmolat.eu\/product\/vollare-men-attirosa-sejas-zeleja-skrubis-viriesiem-150-ml\/"},"modified":"2025-09-19T23:49:24","modified_gmt":"2025-09-19T23:49:24","slug":"vollare-men-attirosa-sejas-zeleja-skrubis-viriesiem-150-ml","status":"publish","type":"product","link":"https:\/\/e.kosmolat.eu\/lv\/product\/vollare-men-attirosa-sejas-zeleja-skrubis-viriesiem-150-ml\/","title":{"rendered":"VOLLARE MEN Att\u012bro\u0161\u0101 sejas \u017eeleja-skrubis v\u012brie\u0161iem, 150 ml"},"content":{"rendered":"<p>Intens\u012bvi att\u012bra, efekt\u012bvi noloba atmiru\u0161\u0101s \u0101das \u0161\u016bnas, atsvaidzina un nomierina. Satur uzmundrino\u0161u api\u0146u ekstraktu, mitrino\u0161u pantenolu. L\u012bdzeklis piem\u0113rots visiem \u0101das tipiem.&nbsp;<\/p>\n<p><strong>Lieto\u0161ana:<\/strong> uzkl\u0101jiet nelielu daudzumu \u017eelejas uz mitras sejas un kakla \u0101das, iemas\u0113jiet ar ap\u013cveida kust\u012bb\u0101m, p\u0113c tam noskalojiet ar \u016bdeni.<br \/>\n&nbsp;<\/p>\n","protected":false},"excerpt":{"rendered":"<p>Intens\u012bvi att\u012bra, efekt\u012bvi noloba atmiru\u0161\u0101s \u0101das \u0161\u016bnas, atsvaidzina un nomierina. Satur uzmundrino\u0161u api\u0146u ekstraktu, mitrino\u0161u pantenolu. L\u012bdzeklis piem\u0113rots visiem \u0101das tipiem.&nbsp; Lieto\u0161ana: uzkl\u0101jiet nelielu daudzumu \u017eelejas uz mitras sejas un kakla \u0101das, iemas\u0113jiet ar ap\u013cveida kust\u012bb\u0101m, p\u0113c tam noskalojiet ar \u016bdeni. &nbsp;<\/p>\n","protected":false},"featured_media":87438,"template":"","meta":[],"product_cat":[1678],"product_tag":[],"class_list":{"0":"post-41301","1":"product","2":"type-product","3":"status-publish","4":"has-post-thumbnail","6":"product_brand-verona_pl","7":"product_cat-veido-prieziurai","9":"first","10":"outofstock","11":"taxable","12":"shipping-taxable","13":"product-type-simple"},"_links":{"self":[{"href":"https:\/\/e.kosmolat.eu\/lv\/wp-json\/wp\/v2\/product\/41301","targetHints":{"allow":["GET"]}}],"collection":[{"href":"https:\/\/e.kosmolat.eu\/lv\/wp-json\/wp\/v2\/product"}],"about":[{"href":"https:\/\/e.kosmolat.eu\/lv\/wp-json\/wp\/v2\/types\/product"}],"wp:featuredmedia":[{"embeddable":true,"href":"https:\/\/e.kosmolat.eu\/lv\/wp-json\/wp\/v2\/media\/87438"}],"wp:attachment":[{"href":"https:\/\/e.kosmolat.eu\/lv\/wp-json\/wp\/v2\/media?parent=41301"}],"wp:term":[{"taxonomy":"product_cat","embeddable":true,"href":"https:\/\/e.kosmolat.eu\/lv\/wp-json\/wp\/v2\/product_cat?post=41301"},{"taxonomy":"product_tag","embeddable":true,"href":"https:\/\/e.kosmolat.eu\/lv\/wp-json\/wp\/v2\/product_tag?post=41301"}],"curies":[{"name":"wp","href":"https:\/\/api.w.org\/{rel}","templated":true}]}}