{"id":41297,"date":"2023-12-23T02:48:01","date_gmt":"2023-12-23T02:48:01","guid":{"rendered":"https:\/\/e.kosmolat.eu\/product\/vollare-men-nomierinoss-balzams-pec-skusanas-viriesiem-200-ml\/"},"modified":"2025-09-23T12:51:19","modified_gmt":"2025-09-23T12:51:19","slug":"vollare-men-nomierinoss-balzams-pec-skusanas-viriesiem-200-ml","status":"publish","type":"product","link":"https:\/\/e.kosmolat.eu\/lv\/product\/vollare-men-nomierinoss-balzams-pec-skusanas-viriesiem-200-ml\/","title":{"rendered":"VOLLARE MEN Nomierino\u0161s balzams p\u0113c sk\u016b\u0161an\u0101s v\u012brie\u0161iem, 200 ml"},"content":{"rendered":"<p>Acumirkl\u012b nodro\u0161ina pat\u012bkamu atv\u0113sino\u0161u efektu. Varat aizmirst par \u0101das dedzin\u0101\u0161anu p\u0113c sk\u016b\u0161an\u0101s! Satur atsvaidzino\u0161o mentolu, uzmundrino\u0161o api\u0146u ekstraktu, nomierino\u0161o alvejas ekstraktu, atjaunojo\u0161o pantenolu.<\/p>\n<p><strong>Lieto\u0161ana: <\/strong>uzkl\u0101jiet l\u012bdzekli uz izsk\u016btas sejas un kakla \u0101das un \u013caujiet tam piln\u012bb\u0101 uzs\u016bkties.<br \/>\n&nbsp;<\/p>\n","protected":false},"excerpt":{"rendered":"<p>Acumirkl\u012b nodro\u0161ina pat\u012bkamu atv\u0113sino\u0161u efektu. Varat aizmirst par \u0101das dedzin\u0101\u0161anu p\u0113c sk\u016b\u0161an\u0101s! Satur atsvaidzino\u0161o mentolu, uzmundrino\u0161o api\u0146u ekstraktu, nomierino\u0161o alvejas ekstraktu, atjaunojo\u0161o pantenolu. Lieto\u0161ana: uzkl\u0101jiet l\u012bdzekli uz izsk\u016btas sejas un kakla \u0101das un \u013caujiet tam piln\u012bb\u0101 uzs\u016bkties. &nbsp;<\/p>\n","protected":false},"featured_media":87434,"template":"","meta":[],"product_cat":[1680],"product_tag":[],"class_list":{"0":"post-41297","1":"product","2":"type-product","3":"status-publish","4":"has-post-thumbnail","6":"product_brand-verona_pl","7":"product_cat-skusanas-kosmetika","9":"first","10":"outofstock","11":"taxable","12":"shipping-taxable","13":"product-type-simple"},"_links":{"self":[{"href":"https:\/\/e.kosmolat.eu\/lv\/wp-json\/wp\/v2\/product\/41297","targetHints":{"allow":["GET"]}}],"collection":[{"href":"https:\/\/e.kosmolat.eu\/lv\/wp-json\/wp\/v2\/product"}],"about":[{"href":"https:\/\/e.kosmolat.eu\/lv\/wp-json\/wp\/v2\/types\/product"}],"wp:featuredmedia":[{"embeddable":true,"href":"https:\/\/e.kosmolat.eu\/lv\/wp-json\/wp\/v2\/media\/87434"}],"wp:attachment":[{"href":"https:\/\/e.kosmolat.eu\/lv\/wp-json\/wp\/v2\/media?parent=41297"}],"wp:term":[{"taxonomy":"product_cat","embeddable":true,"href":"https:\/\/e.kosmolat.eu\/lv\/wp-json\/wp\/v2\/product_cat?post=41297"},{"taxonomy":"product_tag","embeddable":true,"href":"https:\/\/e.kosmolat.eu\/lv\/wp-json\/wp\/v2\/product_tag?post=41297"}],"curies":[{"name":"wp","href":"https:\/\/api.w.org\/{rel}","templated":true}]}}