{"id":41293,"date":"2023-12-23T02:47:40","date_gmt":"2023-12-23T02:47:40","guid":{"rendered":"https:\/\/e.kosmolat.eu\/product\/vollare-men-pretgrumbu-nakts-sejas-krems-viriesiem-50-ml\/"},"modified":"2026-04-11T18:13:49","modified_gmt":"2026-04-11T18:13:49","slug":"vollare-men-pretgrumbu-nakts-sejas-krems-viriesiem-50-ml","status":"publish","type":"product","link":"https:\/\/e.kosmolat.eu\/lv\/product\/vollare-men-pretgrumbu-nakts-sejas-krems-viriesiem-50-ml\/","title":{"rendered":"VOLLARE MEN Pretgrumbu nakts sejas kr\u0113ms v\u012brie\u0161iem, 50 ml"},"content":{"rendered":"<p>Man\u0101mi mazina grumbas un pal\u0113nina \u0101das noveco\u0161an\u0101s procesu. Satur uzmundrino\u0161o api\u0146u ekstraktu, att\u012bro\u0161o ogli un stiprino\u0161o sarkano a\u013c\u0123u ekstraktu.<\/p>\n<p><strong>Lieto\u0161ana:<\/strong> uzkl\u0101t uz t\u012bras sejas \u0101das un iemas\u0113t ar ap\u013cveida kust\u012bb\u0101m.<br \/>\n&nbsp;<\/p>\n","protected":false},"excerpt":{"rendered":"<p>Man\u0101mi mazina grumbas un pal\u0113nina \u0101das noveco\u0161an\u0101s procesu. Satur uzmundrino\u0161o api\u0146u ekstraktu, att\u012bro\u0161o ogli un stiprino\u0161o sarkano a\u013c\u0123u ekstraktu. Lieto\u0161ana: uzkl\u0101t uz t\u012bras sejas \u0101das un iemas\u0113t ar ap\u013cveida kust\u012bb\u0101m. &nbsp;<\/p>\n","protected":false},"featured_media":87430,"template":"","meta":[],"product_cat":[1676],"product_tag":[],"class_list":{"0":"post-41293","1":"product","2":"type-product","3":"status-publish","4":"has-post-thumbnail","6":"product_brand-sale","7":"product_cat-sejas-kopsanai-viriesiem","9":"first","10":"instock","11":"taxable","12":"shipping-taxable","13":"product-type-simple"},"_links":{"self":[{"href":"https:\/\/e.kosmolat.eu\/lv\/wp-json\/wp\/v2\/product\/41293","targetHints":{"allow":["GET"]}}],"collection":[{"href":"https:\/\/e.kosmolat.eu\/lv\/wp-json\/wp\/v2\/product"}],"about":[{"href":"https:\/\/e.kosmolat.eu\/lv\/wp-json\/wp\/v2\/types\/product"}],"wp:featuredmedia":[{"embeddable":true,"href":"https:\/\/e.kosmolat.eu\/lv\/wp-json\/wp\/v2\/media\/87430"}],"wp:attachment":[{"href":"https:\/\/e.kosmolat.eu\/lv\/wp-json\/wp\/v2\/media?parent=41293"}],"wp:term":[{"taxonomy":"product_cat","embeddable":true,"href":"https:\/\/e.kosmolat.eu\/lv\/wp-json\/wp\/v2\/product_cat?post=41293"},{"taxonomy":"product_tag","embeddable":true,"href":"https:\/\/e.kosmolat.eu\/lv\/wp-json\/wp\/v2\/product_tag?post=41293"}],"curies":[{"name":"wp","href":"https:\/\/api.w.org\/{rel}","templated":true}]}}