{"id":41273,"date":"2023-12-23T02:45:47","date_gmt":"2023-12-23T02:45:47","guid":{"rendered":"https:\/\/e.kosmolat.eu\/product\/vollare-mitrin-un-izlidzinoss-roku-un-nagu-krems-100-ml\/"},"modified":"2025-09-19T23:47:37","modified_gmt":"2025-09-19T23:47:37","slug":"vollare-mitrin-un-izlidzinoss-roku-un-nagu-krems-100-ml","status":"publish","type":"product","link":"https:\/\/e.kosmolat.eu\/lv\/product\/vollare-mitrin-un-izlidzinoss-roku-un-nagu-krems-100-ml\/","title":{"rendered":"VOLLARE Mitrin. un izl\u012bdzino\u0161s roku un nagu kr\u0113ms, 100 ml"},"content":{"rendered":"<p>Sausas un tvirtumu zaud\u0113ju\u0161as \u0101das ikdienas kop\u0161anai. Hialuronsk\u0101be uztur optim\u0101lu mitruma l\u012bmeni. Prote\u012bni, pateicoties savai sp\u0113jai veidot pl\u0113v\u012bti, pievelk \u0101du un padara to elast\u012bg\u0101ku. Kolag\u0113ns sniedz tvirtumu un ilgsto\u0161i baro \u0101du.<\/p>\n<p><strong>Lieto\u0161ana:<\/strong> uzkl\u0101jiet nelielu daudzumu kr\u0113ma uz t\u012bras roku \u0101das un nagiem un iemas\u0113jiet ar viegl\u0101m kust\u012bb\u0101m.<br \/>\n&nbsp;<\/p>\n","protected":false},"excerpt":{"rendered":"<p>Sausas un tvirtumu zaud\u0113ju\u0161as \u0101das ikdienas kop\u0161anai. Hialuronsk\u0101be uztur optim\u0101lu mitruma l\u012bmeni. Prote\u012bni, pateicoties savai sp\u0113jai veidot pl\u0113v\u012bti, pievelk \u0101du un padara to elast\u012bg\u0101ku. Kolag\u0113ns sniedz tvirtumu un ilgsto\u0161i baro \u0101du. Lieto\u0161ana: uzkl\u0101jiet nelielu daudzumu kr\u0113ma uz t\u012bras roku \u0101das un nagiem un iemas\u0113jiet ar viegl\u0101m kust\u012bb\u0101m. &nbsp;<\/p>\n","protected":false},"featured_media":87406,"template":"","meta":[],"product_cat":[1305],"product_tag":[],"class_list":{"0":"post-41273","1":"product","2":"type-product","3":"status-publish","4":"has-post-thumbnail","6":"product_brand-verona_pl","7":"product_cat-1305","9":"first","10":"outofstock","11":"taxable","12":"shipping-taxable","13":"product-type-simple"},"_links":{"self":[{"href":"https:\/\/e.kosmolat.eu\/lv\/wp-json\/wp\/v2\/product\/41273","targetHints":{"allow":["GET"]}}],"collection":[{"href":"https:\/\/e.kosmolat.eu\/lv\/wp-json\/wp\/v2\/product"}],"about":[{"href":"https:\/\/e.kosmolat.eu\/lv\/wp-json\/wp\/v2\/types\/product"}],"wp:featuredmedia":[{"embeddable":true,"href":"https:\/\/e.kosmolat.eu\/lv\/wp-json\/wp\/v2\/media\/87406"}],"wp:attachment":[{"href":"https:\/\/e.kosmolat.eu\/lv\/wp-json\/wp\/v2\/media?parent=41273"}],"wp:term":[{"taxonomy":"product_cat","embeddable":true,"href":"https:\/\/e.kosmolat.eu\/lv\/wp-json\/wp\/v2\/product_cat?post=41273"},{"taxonomy":"product_tag","embeddable":true,"href":"https:\/\/e.kosmolat.eu\/lv\/wp-json\/wp\/v2\/product_tag?post=41273"}],"curies":[{"name":"wp","href":"https:\/\/api.w.org\/{rel}","templated":true}]}}