{"id":41269,"date":"2023-12-23T02:45:21","date_gmt":"2023-12-23T02:45:21","guid":{"rendered":"https:\/\/e.kosmolat.eu\/product\/vollare-sejas-maska-maksimala-atjaunosana-2-x-5-ml\/"},"modified":"2025-09-19T23:47:22","modified_gmt":"2025-09-19T23:47:22","slug":"vollare-sejas-maska-maksimala-atjaunosana-2-x-5-ml","status":"publish","type":"product","link":"https:\/\/e.kosmolat.eu\/lv\/product\/vollare-sejas-maska-maksimala-atjaunosana-2-x-5-ml\/","title":{"rendered":"VOLLARE Sejas maska Maksim\u0101la atjauno\u0161ana, 2 x 5 ml"},"content":{"rendered":"<p>Dzi\u013ci atjauno \u0101du un nov\u0113r\u0161 sausumu, ko izraisa p\u0101rm\u0113r\u012bgs mitruma zudums. Keram\u012bdi un barojo\u0161as dab\u012bg\u0101s e\u013c\u013cas maskas sast\u0101v\u0101 mitrina un kondicion\u0113 \u0101du, vienlaikus aizsarg\u0101jot to no negat\u012bviem vides faktoriem. L\u012bdzeklis paredz\u0113ts jebkura tipa nobriedu\u0161ai \u0101dai.<\/p>\n<p><strong>Lieto\u0161ana:<\/strong> uzkl\u0101jiet biezu maskas k\u0101rtu uz t\u012bras sejas, kakla un dekolt\u0113 zonas \u0101das, izvairoties no zonas ap ac\u012bm un l\u016bp\u0101m. Atst\u0101jiet uz 10-15 min\u016bt\u0113m. Maskas paliekas iemas\u0113jiet \u0101d\u0101 vai not\u012briet ar vates disku. P\u0113c maskas uzkl\u0101jiet savam \u0101das tipam piem\u0113rotu kr\u0113mu.<br \/>\n&nbsp;<\/p>\n","protected":false},"excerpt":{"rendered":"<p>Dzi\u013ci atjauno \u0101du un nov\u0113r\u0161 sausumu, ko izraisa p\u0101rm\u0113r\u012bgs mitruma zudums. Keram\u012bdi un barojo\u0161as dab\u012bg\u0101s e\u013c\u013cas maskas sast\u0101v\u0101 mitrina un kondicion\u0113 \u0101du, vienlaikus aizsarg\u0101jot to no negat\u012bviem vides faktoriem. L\u012bdzeklis paredz\u0113ts jebkura tipa nobriedu\u0161ai \u0101dai. Lieto\u0161ana: uzkl\u0101jiet biezu maskas k\u0101rtu uz t\u012bras sejas, kakla un dekolt\u0113 zonas \u0101das, izvairoties no zonas ap ac\u012bm un l\u016bp\u0101m. [&#8230;]\n","protected":false},"featured_media":87402,"template":"","meta":[],"product_cat":[1369],"product_tag":[],"class_list":{"0":"post-41269","1":"product","2":"type-product","3":"status-publish","4":"has-post-thumbnail","6":"product_brand-malina-akcija","7":"product_cat-veido-kaukes","9":"first","10":"outofstock","11":"taxable","12":"shipping-taxable","13":"product-type-simple"},"_links":{"self":[{"href":"https:\/\/e.kosmolat.eu\/lv\/wp-json\/wp\/v2\/product\/41269","targetHints":{"allow":["GET"]}}],"collection":[{"href":"https:\/\/e.kosmolat.eu\/lv\/wp-json\/wp\/v2\/product"}],"about":[{"href":"https:\/\/e.kosmolat.eu\/lv\/wp-json\/wp\/v2\/types\/product"}],"wp:featuredmedia":[{"embeddable":true,"href":"https:\/\/e.kosmolat.eu\/lv\/wp-json\/wp\/v2\/media\/87402"}],"wp:attachment":[{"href":"https:\/\/e.kosmolat.eu\/lv\/wp-json\/wp\/v2\/media?parent=41269"}],"wp:term":[{"taxonomy":"product_cat","embeddable":true,"href":"https:\/\/e.kosmolat.eu\/lv\/wp-json\/wp\/v2\/product_cat?post=41269"},{"taxonomy":"product_tag","embeddable":true,"href":"https:\/\/e.kosmolat.eu\/lv\/wp-json\/wp\/v2\/product_tag?post=41269"}],"curies":[{"name":"wp","href":"https:\/\/api.w.org\/{rel}","templated":true}]}}