{"id":41265,"date":"2023-12-23T02:44:56","date_gmt":"2023-12-23T02:44:56","guid":{"rendered":"https:\/\/e.kosmolat.eu\/product\/vollare-sejas-maska-ideals-gludums-2-x-5-ml\/"},"modified":"2025-09-19T23:47:04","modified_gmt":"2025-09-19T23:47:04","slug":"vollare-sejas-maska-ideals-gludums-2-x-5-ml","status":"publish","type":"product","link":"https:\/\/e.kosmolat.eu\/lv\/product\/vollare-sejas-maska-ideals-gludums-2-x-5-ml\/","title":{"rendered":"VOLLARE Sejas maska Ide\u0101ls gludums, 2 x 5 ml"},"content":{"rendered":"<p>Acumirkl\u012b padara \u0101du elast\u012bgu, atjauno un sniedz komforta saj\u016btu. Arg\u0101ne\u013c\u013cai, 24 kar\u0101tu zeltam un sarkano a\u013c\u0123u ekstraktam piem\u012bt sp\u0113c\u012bga antioksidanta iedarb\u012bba, pateicoties to pretnoveco\u0161an\u0101s \u012bpa\u0161\u012bb\u0101m. Sejas \u0101da k\u013c\u016bst elast\u012bga, mitrin\u0101ta un mirdzo\u0161a.<br \/>\n&nbsp;<br \/>\n<strong>Lieto\u0161ana: <\/strong>uzkl\u0101jiet biezu maskas k\u0101rtu uz t\u012bras sejas, kakla un dekolt\u0113 zonas \u0101das, izvairoties no zonas ap ac\u012bm un l\u016bp\u0101m. Atst\u0101jiet uz 10-15 min\u016bt\u0113m. Maskas paliekas iemas\u0113jiet \u0101d\u0101 vai not\u012briet ar vates disku. P\u0113c maskas uzkl\u0101jiet savam \u0101das tipam piem\u0113rotu kr\u0113mu.<br \/>\n&nbsp;<\/p>\n","protected":false},"excerpt":{"rendered":"<p>Acumirkl\u012b padara \u0101du elast\u012bgu, atjauno un sniedz komforta saj\u016btu. Arg\u0101ne\u013c\u013cai, 24 kar\u0101tu zeltam un sarkano a\u013c\u0123u ekstraktam piem\u012bt sp\u0113c\u012bga antioksidanta iedarb\u012bba, pateicoties to pretnoveco\u0161an\u0101s \u012bpa\u0161\u012bb\u0101m. Sejas \u0101da k\u013c\u016bst elast\u012bga, mitrin\u0101ta un mirdzo\u0161a. &nbsp; Lieto\u0161ana: uzkl\u0101jiet biezu maskas k\u0101rtu uz t\u012bras sejas, kakla un dekolt\u0113 zonas \u0101das, izvairoties no zonas ap ac\u012bm un l\u016bp\u0101m. Atst\u0101jiet uz [&#8230;]\n","protected":false},"featured_media":87398,"template":"","meta":[],"product_cat":[1369],"product_tag":[],"class_list":{"0":"post-41265","1":"product","2":"type-product","3":"status-publish","4":"has-post-thumbnail","6":"product_brand-malina-akcija","7":"product_cat-veido-kaukes","9":"first","10":"outofstock","11":"taxable","12":"shipping-taxable","13":"product-type-simple"},"_links":{"self":[{"href":"https:\/\/e.kosmolat.eu\/lv\/wp-json\/wp\/v2\/product\/41265","targetHints":{"allow":["GET"]}}],"collection":[{"href":"https:\/\/e.kosmolat.eu\/lv\/wp-json\/wp\/v2\/product"}],"about":[{"href":"https:\/\/e.kosmolat.eu\/lv\/wp-json\/wp\/v2\/types\/product"}],"wp:featuredmedia":[{"embeddable":true,"href":"https:\/\/e.kosmolat.eu\/lv\/wp-json\/wp\/v2\/media\/87398"}],"wp:attachment":[{"href":"https:\/\/e.kosmolat.eu\/lv\/wp-json\/wp\/v2\/media?parent=41265"}],"wp:term":[{"taxonomy":"product_cat","embeddable":true,"href":"https:\/\/e.kosmolat.eu\/lv\/wp-json\/wp\/v2\/product_cat?post=41265"},{"taxonomy":"product_tag","embeddable":true,"href":"https:\/\/e.kosmolat.eu\/lv\/wp-json\/wp\/v2\/product_tag?post=41265"}],"curies":[{"name":"wp","href":"https:\/\/api.w.org\/{rel}","templated":true}]}}