{"id":41261,"date":"2023-12-23T02:44:26","date_gmt":"2023-12-23T02:44:26","guid":{"rendered":"https:\/\/e.kosmolat.eu\/product\/vollare-sejas-maska-momentana-tvirtuma-atjaunos-2-x-5-ml\/"},"modified":"2025-09-19T23:46:50","modified_gmt":"2025-09-19T23:46:50","slug":"vollare-sejas-maska-momentana-tvirtuma-atjaunos-2-x-5-ml","status":"publish","type":"product","link":"https:\/\/e.kosmolat.eu\/lv\/product\/vollare-sejas-maska-momentana-tvirtuma-atjaunos-2-x-5-ml\/","title":{"rendered":"VOLLARE Sejas maska Moment\u0101na tvirtuma atjauno\u0161., 2 x 5 ml"},"content":{"rendered":"<p>Izl\u012bdzina un intens\u012bvi mitrina \u0101du, sniedzot p\u0101rsteidzo\u0161u \u0101das atjaunin\u0101\u0161anas efektu. Pateicoties tara koka ekstraktam, miner\u0101lviel\u0101m un pept\u012bdiem maskas sast\u0101v\u0101, tiek nodro\u0161in\u0101ta kopjo\u0161a iedarb\u012bba, kas \u013cauj \u0101dai atg\u016bt jaunekl\u012bgo mirdzumu. L\u012bdzeklis paredz\u0113ts jebkura tipa nobriedu\u0161ai \u0101dai.<\/p>\n<p><strong>Lieto\u0161ana:<\/strong> uzkl\u0101jiet biezu maskas k\u0101rtu uz t\u012bras sejas, kakla un dekolt\u0113 zonas \u0101das, izvairoties no zonas ap ac\u012bm un l\u016bp\u0101m. Atst\u0101jiet uz 10-15 min\u016bt\u0113m. Maskas paliekas iemas\u0113jiet \u0101d\u0101 vai not\u012briet ar vates disku. P\u0113c maskas uzkl\u0101jiet savam \u0101das tipam piem\u0113rotu kr\u0113mu.<br \/>\n&nbsp;<\/p>\n","protected":false},"excerpt":{"rendered":"<p>Izl\u012bdzina un intens\u012bvi mitrina \u0101du, sniedzot p\u0101rsteidzo\u0161u \u0101das atjaunin\u0101\u0161anas efektu. Pateicoties tara koka ekstraktam, miner\u0101lviel\u0101m un pept\u012bdiem maskas sast\u0101v\u0101, tiek nodro\u0161in\u0101ta kopjo\u0161a iedarb\u012bba, kas \u013cauj \u0101dai atg\u016bt jaunekl\u012bgo mirdzumu. L\u012bdzeklis paredz\u0113ts jebkura tipa nobriedu\u0161ai \u0101dai. Lieto\u0161ana: uzkl\u0101jiet biezu maskas k\u0101rtu uz t\u012bras sejas, kakla un dekolt\u0113 zonas \u0101das, izvairoties no zonas ap ac\u012bm un l\u016bp\u0101m. [&#8230;]\n","protected":false},"featured_media":87394,"template":"","meta":[],"product_cat":[1369],"product_tag":[],"class_list":{"0":"post-41261","1":"product","2":"type-product","3":"status-publish","4":"has-post-thumbnail","6":"product_brand-malina-akcija","7":"product_cat-veido-kaukes","9":"first","10":"outofstock","11":"taxable","12":"shipping-taxable","13":"product-type-simple"},"_links":{"self":[{"href":"https:\/\/e.kosmolat.eu\/lv\/wp-json\/wp\/v2\/product\/41261","targetHints":{"allow":["GET"]}}],"collection":[{"href":"https:\/\/e.kosmolat.eu\/lv\/wp-json\/wp\/v2\/product"}],"about":[{"href":"https:\/\/e.kosmolat.eu\/lv\/wp-json\/wp\/v2\/types\/product"}],"wp:featuredmedia":[{"embeddable":true,"href":"https:\/\/e.kosmolat.eu\/lv\/wp-json\/wp\/v2\/media\/87394"}],"wp:attachment":[{"href":"https:\/\/e.kosmolat.eu\/lv\/wp-json\/wp\/v2\/media?parent=41261"}],"wp:term":[{"taxonomy":"product_cat","embeddable":true,"href":"https:\/\/e.kosmolat.eu\/lv\/wp-json\/wp\/v2\/product_cat?post=41261"},{"taxonomy":"product_tag","embeddable":true,"href":"https:\/\/e.kosmolat.eu\/lv\/wp-json\/wp\/v2\/product_tag?post=41261"}],"curies":[{"name":"wp","href":"https:\/\/api.w.org\/{rel}","templated":true}]}}