{"id":41257,"date":"2023-12-23T02:44:08","date_gmt":"2023-12-23T02:44:08","guid":{"rendered":"https:\/\/e.kosmolat.eu\/product\/vollare-age-creator-stiprin-pretgrumbu-kr-50-lifting-creator-50-ml\/"},"modified":"2025-09-19T23:46:07","modified_gmt":"2025-09-19T23:46:07","slug":"vollare-age-creator-stiprin-pretgrumbu-kr-50-lifting-creator-50-ml","status":"publish","type":"product","link":"https:\/\/e.kosmolat.eu\/lv\/product\/vollare-age-creator-stiprin-pretgrumbu-kr-50-lifting-creator-50-ml\/","title":{"rendered":"VOLLARE Age Creator Stiprin.pretgrumbu kr. 50+ Lifting Creator, 50 ml"},"content":{"rendered":"<p>Dienas un nakts pretgrumbu liftinga sejas kr\u0113ms paredz\u0113ts ikdienas \u0101das kop\u0161anai sieviet\u0113m vecum\u0101 p\u0113c 50 gadiem neatkar\u012bgi no \u0101das tipa. Kr\u0113ms samazina grumbas un atdz\u012bvina \u0101du. Izl\u012bdzina \u0101das toni, sniedz mirdzumu un vienlaikus aizsarg\u0101 pret br\u012bvo radik\u0101\u013cu kait\u012bgo ietekmi.<\/p>\n<ul>\n<li>SNAP-8 ir pept\u012bds, kas neitraliz\u0113 past\u0101v\u012bgu \u0101das sasprindzin\u0101jumu, samazina grumbu par\u0101d\u012b\u0161anos.<\/li>\n<li>Hialuronsk\u0101be intens\u012bvi mitrina un izl\u012bdzina \u0101du, k\u0101 ar\u012b palielina elast\u012bbu un nodro\u0161ina ilgsto\u0161u liftinga efektu.<\/li>\n<li>E vitam\u012bns &ndash; paz\u012bstams ar\u012b k\u0101 jaun\u012bbas vitam\u012bns, pateicoties savai sp\u0113jai uztur\u0113t \u0101das jaun\u012bbu &ndash; efekt\u012bvi aizsarg\u0101 \u0101du no br\u012bvo radik\u0101\u013cu kait\u012bg\u0101s ietekmes.&nbsp;<\/li>\n<\/ul>\n<p><strong>Lieto\u0161ana:<\/strong> uzkl\u0101jiet kr\u0113mu uz att\u012br\u012btas sejas, kakla un dekolt\u0113 zonas \u0101das no r\u012bta un vakar\u0101.<br \/>\n&nbsp;<\/p>\n","protected":false},"excerpt":{"rendered":"<p>Dienas un nakts pretgrumbu liftinga sejas kr\u0113ms paredz\u0113ts ikdienas \u0101das kop\u0161anai sieviet\u0113m vecum\u0101 p\u0113c 50 gadiem neatkar\u012bgi no \u0101das tipa. Kr\u0113ms samazina grumbas un atdz\u012bvina \u0101du. Izl\u012bdzina \u0101das toni, sniedz mirdzumu un vienlaikus aizsarg\u0101 pret br\u012bvo radik\u0101\u013cu kait\u012bgo ietekmi. SNAP-8 ir pept\u012bds, kas neitraliz\u0113 past\u0101v\u012bgu \u0101das sasprindzin\u0101jumu, samazina grumbu par\u0101d\u012b\u0161anos. Hialuronsk\u0101be intens\u012bvi mitrina un izl\u012bdzina [&#8230;]\n","protected":false},"featured_media":87382,"template":"","meta":[],"product_cat":[1320],"product_tag":[],"class_list":{"0":"post-41257","1":"product","2":"type-product","3":"status-publish","4":"has-post-thumbnail","6":"product_brand-verona_pl","7":"product_cat-sejas-kremi","9":"first","10":"outofstock","11":"taxable","12":"shipping-taxable","13":"product-type-simple"},"_links":{"self":[{"href":"https:\/\/e.kosmolat.eu\/lv\/wp-json\/wp\/v2\/product\/41257","targetHints":{"allow":["GET"]}}],"collection":[{"href":"https:\/\/e.kosmolat.eu\/lv\/wp-json\/wp\/v2\/product"}],"about":[{"href":"https:\/\/e.kosmolat.eu\/lv\/wp-json\/wp\/v2\/types\/product"}],"wp:featuredmedia":[{"embeddable":true,"href":"https:\/\/e.kosmolat.eu\/lv\/wp-json\/wp\/v2\/media\/87382"}],"wp:attachment":[{"href":"https:\/\/e.kosmolat.eu\/lv\/wp-json\/wp\/v2\/media?parent=41257"}],"wp:term":[{"taxonomy":"product_cat","embeddable":true,"href":"https:\/\/e.kosmolat.eu\/lv\/wp-json\/wp\/v2\/product_cat?post=41257"},{"taxonomy":"product_tag","embeddable":true,"href":"https:\/\/e.kosmolat.eu\/lv\/wp-json\/wp\/v2\/product_tag?post=41257"}],"curies":[{"name":"wp","href":"https:\/\/api.w.org\/{rel}","templated":true}]}}