{"id":41201,"date":"2023-12-23T02:40:15","date_gmt":"2023-12-23T02:40:15","guid":{"rendered":"https:\/\/e.kosmolat.eu\/product\/cl-stiprin-samp-visiem-matu-tipiem-natre-390-ml\/"},"modified":"2025-09-19T23:41:39","modified_gmt":"2025-09-19T23:41:39","slug":"cl-stiprin-samp-visiem-matu-tipiem-natre-390-ml","status":"publish","type":"product","link":"https:\/\/e.kosmolat.eu\/lv\/product\/cl-stiprin-samp-visiem-matu-tipiem-natre-390-ml\/","title":{"rendered":"CL Stiprin.\u0161amp. visiem matu tipiem N\u0101tre, 390 ml"},"content":{"rendered":"<p>Jaun\u0101 formula ar Nature Plus esenci no 5 ekstraktiem un e\u013c\u013c\u0101m (verbenas ekstrakts, salvijas ekstrakts, me\u017eroz\u012b\u0161u ekstrakts, mande\u013cu un linu e\u013c\u013ca). Akt\u012bvas dab\u012bgas sast\u0101vda\u013cas kav\u0113 matu izkri\u0161anu, baro un aizsarg\u0101 matus pret boj\u0101jumiem. N\u0101tre stiprina matu saknes un stimul\u0113 to aug\u0161anu. 97% dab\u012bgas izcelsmes sast\u0101vda\u013cu.<\/p>\n<p><strong>Lieto\u0161ana:<\/strong> nelielu daudzumu uzkl\u0101t uz mitriem matiem, saputot, nomazg\u0101t ar \u016bdeni. Ja iek\u013c\u016bst ac\u012bs, r\u016bp\u012bgi izskalot ar \u016bdeni.<\/p>\n<p>Uzglab\u0101t temperat\u016br\u0101 no +5 &deg;\u0421 l\u012bdz +25 &deg;\u0421.<\/p>\n","protected":false},"excerpt":{"rendered":"<p>Jaun\u0101 formula ar Nature Plus esenci no 5 ekstraktiem un e\u013c\u013c\u0101m (verbenas ekstrakts, salvijas ekstrakts, me\u017eroz\u012b\u0161u ekstrakts, mande\u013cu un linu e\u013c\u013ca). Akt\u012bvas dab\u012bgas sast\u0101vda\u013cas kav\u0113 matu izkri\u0161anu, baro un aizsarg\u0101 matus pret boj\u0101jumiem. N\u0101tre stiprina matu saknes un stimul\u0113 to aug\u0161anu. 97% dab\u012bgas izcelsmes sast\u0101vda\u013cu. Lieto\u0161ana: nelielu daudzumu uzkl\u0101t uz mitriem matiem, saputot, nomazg\u0101t ar [&#8230;]\n","protected":false},"featured_media":87302,"template":"","meta":[],"product_cat":[1248],"product_tag":[],"class_list":{"0":"post-41201","1":"product","2":"type-product","3":"status-publish","4":"has-post-thumbnail","6":"product_brand-unilever-ua","7":"product_cat-sampuni","9":"first","10":"outofstock","11":"taxable","12":"shipping-taxable","13":"product-type-simple"},"_links":{"self":[{"href":"https:\/\/e.kosmolat.eu\/lv\/wp-json\/wp\/v2\/product\/41201","targetHints":{"allow":["GET"]}}],"collection":[{"href":"https:\/\/e.kosmolat.eu\/lv\/wp-json\/wp\/v2\/product"}],"about":[{"href":"https:\/\/e.kosmolat.eu\/lv\/wp-json\/wp\/v2\/types\/product"}],"wp:featuredmedia":[{"embeddable":true,"href":"https:\/\/e.kosmolat.eu\/lv\/wp-json\/wp\/v2\/media\/87302"}],"wp:attachment":[{"href":"https:\/\/e.kosmolat.eu\/lv\/wp-json\/wp\/v2\/media?parent=41201"}],"wp:term":[{"taxonomy":"product_cat","embeddable":true,"href":"https:\/\/e.kosmolat.eu\/lv\/wp-json\/wp\/v2\/product_cat?post=41201"},{"taxonomy":"product_tag","embeddable":true,"href":"https:\/\/e.kosmolat.eu\/lv\/wp-json\/wp\/v2\/product_tag?post=41201"}],"curies":[{"name":"wp","href":"https:\/\/api.w.org\/{rel}","templated":true}]}}