{"id":41149,"date":"2023-12-23T02:36:57","date_gmt":"2023-12-23T02:36:57","guid":{"rendered":"https:\/\/e.kosmolat.eu\/product\/multi-action-zobu-birste-32-perles-936-c\/"},"modified":"2026-03-27T10:51:41","modified_gmt":"2026-03-27T10:51:41","slug":"multi-action-zobu-birste-32-perles-936-c","status":"publish","type":"product","link":"https:\/\/e.kosmolat.eu\/lv\/product\/multi-action-zobu-birste-32-perles-936-c\/","title":{"rendered":"Multi Action Zobu birste 32 p\u0113rles, 936 C"},"content":{"rendered":"<p>Augstas kvalit\u0101tes vid\u0113jas ciet\u012bbas sari\u0146i ar noapa\u013cotiem galiem un gumijas ielikt\u0146iem zobu birstes galvi\u0146as s\u0101nos nodro\u0161ina gr\u016bti aizsniedzamu mutes dobuma vietu vieglu att\u012br\u012b\u0161anu no aplikuma.<br \/>\nGumijas ielikt\u0146i birstes roktur\u012b ne\u013cauj birstei sl\u012bd\u0113t rok\u0101 lieto\u0161anas laik\u0101.&nbsp;<\/p>\n<p>Pirms lieto\u0161anas noskalojiet jaunu zobu birsti silt\u0101 \u016bden\u012b.<\/p>\n<p>Uzglab\u0101jiet birsti vertik\u0101l\u0101 st\u0101vokl\u012b ar galvi\u0146u uz aug\u0161u.<\/p>\n<p>Der\u012bguma termi\u0146\u0161: 5 gadi.<br \/>\n&nbsp;<\/p>\n","protected":false},"excerpt":{"rendered":"<p>Augstas kvalit\u0101tes vid\u0113jas ciet\u012bbas sari\u0146i ar noapa\u013cotiem galiem un gumijas ielikt\u0146iem zobu birstes galvi\u0146as s\u0101nos nodro\u0161ina gr\u016bti aizsniedzamu mutes dobuma vietu vieglu att\u012br\u012b\u0161anu no aplikuma. Gumijas ielikt\u0146i birstes roktur\u012b ne\u013cauj birstei sl\u012bd\u0113t rok\u0101 lieto\u0161anas laik\u0101.&nbsp; Pirms lieto\u0161anas noskalojiet jaunu zobu birsti silt\u0101 \u016bden\u012b. Uzglab\u0101jiet birsti vertik\u0101l\u0101 st\u0101vokl\u012b ar galvi\u0146u uz aug\u0161u. Der\u012bguma termi\u0146\u0161: 5 gadi. [&#8230;]\n","protected":false},"featured_media":99449,"template":"","meta":[],"product_cat":[1999],"product_tag":[],"class_list":{"0":"post-41149","1":"product","2":"type-product","3":"status-publish","4":"has-post-thumbnail","6":"product_brand-modum_by","7":"product_cat-bez-kategorijas","9":"first","10":"instock","11":"taxable","12":"shipping-taxable","13":"product-type-simple"},"_links":{"self":[{"href":"https:\/\/e.kosmolat.eu\/lv\/wp-json\/wp\/v2\/product\/41149","targetHints":{"allow":["GET"]}}],"collection":[{"href":"https:\/\/e.kosmolat.eu\/lv\/wp-json\/wp\/v2\/product"}],"about":[{"href":"https:\/\/e.kosmolat.eu\/lv\/wp-json\/wp\/v2\/types\/product"}],"wp:featuredmedia":[{"embeddable":true,"href":"https:\/\/e.kosmolat.eu\/lv\/wp-json\/wp\/v2\/media\/99449"}],"wp:attachment":[{"href":"https:\/\/e.kosmolat.eu\/lv\/wp-json\/wp\/v2\/media?parent=41149"}],"wp:term":[{"taxonomy":"product_cat","embeddable":true,"href":"https:\/\/e.kosmolat.eu\/lv\/wp-json\/wp\/v2\/product_cat?post=41149"},{"taxonomy":"product_tag","embeddable":true,"href":"https:\/\/e.kosmolat.eu\/lv\/wp-json\/wp\/v2\/product_tag?post=41149"}],"curies":[{"name":"wp","href":"https:\/\/api.w.org\/{rel}","templated":true}]}}