{"id":41109,"date":"2023-12-23T02:32:32","date_gmt":"2023-12-23T02:32:32","guid":{"rendered":"https:\/\/e.kosmolat.eu\/product\/ld-green-care-sej-maska-3min-sos-mitrin-ar-alvejas-zel-75-g\/"},"modified":"2025-05-16T08:18:35","modified_gmt":"2025-05-16T08:18:35","slug":"ld-green-care-sej-maska-3min-sos-mitrin-ar-alvejas-zel-75-g","status":"publish","type":"product","link":"https:\/\/e.kosmolat.eu\/lv\/product\/ld-green-care-sej-maska-3min-sos-mitrin-ar-alvejas-zel-75-g\/","title":{"rendered":"LD Green Care Sej.maska 3min SOS-mitrin.ar alvejas \u017eel., 75 g"},"content":{"rendered":"<p>Maska nodro\u0161ina dzi\u013cu mitrin\u0101\u0161anu un sniedz p\u0101rsteidzo\u0161u mirdzo\u0161as \u0101das efektu, baro \u0101du, stiprina t\u0101s aizsargfunkcijas, sniedz komforta un piln\u012bb\u0101 mitrin\u0101tas \u0101das saj\u016btu.<\/p>\n<ul>\n<li>Alvejas \u017eeleja ir bag\u0101ta ar vitam\u012bniem A, C, E, B, fermentiem, aminosk\u0101b\u0113m un daudz\u0101m miner\u0101lviel\u0101m un mikroelementiem, kas nodro\u0161ina \u017eelejas komplekso antioksidantu, mitrino\u0161u un &nbsp;nomierino\u0161u iedarb\u012bbu uz \u0101du.<\/li>\n<li>Hydrovance&trade; dab\u012bgais mitrino\u0161ais komplekss nodro\u0161ina \u0101das mitrin\u0101\u0161anu, pateicoties sp\u0113jai iek\u013c\u016bt pat epidermas dzi\u013c\u0101kajos sl\u0101\u0146os. Nodro\u0161ina jut\u012bgas \u0101das aizsardz\u012bbu, uzlabojot t\u0101s tonusu un elast\u012bbu.<\/li>\n<li>Bioecolia&reg; prebiotika veicina vesel\u012bga \u0101das mikrobioma l\u012bdzsvara atjauno\u0161anu un saglab\u0101\u0161anu, mazina kairin\u0101juma risku.<\/li>\n<li>Fucogel 1% (polisahar\u012bds uz fruktozes b\u0101zes) nomierina kairin\u0101tu un \u012bpa\u0161i jut\u012bgu \u0101du, acumirkl\u012b d\u0101v\u0101jot komforta saj\u016btu. Nov\u0113r\u0161 priek\u0161laic\u012bgu noveco\u0161anos, stimul\u0113jot &quot;jaun\u012bbas prote\u012bnus&quot;.<\/li>\n<\/ul>\n<p><strong>Lieto\u0161ana: <\/strong>masku bag\u0101t\u012bgi uzkl\u0101t uz sejas \u0101das, p\u0113c trim min\u016bt\u0113m not\u012br\u012bt maskas paliekas ar salveti. Lietot vakaros 1-2 reizes ned\u0113\u013c\u0101 p\u0113c \u0101das att\u012br\u012b\u0161anas.<\/p>\n<p>Uzglab\u0101t temperat\u016br\u0101 no 0 &ordm;C l\u012bdz +25 &ordm;C.<\/p>\n<p><strong>Der\u012bguma termi\u0146\u0161: <\/strong>30 m\u0113ne\u0161i.<br \/>\n&nbsp;<\/p>\n","protected":false},"excerpt":{"rendered":"<p>Maska nodro\u0161ina dzi\u013cu mitrin\u0101\u0161anu un sniedz p\u0101rsteidzo\u0161u mirdzo\u0161as \u0101das efektu, baro \u0101du, stiprina t\u0101s aizsargfunkcijas, sniedz komforta un piln\u012bb\u0101 mitrin\u0101tas \u0101das saj\u016btu. Alvejas \u017eeleja ir bag\u0101ta ar vitam\u012bniem A, C, E, B, fermentiem, aminosk\u0101b\u0113m un daudz\u0101m miner\u0101lviel\u0101m un mikroelementiem, kas nodro\u0161ina \u017eelejas komplekso antioksidantu, mitrino\u0161u un &nbsp;nomierino\u0161u iedarb\u012bbu uz \u0101du. Hydrovance&trade; dab\u012bgais mitrino\u0161ais komplekss nodro\u0161ina [&#8230;]\n","protected":false},"featured_media":10164,"template":"","meta":[],"product_cat":[1369],"product_tag":[],"class_list":{"0":"post-41109","1":"product","2":"type-product","3":"status-publish","4":"has-post-thumbnail","6":"product_brand-belgates_by","7":"product_cat-veido-kaukes","9":"first","10":"outofstock","11":"taxable","12":"shipping-taxable","13":"product-type-simple"},"_links":{"self":[{"href":"https:\/\/e.kosmolat.eu\/lv\/wp-json\/wp\/v2\/product\/41109","targetHints":{"allow":["GET"]}}],"collection":[{"href":"https:\/\/e.kosmolat.eu\/lv\/wp-json\/wp\/v2\/product"}],"about":[{"href":"https:\/\/e.kosmolat.eu\/lv\/wp-json\/wp\/v2\/types\/product"}],"wp:featuredmedia":[{"embeddable":true,"href":"https:\/\/e.kosmolat.eu\/lv\/wp-json\/wp\/v2\/media\/10164"}],"wp:attachment":[{"href":"https:\/\/e.kosmolat.eu\/lv\/wp-json\/wp\/v2\/media?parent=41109"}],"wp:term":[{"taxonomy":"product_cat","embeddable":true,"href":"https:\/\/e.kosmolat.eu\/lv\/wp-json\/wp\/v2\/product_cat?post=41109"},{"taxonomy":"product_tag","embeddable":true,"href":"https:\/\/e.kosmolat.eu\/lv\/wp-json\/wp\/v2\/product_tag?post=41109"}],"curies":[{"name":"wp","href":"https:\/\/api.w.org\/{rel}","templated":true}]}}