{"id":41089,"date":"2023-12-23T02:30:19","date_gmt":"2023-12-23T02:30:19","guid":{"rendered":"https:\/\/e.kosmolat.eu\/product\/ld-superfood-dusas-zel-tomats-un-biete-250-ml\/"},"modified":"2025-03-24T06:34:22","modified_gmt":"2025-03-24T06:34:22","slug":"ld-superfood-dusas-zel-tomats-un-biete-250-ml","status":"publish","type":"product","link":"https:\/\/e.kosmolat.eu\/lv\/product\/ld-superfood-dusas-zel-tomats-un-biete-250-ml\/","title":{"rendered":"!LD Superfood Du\u0161as \u017eel. Tom\u0101ts un biete, 250 ml"},"content":{"rendered":"<p>Maig\u0101 du\u0161as \u017eeleja ar neparasto arom\u0101tu acumirkl\u012b p\u0101rv\u0113r\u0161as bag\u0101t\u012bg\u0101s put\u0101s un saudz\u012bgi att\u012bra \u0101du. Satur BeauPlex VH &ndash; unik\u0101lu vitam\u012bnu kompleksu, kas ietver E, B3, B5, B6 vitam\u012bnus un stabilo C vitam\u012bna formu. Atjauno, mitrina, re\u0123ener\u0113, baro un nodro\u0161ina antioksidanta iedarb\u012bbu, pal\u012bdz saglab\u0101t \u0101das jaun\u012bbu un vesel\u012bbu.&nbsp;<\/p>\n<p>Sorbitols m\u012bkstina, mitrina un nomierina \u0101du, notur mitrumu \u0101das aug\u0161\u0113jos sl\u0101\u0146os.<\/p>\n<p>Ori\u0123in\u0101lais arom\u0101ts ar tom\u0101tu un bie\u0161u not\u012bm d\u0101v\u0101 jaunas emocijas un lielisku noska\u0146ojumu.&nbsp;<\/p>\n<p><strong>Lieto\u0161ana:<\/strong> uzkl\u0101t du\u0161as \u017eeleju uz mitras \u0137erme\u0146a \u0101das vai s\u016bk\u013ca, saputot, maigi pamas\u0113jot \u0101du, noskalot ar \u016bdeni.&nbsp;<\/p>\n<p>Uzglab\u0101t temperat\u016br\u0101 no 0 &deg;C l\u012bdz +25 &deg;C.<\/p>\n<p><strong>Der\u012bguma termi\u0146\u0161: <\/strong>30 m\u0113ne\u0161i.<br \/>\n&nbsp;<\/p>\n","protected":false},"excerpt":{"rendered":"<p>Maig\u0101 du\u0161as \u017eeleja ar neparasto arom\u0101tu acumirkl\u012b p\u0101rv\u0113r\u0161as bag\u0101t\u012bg\u0101s put\u0101s un saudz\u012bgi att\u012bra \u0101du. Satur BeauPlex VH &ndash; unik\u0101lu vitam\u012bnu kompleksu, kas ietver E, B3, B5, B6 vitam\u012bnus un stabilo C vitam\u012bna formu. Atjauno, mitrina, re\u0123ener\u0113, baro un nodro\u0161ina antioksidanta iedarb\u012bbu, pal\u012bdz saglab\u0101t \u0101das jaun\u012bbu un vesel\u012bbu.&nbsp; Sorbitols m\u012bkstina, mitrina un nomierina \u0101du, notur mitrumu [&#8230;]\n","protected":false},"featured_media":10140,"template":"","meta":[],"product_cat":[1280],"product_tag":[],"class_list":{"0":"post-41089","1":"product","2":"type-product","3":"status-publish","4":"has-post-thumbnail","6":"product_brand-belgates_by","7":"product_cat-dusas-zelejas-un-dusas-ellas","9":"first","10":"outofstock","11":"taxable","12":"shipping-taxable","13":"product-type-simple"},"_links":{"self":[{"href":"https:\/\/e.kosmolat.eu\/lv\/wp-json\/wp\/v2\/product\/41089","targetHints":{"allow":["GET"]}}],"collection":[{"href":"https:\/\/e.kosmolat.eu\/lv\/wp-json\/wp\/v2\/product"}],"about":[{"href":"https:\/\/e.kosmolat.eu\/lv\/wp-json\/wp\/v2\/types\/product"}],"wp:featuredmedia":[{"embeddable":true,"href":"https:\/\/e.kosmolat.eu\/lv\/wp-json\/wp\/v2\/media\/10140"}],"wp:attachment":[{"href":"https:\/\/e.kosmolat.eu\/lv\/wp-json\/wp\/v2\/media?parent=41089"}],"wp:term":[{"taxonomy":"product_cat","embeddable":true,"href":"https:\/\/e.kosmolat.eu\/lv\/wp-json\/wp\/v2\/product_cat?post=41089"},{"taxonomy":"product_tag","embeddable":true,"href":"https:\/\/e.kosmolat.eu\/lv\/wp-json\/wp\/v2\/product_tag?post=41089"}],"curies":[{"name":"wp","href":"https:\/\/api.w.org\/{rel}","templated":true}]}}