{"id":41037,"date":"2023-12-23T02:23:43","date_gmt":"2023-12-23T02:23:43","guid":{"rendered":"https:\/\/e.kosmolat.eu\/product\/claire-mb-attir-sejas-kremzeleja-saus-jut-adai-150-ml\/"},"modified":"2025-05-06T05:10:34","modified_gmt":"2025-05-06T05:10:34","slug":"claire-mb-attir-sejas-kremzeleja-saus-jut-adai-150-ml","status":"publish","type":"product","link":"https:\/\/e.kosmolat.eu\/lv\/product\/claire-mb-attir-sejas-kremzeleja-saus-jut-adai-150-ml\/","title":{"rendered":"Claire MB Att\u012br.sejas kr\u0113m\u017eeleja saus.jut.\u0101dai, 150 ml"},"content":{"rendered":"<p>Aizmirstiet par sausumu, savilkuma saj\u016btu un zv\u012b\u0146o\u0161anos. L\u012bdzeklis ir ide\u0101li piem\u0113rots sausai un jut\u012bgai \u0101dai. Pateicoties akt\u012bvaj\u0101m sast\u0101vda\u013c\u0101m un vieglai kr\u0113mveida tekst\u016brai, kr\u0113m\u017eeleja maigi un saudz\u012bgi no\u0146em net\u012brumus un padara \u0101du samtainu.<\/p>\n<ul>\n<li>Unik\u0101l\u0101 divu prebiotiku kombin\u0101cija 2 PREBIO kompleks\u0101 atjauno \u0101das dabisko mikrobiomu, nodro\u0161ina labv\u0113l\u012bgu vidi labo probiotiku att\u012bst\u012bbai un aug\u0161anai, t\u0101d\u0113j\u0101di kav\u0113jot patog\u0113no bakt\u0113riju aug\u0161anu. Rezult\u0101ts ir skaista un vesel\u012bga \u0101da.&nbsp;<\/li>\n<li>Niacinam\u012bds atjauno \u0101das barjerfunkciju, aktiviz\u0113 kolag\u0113na un elast\u012bna izstr\u0101di. P\u0113c mazg\u0101\u0161anas \u0101da izskat\u0101s t\u012bra, mitrin\u0101ta un kopta.<\/li>\n<\/ul>\n<p><strong>Lieto\u0161ana: <\/strong>saputojiet nelielu l\u012bdzek\u013ca daudzumu plaukst\u0101s un ar mas\u0113jo\u0161\u0101m kust\u012bb\u0101m uzkl\u0101jiet uz mitras sejas un kakla \u0101das. R\u016bp\u012bgi noskalojiet ar \u016bdeni. P\u0113c att\u012br\u012b\u0161anas ieteicams lietot Microbiome Balance l\u012bdzsvarojo\u0161o toniku.<\/p>\n<p>Uzglab\u0101t temperat\u016br\u0101 no +5 &deg;C l\u012bdz +25 &deg;C.<br \/>\n&nbsp;<\/p>\n","protected":false},"excerpt":{"rendered":"<p>Aizmirstiet par sausumu, savilkuma saj\u016btu un zv\u012b\u0146o\u0161anos. L\u012bdzeklis ir ide\u0101li piem\u0113rots sausai un jut\u012bgai \u0101dai. Pateicoties akt\u012bvaj\u0101m sast\u0101vda\u013c\u0101m un vieglai kr\u0113mveida tekst\u016brai, kr\u0113m\u017eeleja maigi un saudz\u012bgi no\u0146em net\u012brumus un padara \u0101du samtainu. Unik\u0101l\u0101 divu prebiotiku kombin\u0101cija 2 PREBIO kompleks\u0101 atjauno \u0101das dabisko mikrobiomu, nodro\u0161ina labv\u0113l\u012bgu vidi labo probiotiku att\u012bst\u012bbai un aug\u0161anai, t\u0101d\u0113j\u0101di kav\u0113jot patog\u0113no bakt\u0113riju [&#8230;]\n","protected":false},"featured_media":10036,"template":"","meta":[],"product_cat":[1577],"product_tag":[],"class_list":{"0":"post-41037","1":"product","2":"type-product","3":"status-publish","4":"has-post-thumbnail","6":"product_brand-dilis-kosmetik_by","7":"product_cat-gelis","9":"first","10":"outofstock","11":"taxable","12":"shipping-taxable","13":"product-type-simple"},"_links":{"self":[{"href":"https:\/\/e.kosmolat.eu\/lv\/wp-json\/wp\/v2\/product\/41037","targetHints":{"allow":["GET"]}}],"collection":[{"href":"https:\/\/e.kosmolat.eu\/lv\/wp-json\/wp\/v2\/product"}],"about":[{"href":"https:\/\/e.kosmolat.eu\/lv\/wp-json\/wp\/v2\/types\/product"}],"wp:featuredmedia":[{"embeddable":true,"href":"https:\/\/e.kosmolat.eu\/lv\/wp-json\/wp\/v2\/media\/10036"}],"wp:attachment":[{"href":"https:\/\/e.kosmolat.eu\/lv\/wp-json\/wp\/v2\/media?parent=41037"}],"wp:term":[{"taxonomy":"product_cat","embeddable":true,"href":"https:\/\/e.kosmolat.eu\/lv\/wp-json\/wp\/v2\/product_cat?post=41037"},{"taxonomy":"product_tag","embeddable":true,"href":"https:\/\/e.kosmolat.eu\/lv\/wp-json\/wp\/v2\/product_tag?post=41037"}],"curies":[{"name":"wp","href":"https:\/\/api.w.org\/{rel}","templated":true}]}}