{"id":41005,"date":"2023-12-23T02:20:21","date_gmt":"2023-12-23T02:20:21","guid":{"rendered":"https:\/\/e.kosmolat.eu\/product\/dilis-parfim-udens-viriesiem-cold-fougere-75-ml\/"},"modified":"2025-09-02T14:16:34","modified_gmt":"2025-09-02T14:16:34","slug":"dilis-parfim-udens-viriesiem-cold-fougere-75-ml","status":"publish","type":"product","link":"https:\/\/e.kosmolat.eu\/lv\/product\/dilis-parfim-udens-viriesiem-cold-fougere-75-ml\/","title":{"rendered":"Dilis Parfim. \u016bdens v\u012brie\u0161iem Cold Fougere, 75 ml"},"content":{"rendered":"","protected":false},"excerpt":{"rendered":"","protected":false},"featured_media":0,"template":"","meta":[],"product_cat":[1438],"product_tag":[],"class_list":{"0":"post-41005","1":"product","2":"type-product","3":"status-publish","5":"product_brand-dilis-kosmetik_by","6":"product_cat-kvepalai-ir-tualetinis-vanduo-vyrams","8":"first","9":"instock","10":"taxable","11":"shipping-taxable","12":"product-type-simple"},"_links":{"self":[{"href":"https:\/\/e.kosmolat.eu\/lv\/wp-json\/wp\/v2\/product\/41005","targetHints":{"allow":["GET"]}}],"collection":[{"href":"https:\/\/e.kosmolat.eu\/lv\/wp-json\/wp\/v2\/product"}],"about":[{"href":"https:\/\/e.kosmolat.eu\/lv\/wp-json\/wp\/v2\/types\/product"}],"wp:attachment":[{"href":"https:\/\/e.kosmolat.eu\/lv\/wp-json\/wp\/v2\/media?parent=41005"}],"wp:term":[{"taxonomy":"product_cat","embeddable":true,"href":"https:\/\/e.kosmolat.eu\/lv\/wp-json\/wp\/v2\/product_cat?post=41005"},{"taxonomy":"product_tag","embeddable":true,"href":"https:\/\/e.kosmolat.eu\/lv\/wp-json\/wp\/v2\/product_tag?post=41005"}],"curies":[{"name":"wp","href":"https:\/\/api.w.org\/{rel}","templated":true}]}}