{"id":41001,"date":"2023-12-23T02:20:00","date_gmt":"2023-12-23T02:20:00","guid":{"rendered":"https:\/\/e.kosmolat.eu\/product\/dilis-parfim-udens-sievietem-for-her-80-%d0%bce\/"},"modified":"2026-04-15T08:35:41","modified_gmt":"2026-04-15T08:35:41","slug":"dilis-parfim-udens-sievietem-for-her-80-%d0%bce","status":"publish","type":"product","link":"https:\/\/e.kosmolat.eu\/lv\/product\/dilis-parfim-udens-sievietem-for-her-80-%d0%bce\/","title":{"rendered":"Dilis Parfim. \u016bdens sieviet\u0113m For Her, 80 \u043c\u0117"},"content":{"rendered":"<p>Uzglab\u0101t temperat\u016br\u0101 no +5 &deg;C l\u012bdz +25 &deg;C, sarg\u0101jot no tie\u0161iem saules stariem un siltuma avotiem.&nbsp;<\/p>\n<p><strong>Piesardz\u012bbas pas\u0101kumi: <\/strong>tikai \u0101r\u012bgai lieto\u0161anai. Izvair\u012bties no iek\u013c\u016b\u0161anas ac\u012bs. Neizsmidzin\u0101t atkl\u0101tas liesmas tuvum\u0101. Produkta lieto\u0161ana iek\u0161\u0137\u012bgi ir b\u012bstama dz\u012bv\u012bbai un vesel\u012bbai.<\/p>\n<p>Etilspirta tilpuma da\u013ca 80% tilp.<br \/>\n&nbsp;<\/p>\n","protected":false},"excerpt":{"rendered":"<p>Uzglab\u0101t temperat\u016br\u0101 no +5 &deg;C l\u012bdz +25 &deg;C, sarg\u0101jot no tie\u0161iem saules stariem un siltuma avotiem.&nbsp; Piesardz\u012bbas pas\u0101kumi: tikai \u0101r\u012bgai lieto\u0161anai. Izvair\u012bties no iek\u013c\u016b\u0161anas ac\u012bs. Neizsmidzin\u0101t atkl\u0101tas liesmas tuvum\u0101. Produkta lieto\u0161ana iek\u0161\u0137\u012bgi ir b\u012bstama dz\u012bv\u012bbai un vesel\u012bbai. Etilspirta tilpuma da\u013ca 80% tilp. &nbsp;<\/p>\n","protected":false},"featured_media":98575,"template":"","meta":[],"product_cat":[1445],"product_tag":[],"class_list":{"0":"post-41001","1":"product","2":"type-product","3":"status-publish","4":"has-post-thumbnail","6":"product_brand-dilis-kosmetik_by","7":"product_cat-sieviesu-smarzas-un-tualetes-udeni","9":"first","10":"outofstock","11":"taxable","12":"shipping-taxable","13":"product-type-simple"},"_links":{"self":[{"href":"https:\/\/e.kosmolat.eu\/lv\/wp-json\/wp\/v2\/product\/41001","targetHints":{"allow":["GET"]}}],"collection":[{"href":"https:\/\/e.kosmolat.eu\/lv\/wp-json\/wp\/v2\/product"}],"about":[{"href":"https:\/\/e.kosmolat.eu\/lv\/wp-json\/wp\/v2\/types\/product"}],"wp:featuredmedia":[{"embeddable":true,"href":"https:\/\/e.kosmolat.eu\/lv\/wp-json\/wp\/v2\/media\/98575"}],"wp:attachment":[{"href":"https:\/\/e.kosmolat.eu\/lv\/wp-json\/wp\/v2\/media?parent=41001"}],"wp:term":[{"taxonomy":"product_cat","embeddable":true,"href":"https:\/\/e.kosmolat.eu\/lv\/wp-json\/wp\/v2\/product_cat?post=41001"},{"taxonomy":"product_tag","embeddable":true,"href":"https:\/\/e.kosmolat.eu\/lv\/wp-json\/wp\/v2\/product_tag?post=41001"}],"curies":[{"name":"wp","href":"https:\/\/api.w.org\/{rel}","templated":true}]}}