{"id":40985,"date":"2023-12-23T02:18:19","date_gmt":"2023-12-23T02:18:19","guid":{"rendered":"https:\/\/e.kosmolat.eu\/product\/dilis-nc-smarzu-ekstrakts-be-bad-50-ml\/"},"modified":"2026-02-18T06:37:47","modified_gmt":"2026-02-18T06:37:47","slug":"dilis-nc-smarzu-ekstrakts-be-bad-50-ml","status":"publish","type":"product","link":"https:\/\/e.kosmolat.eu\/lv\/product\/dilis-nc-smarzu-ekstrakts-be-bad-50-ml\/","title":{"rendered":"Dilis NC Smar\u017eu ekstrakts Be Bad, 50 ml"},"content":{"rendered":"<p><strong>Aug\u0161\u0113j\u0101s notis:<\/strong> osmants, narcise<br \/>\n<strong>Sirds notis: <\/strong>tuberoze, roze, jasm\u012bns<br \/>\n<strong>Pamata notis: <\/strong>pa\u010d\u016blija, ambra, baltais muskuss, pralin\u0113<\/p>\n<p>Uzglab\u0101t temperat\u016br\u0101 no +5 &deg;C l\u012bdz +25 &deg;C, sarg\u0101jot no tie\u0161iem saules stariem un siltuma avotiem.&nbsp;<\/p>\n<p><strong>Piesardz\u012bbas pas\u0101kumi:<\/strong> tikai \u0101r\u012bgai lieto\u0161anai. Izvair\u012bties no iek\u013c\u016b\u0161anas ac\u012bs. Neizsmidzin\u0101t atkl\u0101tas liesmas tuvum\u0101. Produkta lieto\u0161ana iek\u0161\u0137\u012bgi ir b\u012bstama dz\u012bv\u012bbai un vesel\u012bbai.<\/p>\n<p>Etilspirta tilpuma da\u013ca 80% tilp.<br \/>\n&nbsp;<\/p>\n","protected":false},"excerpt":{"rendered":"<p>Aug\u0161\u0113j\u0101s notis: osmants, narcise Sirds notis: tuberoze, roze, jasm\u012bns Pamata notis: pa\u010d\u016blija, ambra, baltais muskuss, pralin\u0113 Uzglab\u0101t temperat\u016br\u0101 no +5 &deg;C l\u012bdz +25 &deg;C, sarg\u0101jot no tie\u0161iem saules stariem un siltuma avotiem.&nbsp; Piesardz\u012bbas pas\u0101kumi: tikai \u0101r\u012bgai lieto\u0161anai. Izvair\u012bties no iek\u013c\u016b\u0161anas ac\u012bs. Neizsmidzin\u0101t atkl\u0101tas liesmas tuvum\u0101. Produkta lieto\u0161ana iek\u0161\u0137\u012bgi ir b\u012bstama dz\u012bv\u012bbai un vesel\u012bbai. Etilspirta tilpuma [&#8230;]\n","protected":false},"featured_media":101398,"template":"","meta":[],"product_cat":[1445],"product_tag":[],"class_list":{"0":"post-40985","1":"product","2":"type-product","3":"status-publish","4":"has-post-thumbnail","6":"product_brand-dilis-kosmetik_by","7":"product_cat-sieviesu-smarzas-un-tualetes-udeni","9":"first","10":"outofstock","11":"taxable","12":"shipping-taxable","13":"product-type-simple"},"_links":{"self":[{"href":"https:\/\/e.kosmolat.eu\/lv\/wp-json\/wp\/v2\/product\/40985","targetHints":{"allow":["GET"]}}],"collection":[{"href":"https:\/\/e.kosmolat.eu\/lv\/wp-json\/wp\/v2\/product"}],"about":[{"href":"https:\/\/e.kosmolat.eu\/lv\/wp-json\/wp\/v2\/types\/product"}],"wp:featuredmedia":[{"embeddable":true,"href":"https:\/\/e.kosmolat.eu\/lv\/wp-json\/wp\/v2\/media\/101398"}],"wp:attachment":[{"href":"https:\/\/e.kosmolat.eu\/lv\/wp-json\/wp\/v2\/media?parent=40985"}],"wp:term":[{"taxonomy":"product_cat","embeddable":true,"href":"https:\/\/e.kosmolat.eu\/lv\/wp-json\/wp\/v2\/product_cat?post=40985"},{"taxonomy":"product_tag","embeddable":true,"href":"https:\/\/e.kosmolat.eu\/lv\/wp-json\/wp\/v2\/product_tag?post=40985"}],"curies":[{"name":"wp","href":"https:\/\/api.w.org\/{rel}","templated":true}]}}