{"id":40981,"date":"2023-12-23T02:17:17","date_gmt":"2023-12-23T02:17:17","guid":{"rendered":"https:\/\/e.kosmolat.eu\/product\/nature-dusas-zeleja-piparmetra-un-gurkis-300-ml\/"},"modified":"2025-07-23T07:33:13","modified_gmt":"2025-07-23T07:33:13","slug":"nature-dusas-zeleja-piparmetra-un-gurkis-300-ml","status":"publish","type":"product","link":"https:\/\/e.kosmolat.eu\/lv\/product\/nature-dusas-zeleja-piparmetra-un-gurkis-300-ml\/","title":{"rendered":"Nature Du\u0161as \u017eeleja Piparm\u0113tra un gur\u0137is, 300 ml"},"content":{"rendered":"<p>Du\u0161as \u017eelejas formula ir bag\u0101tin\u0101ta ar gur\u0137u un piparm\u0113tru ekstraktiem, kas m\u012bkstina, nomierina, atsvaidzina un mitrina \u0101du. L\u012bdzeklis ar p\u0101rsteidzo\u0161i pat\u012bkamu tekst\u016bru viegli p\u0101rtop gais\u012bg\u0101s put\u0101s, nodro\u0161inot maigu un r\u016bp\u012bgu att\u012br\u012b\u0161anu. Regul\u0101ri lietojot, \u0101da k\u013c\u016bst svaig\u0101ka, elast\u012bg\u0101ka un tvirt\u0101ka. \u012asts vitam\u012bnu kokteilis \u0101das skaistumam un vesel\u012bbai.<\/p>\n<p><strong>Lieto\u0161ana: <\/strong>ar mas\u0113jo\u0161\u0101m kust\u012bb\u0101m uzkl\u0101t uz \u0101das, noskalot ar \u016bdeni.<\/p>\n<p><strong>Piesardz\u012bbas pas\u0101kumi: <\/strong>tikai \u0101r\u012bgai lieto\u0161anai. Uzglab\u0101t b\u0113rniem un m\u0101jdz\u012bvniekiem nepieejam\u0101 viet\u0101, temperat\u016br\u0101 no +5 &deg;\u0421 l\u012bdz +25 &deg;\u0421.<\/p>\n<p><strong>Der\u012bguma termi\u0146\u0161: <\/strong>30 m\u0113ne\u0161i.<br \/>\n&nbsp;<\/p>\n","protected":false},"excerpt":{"rendered":"<p>Du\u0161as \u017eelejas formula ir bag\u0101tin\u0101ta ar gur\u0137u un piparm\u0113tru ekstraktiem, kas m\u012bkstina, nomierina, atsvaidzina un mitrina \u0101du. L\u012bdzeklis ar p\u0101rsteidzo\u0161i pat\u012bkamu tekst\u016bru viegli p\u0101rtop gais\u012bg\u0101s put\u0101s, nodro\u0161inot maigu un r\u016bp\u012bgu att\u012br\u012b\u0161anu. Regul\u0101ri lietojot, \u0101da k\u013c\u016bst svaig\u0101ka, elast\u012bg\u0101ka un tvirt\u0101ka. \u012asts vitam\u012bnu kokteilis \u0101das skaistumam un vesel\u012bbai. Lieto\u0161ana: ar mas\u0113jo\u0161\u0101m kust\u012bb\u0101m uzkl\u0101t uz \u0101das, noskalot ar [&#8230;]\n","protected":false},"featured_media":11805,"template":"","meta":[],"product_cat":[1280],"product_tag":[],"class_list":{"0":"post-40981","1":"product","2":"type-product","3":"status-publish","4":"has-post-thumbnail","6":"product_brand-bioton_ua","7":"product_cat-dusas-zelejas-un-dusas-ellas","9":"first","10":"outofstock","11":"taxable","12":"shipping-taxable","13":"product-type-simple"},"_links":{"self":[{"href":"https:\/\/e.kosmolat.eu\/lv\/wp-json\/wp\/v2\/product\/40981","targetHints":{"allow":["GET"]}}],"collection":[{"href":"https:\/\/e.kosmolat.eu\/lv\/wp-json\/wp\/v2\/product"}],"about":[{"href":"https:\/\/e.kosmolat.eu\/lv\/wp-json\/wp\/v2\/types\/product"}],"wp:featuredmedia":[{"embeddable":true,"href":"https:\/\/e.kosmolat.eu\/lv\/wp-json\/wp\/v2\/media\/11805"}],"wp:attachment":[{"href":"https:\/\/e.kosmolat.eu\/lv\/wp-json\/wp\/v2\/media?parent=40981"}],"wp:term":[{"taxonomy":"product_cat","embeddable":true,"href":"https:\/\/e.kosmolat.eu\/lv\/wp-json\/wp\/v2\/product_cat?post=40981"},{"taxonomy":"product_tag","embeddable":true,"href":"https:\/\/e.kosmolat.eu\/lv\/wp-json\/wp\/v2\/product_tag?post=40981"}],"curies":[{"name":"wp","href":"https:\/\/api.w.org\/{rel}","templated":true}]}}