{"id":40961,"date":"2023-12-23T02:15:30","date_gmt":"2023-12-23T02:15:30","guid":{"rendered":"https:\/\/e.kosmolat.eu\/product\/tresemme-keratin-smooth-matu-maska-440-ml\/"},"modified":"2026-03-23T13:07:49","modified_gmt":"2026-03-23T13:07:49","slug":"tresemme-keratin-smooth-matu-maska-440-ml","status":"publish","type":"product","link":"https:\/\/e.kosmolat.eu\/lv\/product\/tresemme-keratin-smooth-matu-maska-440-ml\/","title":{"rendered":"Tresemme Keratin Smooth matu maska, 440 ml"},"content":{"rendered":"<p>Uzlabots matu l\u012bdzeklis ar marulas e\u013c\u013cu samazina matu p\u016bko&scaron;anos l\u012bdz 72 stund\u0101m, aizsarg\u0101jot no mitruma, padarot matus gludus un sp\u012bd\u012bgus.<\/p>\n<p><strong>Lieto&scaron;ana:<\/strong> uzkl\u0101jiet uz izmazg\u0101tiem, mitriem matiem, atst\u0101jiet uz 3-5 min\u016bt\u0113m, izskalojiet. Lietojiet vienu vai vair\u0101kas reizes ned\u0113\u013c\u0101. Izvair\u012bties no saskares ar ac\u012bm. Var izrais\u012bt kairin\u0101jumu. Ja nok\u013c\u016bst ac\u012bs, r\u016bp\u012bgi izskalot ar \u016bdeni.<\/p>\n<p>Uzglab\u0101t temperat\u016br\u0101 no +5 &deg;\u0421 l\u012bdz +25&deg;\u0421.<br \/>\n&nbsp;<\/p>\n","protected":false},"excerpt":{"rendered":"<p>Uzlabots matu l\u012bdzeklis ar marulas e\u013c\u013cu samazina matu p\u016bko&scaron;anos l\u012bdz 72 stund\u0101m, aizsarg\u0101jot no mitruma, padarot matus gludus un sp\u012bd\u012bgus. Lieto&scaron;ana: uzkl\u0101jiet uz izmazg\u0101tiem, mitriem matiem, atst\u0101jiet uz 3-5 min\u016bt\u0113m, izskalojiet. Lietojiet vienu vai vair\u0101kas reizes ned\u0113\u013c\u0101. Izvair\u012bties no saskares ar ac\u012bm. Var izrais\u012bt kairin\u0101jumu. Ja nok\u013c\u016bst ac\u012bs, r\u016bp\u012bgi izskalot ar \u016bdeni. Uzglab\u0101t temperat\u016br\u0101 no [&#8230;]\n","protected":false},"featured_media":98339,"template":"","meta":[],"product_cat":[1638],"product_tag":[],"class_list":{"0":"post-40961","1":"product","2":"type-product","3":"status-publish","4":"has-post-thumbnail","6":"product_brand-unilever-ua","7":"product_cat-balzami","9":"first","10":"outofstock","11":"taxable","12":"shipping-taxable","13":"product-type-simple"},"_links":{"self":[{"href":"https:\/\/e.kosmolat.eu\/lv\/wp-json\/wp\/v2\/product\/40961","targetHints":{"allow":["GET"]}}],"collection":[{"href":"https:\/\/e.kosmolat.eu\/lv\/wp-json\/wp\/v2\/product"}],"about":[{"href":"https:\/\/e.kosmolat.eu\/lv\/wp-json\/wp\/v2\/types\/product"}],"wp:featuredmedia":[{"embeddable":true,"href":"https:\/\/e.kosmolat.eu\/lv\/wp-json\/wp\/v2\/media\/98339"}],"wp:attachment":[{"href":"https:\/\/e.kosmolat.eu\/lv\/wp-json\/wp\/v2\/media?parent=40961"}],"wp:term":[{"taxonomy":"product_cat","embeddable":true,"href":"https:\/\/e.kosmolat.eu\/lv\/wp-json\/wp\/v2\/product_cat?post=40961"},{"taxonomy":"product_tag","embeddable":true,"href":"https:\/\/e.kosmolat.eu\/lv\/wp-json\/wp\/v2\/product_tag?post=40961"}],"curies":[{"name":"wp","href":"https:\/\/api.w.org\/{rel}","templated":true}]}}