{"id":40945,"date":"2023-12-23T02:13:27","date_gmt":"2023-12-23T02:13:27","guid":{"rendered":"https:\/\/e.kosmolat.eu\/product\/family-ideal-tir-pulveris-abols-500-g\/"},"modified":"2025-08-26T07:00:56","modified_gmt":"2025-08-26T07:00:56","slug":"family-ideal-tir-pulveris-abols-500-g","status":"publish","type":"product","link":"https:\/\/e.kosmolat.eu\/lv\/product\/family-ideal-tir-pulveris-abols-500-g\/","title":{"rendered":"Family Ideal T\u012br.pulveris \u0100bols, 500 g"},"content":{"rendered":"<p>Efekt\u012bvs un univers\u0101ls l\u012bdzeklis ar pat\u012bkamu \u0101bolu arom\u0101tu da\u017e\u0101du virsmu t\u012br\u012b\u0161anai virtuv\u0113 un vannas istab\u0101. Viegli no\u0146em taukus un net\u012brumus no fl\u012bz\u0113m, ka\u013c\u0137akmens nos\u0113dumus no tualetes podu un izliet\u0146u virsm\u0101m, pie\u0161\u0137irot smalku \u0101bolu arom\u0101tu un sniegbaltu t\u012br\u012bbu, pateicoties akt\u012bvaj\u0101m sast\u0101vda\u013c\u0101m, neboj\u0101jot virsmu.<\/p>\n<p><strong>Lieto\u0161ana: <\/strong>uzkl\u0101jiet nelielu produkta daudzumu uz s\u016bk\u013ca vai tie\u0161i uz iepriek\u0161 samitrin\u0101tas net\u012br\u0101s virsmas, noslaukiet un noskalojiet ar \u016bdeni. T\u012br\u012b\u0161anas laik\u0101 izmantojiet gumijas cimdus.<\/p>\n<p>Uzglab\u0101t saus\u0101 telp\u0101 temperat\u016br\u0101 no +5 &deg;\u0421 l\u012bdz +25 &deg;\u0421.<\/p>\n<p><strong>Der\u012bguma termi\u0146\u0161:<\/strong> 24 m\u0113ne\u0161i<\/p>\n<p><strong>Sast\u0101v\u0101: <\/strong>maz\u0101k 5% anjonu virsmakt\u012bvo vielu. Smar\u017eas un arom\u0101tisk\u0101s vielas.<\/p>\n<p>&nbsp;<\/p>\n<p><strong><img decoding=\"async\" alt=\"\" src=\"data:image\/png;base64,iVBORw0KGgoAAAANSUhEUgAAADgAAAA6CAYAAAGSSaqDAAAAAXNSR0IArs4c6QAAAARnQU1BAACxjwv8YQUAAAAJcEhZcwAAFxEAABcRAcom8z8AAA6NSURBVFhHxVkLcFTlFV4VKyAkJCFP8tpkd\/MmL0gAURGLj4FSKVOtTotF7dgntthhwFqRaseOj+roiDjWMi1qW6e1o7YDiChqpbajtQK7997dTUKAECCQhLyT3c3pOee\/\/+7d3Zt9hDD9Mpt7\/+f5z\/nPfx7\/tYAB\/oBffxMINgbGx\/npXlzJT0KwcXSgFyyXWmAcO3n0DhYqnD+4nwsb79\/IjQRvc6UYqVjncoURSmlWaNr2Vdfqb9hQPo+fYQs688RW0Bodeo2h0QxhjWIpIQQbtQYb+PA5JooMblTLc7iQV1TIo+UMFqUoTX8FyMzP1d9wgYEAWM4+97heDKHv43385GlbVy7nQu\/58+AfH8F5xcTBBan69HIDCGGsRMK8EQe7m8rAvahCr4hG2EB\/YByU2mK9FIK3qRrXGdBLAjzQj+tzObJg7EQrVxIuu3IG5BUX6iUBT3MVjKNoCJYuFI9WHd5BYtqsmfpbCOff\/iNo1gxBcRz\/Ou5bj6qRF9yOVV9dDdlF+aKAGO45Dao1PSi9KOG0LmuEo+vW6iUxj2rC94RSdZVksmTHI4QiYT4Qce713zILEyFqIHUdHugBrbYEPE0OqSlRiB4YGAN3ZRG\/t1y\/ANq+fjO\/RyJqoFpXEjy2RM6DlI9951ZRNiBsoLsxJAza\/JW3rGY+1ZIM6Hr2Ma6XCA70NIXrJQ18+pmn9RKAE21F35uv6SV9oAeVOVLsdDyNoNWrRXNg6PODXLa4F1fxSyRyiwr0txACOLnsb8EDAdqSCjDf5hD82KEFT4kEL5Vk6FkcqiQYlxoAP6jNZXpJICgcGuzGwZLye++\/p7\/hihbY9bcQwraDBnmba3gSQsDvw4NtDZaNCBso4V4kBqsVwvCZwXQgwb2oCkZPtemlaEw4MB6SGkg67O\/uBHdzBWg1hSyToF4niIQI0qQB\/xDuigO0CuGxWm5sBnVJNbTdsHhC+ZkhJkE\/WlCazFNnA291qag0gNpaltaCtmg+HL11ZVylJZgSlGJSqwrwZKPRwXciLnHo8CEYGh7i9\/FxP7drJVl8Njsf3RyTY1OCWhkOXlgGIx3t6ELDh8+Yk8LnNLe4ABZfvVSvFaAlqfZsPCgV0P3KC7gYUW8EEyRHRaDww9tUBUPKIS6bwWq38THNxd\/xY8f02mi4CtM48Onb\/VfwBSh+EGCCrsJUPAeV0Lv3zSiOInHwnwfZ9qVkpes15gigqAkKOkMNtXrkmMZliw9N1pmdz\/NqFFsmV8ZDatZcuORL0\/SSOQIYGPbueQPddzVbcgmxh8gU8dWxbRNqXDV4bDkxNa6mvhY2bd6sl8JBhMbaVD6rzqJUUWkQWpTSEKH227+CK6vEcxd9FB74+YMs0vScLL0mBN9wP2jovJ2ObC4bgywJUy0lEOG2FUvQulZB25oVHDaawa8fC7XRBipan3iYkCCBziNNptlz2TWdvP\/7wVVTxEnQqgtArS\/hd7RH\/IyFmAQlJBGtZC4qVw2cf+M1cJXhItAB+UeHYJz8XoJIiGAk1NK5MOJ1hSlDokiKIImReOk7sAcPc+JcGZEwwXE0CMTQYQxSPY3l\/C4tVDJIjKCuPCq6Jg8qj9ZgBw\/+qC5ZkgkRpEndDSWsqW13ruWyVmsDrc6egF6GIy5BOn\/eq2o4SDt65xrBkTwuuAhtfvyzZ0RMgmR+WzB3YGJrlolKA5hooxXDDZGMUCgZD6YEaf00tOXLzeBeUgOt1zXq9eEgw+DDZZEJVCowI0IYHbUZoghSUEETt3\/zFtDIg9SKrMGI3Xv26G9EADPlgXOgLSwHd6lwWbE4NSGIXuOn97KCaLhqI1cv79wJOYX5bLxnZczRa5EoUh1p0zDrKgcFQ41ISRgRRtDv98PpLT8GFWNptSI\/auDz27czMQovMvJEui9BRmHgs084vNBKhLcwQ5BgAImdenwrh89OR66pund2dnI8k4e\/K9N1X2cABQv9\/\/4QvBhMOW3mnDJBcppdv3mWxagWh7yzGTLz85jgtBlX6DXROP\/uW7jwcjhSLPbUSNhC2fu5P72MxFBB8lNEbQyTlTI3ncVaUBydVkvQ8O43MblHBlwFaUxQhp6W3vf2YjhQCWqhUIJ49nEaXTsgh\/dt\/IleYw4Kxs69+AzGqlWgFIUCLouGxpgyl4H\/iKQxHqbNnM4cfnTwY70mNrTqYo7aev+yi8u8hxSPqlg5+MW\/gqybgdpW3HQjZOPRSAQKOmwNpdf\/j\/0oVl2k\/B\/hdGRhYxUMe48Ew4eJMDQ0NGEfOfERDIQ1lFwfhopGFpig7KTYcEVNDvAP9ZqaKOLw\/Q8OQGGJVa8Jh\/SZriKMujHc7Hplh2gwIMihvGvSyvLBs8AG4z7igqvCMCc7k5Vm+uxZeo0AXTAQMbUkDc9hFXQ990QwFjIiSJDgw8NPUKsL0QsgUS6F4\/LZ4nLM6rDpNSEo9kx20J0P3T+hyMMIEvx+4Sm02mJwzw8XnZzkldde5acE1Xqvmo9urBI6frAu5tGKIkig\/jREqbeCWht9hWIE9fNeU4N7hknpurWmJtEIU4ISNBl79cp5PFHkkaENaL2pGfesBtrX3mC6BZGISZBYJVVQF9pBcQjvQESlBNpWX8dpXiuKU7bFQ2yCCDoeIz2nQWkuA5dD3JfTtMfv+hraygpUsNgij0RcggQfnq9hjxOJloOreA6cfnQLirEaY5miuHsWiYQIEujCefCLT\/jigC67VDyvyRIjJEyQQMei74O9oJbnT5i+xUNSBKcCF5UgpT50dEa1Q6hwmRg0W8E30CO2IpEzNAWYegZx4fLGZOzkcdQtzFsx7SfnwSFTgwPTFDv4hge4TwKx+gVhyhikAJFMBH+xOtkBKhpDN8biHrRDbtTpM7\/8GZz40XpQa9AlILPeulJowSRiDPeTNpPixouBC2aQkgjpef24WKUMM9aGMvRTVeBGJo+vv437UTv9CN5ldaDUFYOnGXPAenxe08D1tJnxYptkMWkG2Svo8QvBvbAM3Bgh0LWZimetbbXIJXnRBj2knZLMelF1NRQGq25NAbSvvIb78JzcSc4+eUyaQbnktlXXIkO4CxhZuOeXgmd5I6sptcdyjaTO1Mc31M+hk7vRjupcA0pVPpz43jruExLL5JEUg7xp+nv7rTdyXkyBRUs9BiDLGth5JStzKYRRdO9aRQHG\/g7wYkrlwsy044EN3IYR3aSREIMUHQcZu+s2UCoxSl6MIRpaxJalNRgKGD+Eh+OHGzZw5mO54nJ8zgDLtEvBUVkBh74QF+qSQcnDSNdJDiG0pkrcUVRdey6c3CpSNLJDyYowJoOUfssFtN\/zDfbwniUYwyxAs4+7NjY6yG0TYcuWzTArfQ5H6JQW0FcA+mVh9pwbI\/MiiiPHW0Apz+YLCkojldJcOP3Eg9xO6h1L\/Y2IYpDVEP\/J8ace2QwuShVQFT10G2LNgDGUMoGIxKJz4MABkSjThQcxqDNKHwO+ffddeq9o0LzyK8bQ4c\/AmZ\/CTFLmrmCC3vOGyDCIdrxEPYxBY9czO54EFbM7CgQ99CHAmgojbW7uY5YxTgT6YMRXSLR7xGhxAVw+awbs3rOb22PtBLXJ698BjBGdhSnIJK5nUTk481Jg4J234hqiIIOUshK6\/7CTL7I58sC8+0hRCvR\/uI8nmsy17\/IbVkB6XnaQwZyifJiROjsmY5GgnjIQ6P7zLlAKMnB9ldDSXAlOWw4MfPoRt5nBIiXU8\/br4CrJ4AyIfs6STOjf9zdumwRfQezYsQNmpqUE1TQjNweWr7heb00e43qY37XrJXCVpjOjGv4UezYMOj\/lNqPftXRtfwqcpZnsbFnP0af1vSMYmwr09vSw5ZTnb2ZaKmzf8YLeOnlIHs7+\/kW0uuiHcf1056SWZgfPKIFVtHvvW+AqnM2HmG7alKIM6N\/\/d+7gD\/iSUicj5DhHRbm4d0QmLZddAr29vVw\/GVAoRz+a+dzvXgCXleyE2EW1OA0GvYdFRx18XykX0vXsY6ym5Gg9eP6UwjQYPapwG\/VJllHZf9\/+d2F6ymywWCzw8C+2cV0yYN+Hc+lmAvo\/fh+OoMHx0q7RlXNBGvTsF1onPEBonUEjQzslA93OrZtAtWXzjnoWorPFlGfsbCe3TQWSFRTxRyujr+1sJ1DLyE5o6LLOvvoSd5EpWiRM\/KBIeQgdmzags80TBxmDaVedDcZ6u1g9EsXn\/\/2cd44s6VxUUzqPW7c9rLfGBu0YMTZ4og2cZTkY3eBuoT9W7Rmobb\/iPiJ0nxhRDBrBqoE49t1vifCMbmIaHRjJOMA3Msit8VzH4quXQnouuYkCtKK6m4i46IwEn3t8jnS0Y8qVj5kKuYT5cMSeBV2\/foT7yLXFQ0wGJaTRbb9jNX\/CZkbrkVF0uMwk\/mjnJ0JD80I2LpdhTDo9dRb0ne\/TW4wgpz7G843294AXg203hYQUplE8+lDsTwYTISEG6cwYr47brm8GtZZMczUcqS\/ChDX0aU8GDBLxzhvJhQ4FCwl\/Wo24eaa80lORB8fuuZ37EWiu2LNFIyEGJWjxHOjqZQ0Db3ddKYdzrup8aF+\/Vm\/RGYuxGsF3qEPrzYtAqy3F9AuDDPRrLatE8kuMX0iWnxSDErQsYpSI+4aHwN1QikbIjlJHi1sxD05uvDuupOWS225fCe5qKwcZChqx1hVN3CYY4y4XhEkxaATvKj5Hz50CT62VP+HwGXVkwUnMREQffvC2SQt9fN0aPM+ojkvQl9XboGVZE84jvlUk7UZi4IIZlJDWdOzUcdDI4mJqRZZPwSzkzFOPcRv1OHHvHeCsykNVnM93OJRfUr1kfKoxZQzS7jCLuvCHPIdBLUznEIp3FGNcrbaEbwLIzajl89DV9OmqStEHv0w5po5BA9jq6tZ08PCnnMdR6OdGR60Uz4HR7tPMGF85SolcJFwUBiWIUam6p57cBt27XuR3Yn4qz1ksXFQG\/\/8A+B+wvM13GZLiGgAAAABJRU5ErkJggg==\" style=\"height:41px; width:40px\" \/>GHS07 Uzman\u012bbu<\/strong><br \/>\nH319 Izraisa nopietnu acu kairin\u0101jumu.<br \/>\nDro\u0161\u012bbas pras\u012bbu apz\u012bm\u0113jumi:<br \/>\nP102 Sarg\u0101t no b\u0113rniem.<br \/>\nP264 P\u0113c izmanto\u0161anas rokas k\u0101rt\u012bgi nomazg\u0101t.<br \/>\nP280 Izmantot aizsargcimdus\/acu aizsargus\/sejas aizsargus.<br \/>\nP305+P351+P338 Saskar\u0113 ar ac\u012bm: Uzman\u012bgi izskalot ar \u016bdeni vair\u0101kas min\u016btes. Iz\u0146emt kontaktl\u0113cas, ja t\u0101s ir ievietotas un ja to var vienk\u0101r\u0161i izdar\u012bt. Turpin\u0101t skalot.<br \/>\nP337+P313 Ja acu iekaisums nep\u0101riet: l\u016bdziet medi\u0137u pal\u012bdz\u012bbu&nbsp;<br \/>\n&nbsp;<\/p>\n","protected":false},"excerpt":{"rendered":"<p>Efekt\u012bvs un univers\u0101ls l\u012bdzeklis ar pat\u012bkamu \u0101bolu arom\u0101tu da\u017e\u0101du virsmu t\u012br\u012b\u0161anai virtuv\u0113 un vannas istab\u0101. Viegli no\u0146em taukus un net\u012brumus no fl\u012bz\u0113m, ka\u013c\u0137akmens nos\u0113dumus no tualetes podu un izliet\u0146u virsm\u0101m, pie\u0161\u0137irot smalku \u0101bolu arom\u0101tu un sniegbaltu t\u012br\u012bbu, pateicoties akt\u012bvaj\u0101m sast\u0101vda\u013c\u0101m, neboj\u0101jot virsmu. Lieto\u0161ana: uzkl\u0101jiet nelielu produkta daudzumu uz s\u016bk\u013ca vai tie\u0161i uz iepriek\u0161 samitrin\u0101tas net\u012br\u0101s [&#8230;]\n","protected":false},"featured_media":11745,"template":"","meta":[],"product_cat":[1451],"product_tag":[],"class_list":{"0":"post-40945","1":"product","2":"type-product","3":"status-publish","4":"has-post-thumbnail","6":"product_brand-bioton_ua","7":"product_cat-vannas-istabai-un-tualetei","9":"first","10":"outofstock","11":"taxable","12":"shipping-taxable","13":"product-type-simple"},"_links":{"self":[{"href":"https:\/\/e.kosmolat.eu\/lv\/wp-json\/wp\/v2\/product\/40945","targetHints":{"allow":["GET"]}}],"collection":[{"href":"https:\/\/e.kosmolat.eu\/lv\/wp-json\/wp\/v2\/product"}],"about":[{"href":"https:\/\/e.kosmolat.eu\/lv\/wp-json\/wp\/v2\/types\/product"}],"wp:featuredmedia":[{"embeddable":true,"href":"https:\/\/e.kosmolat.eu\/lv\/wp-json\/wp\/v2\/media\/11745"}],"wp:attachment":[{"href":"https:\/\/e.kosmolat.eu\/lv\/wp-json\/wp\/v2\/media?parent=40945"}],"wp:term":[{"taxonomy":"product_cat","embeddable":true,"href":"https:\/\/e.kosmolat.eu\/lv\/wp-json\/wp\/v2\/product_cat?post=40945"},{"taxonomy":"product_tag","embeddable":true,"href":"https:\/\/e.kosmolat.eu\/lv\/wp-json\/wp\/v2\/product_tag?post=40945"}],"curies":[{"name":"wp","href":"https:\/\/api.w.org\/{rel}","templated":true}]}}