{"id":40937,"date":"2023-12-23T02:12:40","date_gmt":"2023-12-23T02:12:40","guid":{"rendered":"https:\/\/e.kosmolat.eu\/product\/biosun-nomierinoss-krems-pec-saulosanas-150-ml\/"},"modified":"2025-07-25T06:26:19","modified_gmt":"2025-07-25T06:26:19","slug":"biosun-nomierinoss-krems-pec-saulosanas-150-ml","status":"publish","type":"product","link":"https:\/\/e.kosmolat.eu\/lv\/product\/biosun-nomierinoss-krems-pec-saulosanas-150-ml\/","title":{"rendered":"Biosun Nomierino\u0161s kr\u0113ms p\u0113c sau\u013co\u0161an\u0101s, 150 ml"},"content":{"rendered":"<p>Kr\u0113ms acumirkl\u012b nomierina \u0101du p\u0113c intens\u012bvas saules staru iedarb\u012bbas, mazina savilktas \u0101das saj\u016btu, padara iedegumu vienm\u0113r\u012bg\u0101ku. Persiku e\u013c\u013ca un glicer\u012bns intens\u012bvi mitrina \u0101du un atjauno t\u0101s hidrolip\u012bdu l\u012bdzsvaru. Pantenols un alanto\u012bns pa\u0101trina boj\u0101to audu atjauno\u0161anos, nov\u0113r\u0161 niezi, \u0101das lob\u012b\u0161anos un priek\u0161laic\u012bgu \u0101das noveco\u0161anos.<\/p>\n<p><strong>Lieto\u0161ana: <\/strong>ar viegl\u0101m mas\u0113jo\u0161\u0101m kust\u012bb\u0101m uzkl\u0101t uz t\u012bras, sausas sejas un \u0137erme\u0146a \u0101das p\u0113c sau\u013co\u0161an\u0101s.<\/p>\n<p><strong>Piesardz\u012bbas pas\u0101kumi: <\/strong>tikai \u0101r\u012bgai lieto\u0161anai. Uzglab\u0101t b\u0113rniem un m\u0101jdz\u012bvniekiem nepieejam\u0101 viet\u0101.<\/p>\n<p>Uzglab\u0101t temperat\u016br\u0101 no +5 &deg;\u0421 l\u012bdz +25 &deg;\u0421.<\/p>\n<p><strong>Der\u012bguma termi\u0146\u0161:<\/strong> 36 m\u0113ne\u0161i.<br \/>\n&nbsp;<\/p>\n","protected":false},"excerpt":{"rendered":"<p>Kr\u0113ms acumirkl\u012b nomierina \u0101du p\u0113c intens\u012bvas saules staru iedarb\u012bbas, mazina savilktas \u0101das saj\u016btu, padara iedegumu vienm\u0113r\u012bg\u0101ku. Persiku e\u013c\u013ca un glicer\u012bns intens\u012bvi mitrina \u0101du un atjauno t\u0101s hidrolip\u012bdu l\u012bdzsvaru. Pantenols un alanto\u012bns pa\u0101trina boj\u0101to audu atjauno\u0161anos, nov\u0113r\u0161 niezi, \u0101das lob\u012b\u0161anos un priek\u0161laic\u012bgu \u0101das noveco\u0161anos. Lieto\u0161ana: ar viegl\u0101m mas\u0113jo\u0161\u0101m kust\u012bb\u0101m uzkl\u0101t uz t\u012bras, sausas sejas un \u0137erme\u0146a [&#8230;]\n","protected":false},"featured_media":11809,"template":"","meta":[],"product_cat":[2181],"product_tag":[],"class_list":{"0":"post-40937","1":"product","2":"type-product","3":"status-publish","4":"has-post-thumbnail","6":"product_brand-bioton_ua","7":"product_cat-bez-kategorijas-lt","9":"first","10":"outofstock","11":"taxable","12":"shipping-taxable","13":"product-type-simple"},"_links":{"self":[{"href":"https:\/\/e.kosmolat.eu\/lv\/wp-json\/wp\/v2\/product\/40937","targetHints":{"allow":["GET"]}}],"collection":[{"href":"https:\/\/e.kosmolat.eu\/lv\/wp-json\/wp\/v2\/product"}],"about":[{"href":"https:\/\/e.kosmolat.eu\/lv\/wp-json\/wp\/v2\/types\/product"}],"wp:featuredmedia":[{"embeddable":true,"href":"https:\/\/e.kosmolat.eu\/lv\/wp-json\/wp\/v2\/media\/11809"}],"wp:attachment":[{"href":"https:\/\/e.kosmolat.eu\/lv\/wp-json\/wp\/v2\/media?parent=40937"}],"wp:term":[{"taxonomy":"product_cat","embeddable":true,"href":"https:\/\/e.kosmolat.eu\/lv\/wp-json\/wp\/v2\/product_cat?post=40937"},{"taxonomy":"product_tag","embeddable":true,"href":"https:\/\/e.kosmolat.eu\/lv\/wp-json\/wp\/v2\/product_tag?post=40937"}],"curies":[{"name":"wp","href":"https:\/\/api.w.org\/{rel}","templated":true}]}}