{"id":40897,"date":"2023-12-23T02:07:03","date_gmt":"2023-12-23T02:07:03","guid":{"rendered":"https:\/\/e.kosmolat.eu\/product\/tresemme-atjaunin-matu-maska-biotin-repair-440-ml\/"},"modified":"2025-04-01T10:46:27","modified_gmt":"2025-04-01T10:46:27","slug":"tresemme-atjaunin-matu-maska-biotin-repair-440-ml","status":"publish","type":"product","link":"https:\/\/e.kosmolat.eu\/lv\/product\/tresemme-atjaunin-matu-maska-biotin-repair-440-ml\/","title":{"rendered":"Tresemme Atjaunin.matu maska Biotin Repair, 440 ml"},"content":{"rendered":"<p>Uzlabots kop\u0161anas l\u012bdzeklis, kas nodro\u0161ina man\u0101mu rezult\u0101tu: vien\u0101 lieto\u0161anas reiz\u0113 nov\u0113r\u0161 7 veidu matu boj\u0101jumus, kas rodas matu \u017e\u0101v\u0113\u0161anas ar f\u0113nu, balin\u0101\u0161anas, \u0137emm\u0113\u0161anas, taisno\u0161anas, kr\u0101so\u0161anas, biz\u012b\u0161u p\u012b\u0161anas,cirtu veido\u0161anas laik\u0101. Mati k\u013c\u016bs iztur\u012bgi pret boj\u0101jumiem jau p\u0113c pirm\u0101s lieto\u0161anas reizes. Satur biot\u012bnu un Pro-Bond kompleksu.<\/p>\n<p><strong>Lieto\u0161ana: <\/strong>uzkl\u0101jiet uz izmazg\u0101tiem, mitriem matiem, atst\u0101jiet uz 3-5 min\u016bt\u0113m, izskalojiet. Lietojiet vienu vai vair\u0101kas reizes ned\u0113\u013c\u0101. Izvair\u012bties no saskares ar ac\u012bm. Var izrais\u012bt kairin\u0101jumu. Ja nok\u013c\u016bst ac\u012bs, r\u016bp\u012bgi izskalot ar \u016bdeni.<\/p>\n<p>Uzglab\u0101t temperat\u016br\u0101 no +5 &deg;\u0421 l\u012bdz +25&deg;\u0421.<br \/>\n&nbsp;<\/p>\n","protected":false},"excerpt":{"rendered":"<p>Uzlabots kop\u0161anas l\u012bdzeklis, kas nodro\u0161ina man\u0101mu rezult\u0101tu: vien\u0101 lieto\u0161anas reiz\u0113 nov\u0113r\u0161 7 veidu matu boj\u0101jumus, kas rodas matu \u017e\u0101v\u0113\u0161anas ar f\u0113nu, balin\u0101\u0161anas, \u0137emm\u0113\u0161anas, taisno\u0161anas, kr\u0101so\u0161anas, biz\u012b\u0161u p\u012b\u0161anas,cirtu veido\u0161anas laik\u0101. Mati k\u013c\u016bs iztur\u012bgi pret boj\u0101jumiem jau p\u0113c pirm\u0101s lieto\u0161anas reizes. Satur biot\u012bnu un Pro-Bond kompleksu. Lieto\u0161ana: uzkl\u0101jiet uz izmazg\u0101tiem, mitriem matiem, atst\u0101jiet uz 3-5 min\u016bt\u0113m, izskalojiet. [&#8230;]\n","protected":false},"featured_media":11641,"template":"","meta":[],"product_cat":[1254],"product_tag":[],"class_list":{"0":"post-40897","1":"product","2":"type-product","3":"status-publish","4":"has-post-thumbnail","6":"product_brand-unilever-ua","7":"product_cat-maskas-matiem","9":"first","10":"instock","11":"taxable","12":"shipping-taxable","13":"product-type-simple"},"_links":{"self":[{"href":"https:\/\/e.kosmolat.eu\/lv\/wp-json\/wp\/v2\/product\/40897","targetHints":{"allow":["GET"]}}],"collection":[{"href":"https:\/\/e.kosmolat.eu\/lv\/wp-json\/wp\/v2\/product"}],"about":[{"href":"https:\/\/e.kosmolat.eu\/lv\/wp-json\/wp\/v2\/types\/product"}],"wp:featuredmedia":[{"embeddable":true,"href":"https:\/\/e.kosmolat.eu\/lv\/wp-json\/wp\/v2\/media\/11641"}],"wp:attachment":[{"href":"https:\/\/e.kosmolat.eu\/lv\/wp-json\/wp\/v2\/media?parent=40897"}],"wp:term":[{"taxonomy":"product_cat","embeddable":true,"href":"https:\/\/e.kosmolat.eu\/lv\/wp-json\/wp\/v2\/product_cat?post=40897"},{"taxonomy":"product_tag","embeddable":true,"href":"https:\/\/e.kosmolat.eu\/lv\/wp-json\/wp\/v2\/product_tag?post=40897"}],"curies":[{"name":"wp","href":"https:\/\/api.w.org\/{rel}","templated":true}]}}