{"id":40801,"date":"2023-12-23T01:56:21","date_gmt":"2023-12-23T01:56:21","guid":{"rendered":"https:\/\/e.kosmolat.eu\/product\/my-style-mitr-salvetes-hipoalerg-99-udens-15-gab\/"},"modified":"2025-03-31T05:32:45","modified_gmt":"2025-03-31T05:32:45","slug":"my-style-mitr-salvetes-hipoalerg-99-udens-15-gab","status":"publish","type":"product","link":"https:\/\/e.kosmolat.eu\/lv\/product\/my-style-mitr-salvetes-hipoalerg-99-udens-15-gab\/","title":{"rendered":"My Style Mitr.salvetes hipoalerg. 99% \u016bdens, 15 gab."},"content":{"rendered":"<p>Paredz\u0113tas \u0101trai un maigai roku un \u0137erme\u0146a \u0101das att\u012br\u012b\u0161anai. M\u012bkstina un mitrina \u0101du, pie\u0161\u0137ir svaiguma un komforta saj\u016btu. 99% pies\u016bcin\u0101juma sast\u0101va ir \u016bdens. Nesatur etilspirtu.<\/p>\n<p><strong>Lieto\u0161ana:<\/strong> atveriet v\u0101ci\u0146u, iz\u0146emiet salveti, cie\u0161i aizveriet v\u0101ci\u0146u, not\u012briet \u0101du.<\/p>\n<p><strong>Piesardz\u012bbas pas\u0101kumi:<\/strong> izvairieties no saskares ar ac\u012bm. Nelietot, ja ir paaugstin\u0101ta jut\u012bba pret atsevi\u0161\u0137\u0101m sast\u0101vda\u013c\u0101m.<\/p>\n<p>Uzglab\u0101t temperat\u016br\u0101 no -20 &ordm;C l\u012bdz +30 &ordm;C, sarg\u0101jot no siltuma avotiem un tie\u0161iem saules stariem.<\/p>\n","protected":false},"excerpt":{"rendered":"<p>Paredz\u0113tas \u0101trai un maigai roku un \u0137erme\u0146a \u0101das att\u012br\u012b\u0161anai. M\u012bkstina un mitrina \u0101du, pie\u0161\u0137ir svaiguma un komforta saj\u016btu. 99% pies\u016bcin\u0101juma sast\u0101va ir \u016bdens. Nesatur etilspirtu. Lieto\u0161ana: atveriet v\u0101ci\u0146u, iz\u0146emiet salveti, cie\u0161i aizveriet v\u0101ci\u0146u, not\u012briet \u0101du. Piesardz\u012bbas pas\u0101kumi: izvairieties no saskares ar ac\u012bm. Nelietot, ja ir paaugstin\u0101ta jut\u012bba pret atsevi\u0161\u0137\u0101m sast\u0101vda\u013c\u0101m. Uzglab\u0101t temperat\u016br\u0101 no -20 &ordm;C [&#8230;]\n","protected":false},"featured_media":11465,"template":"","meta":[],"product_cat":[1806],"product_tag":[],"class_list":{"0":"post-40801","1":"product","2":"type-product","3":"status-publish","4":"has-post-thumbnail","6":"product_brand-cotton-ua","7":"product_cat-mitras-salvetes-un-kabataslakatini","9":"first","10":"outofstock","11":"taxable","12":"shipping-taxable","13":"product-type-simple"},"_links":{"self":[{"href":"https:\/\/e.kosmolat.eu\/lv\/wp-json\/wp\/v2\/product\/40801","targetHints":{"allow":["GET"]}}],"collection":[{"href":"https:\/\/e.kosmolat.eu\/lv\/wp-json\/wp\/v2\/product"}],"about":[{"href":"https:\/\/e.kosmolat.eu\/lv\/wp-json\/wp\/v2\/types\/product"}],"wp:featuredmedia":[{"embeddable":true,"href":"https:\/\/e.kosmolat.eu\/lv\/wp-json\/wp\/v2\/media\/11465"}],"wp:attachment":[{"href":"https:\/\/e.kosmolat.eu\/lv\/wp-json\/wp\/v2\/media?parent=40801"}],"wp:term":[{"taxonomy":"product_cat","embeddable":true,"href":"https:\/\/e.kosmolat.eu\/lv\/wp-json\/wp\/v2\/product_cat?post=40801"},{"taxonomy":"product_tag","embeddable":true,"href":"https:\/\/e.kosmolat.eu\/lv\/wp-json\/wp\/v2\/product_tag?post=40801"}],"curies":[{"name":"wp","href":"https:\/\/api.w.org\/{rel}","templated":true}]}}