{"id":40777,"date":"2023-12-23T01:54:13","date_gmt":"2023-12-23T01:54:13","guid":{"rendered":"https:\/\/e.kosmolat.eu\/product\/tresemme-termoaizsarg-matu-sprejs-keratin-smooth-200-ml\/"},"modified":"2025-07-15T05:32:41","modified_gmt":"2025-07-15T05:32:41","slug":"tresemme-termoaizsarg-matu-sprejs-keratin-smooth-200-ml","status":"publish","type":"product","link":"https:\/\/e.kosmolat.eu\/lv\/product\/tresemme-termoaizsarg-matu-sprejs-keratin-smooth-200-ml\/","title":{"rendered":"Tresemme Termoaizsarg. matu sprejs Keratin Smooth, 200 ml"},"content":{"rendered":"<p>Uzlabota l\u012bdzek\u013ca formula matu aizsardz\u012bbai no augst\u0101m temperat\u016br\u0101m (l\u012bdz 230&deg;C) matu ieveido\u0161anas laik\u0101. Termoaizsarg\u0101jo\u0161s sprejs nodro\u0161ina piecus efektus: nov\u0113r\u0161 matu p\u016bko\u0161anos 72 stundu garum\u0101, at\u0161\u0137etina matus, pie\u0161\u0137ir sp\u012bdumu, nodro\u0161ina matu maigumu un padara tos paklaus\u012bg\u0101kus. Satur hidroliz\u0113tu kerat\u012bnu.<\/p>\n<p><strong>Lieto\u0161ana: <\/strong>pirms matu f\u0113na lieto\u0161anas izsmidziniet uz mitriem matiem vai izsmidziniet no 15-20 cm att\u0101luma pirms matu taisno\u0161anas vai loku veido\u0161anas. Lab\u0101kam rezult\u0101tam, nosl\u0113dziet kop\u0161anas proced\u016bru ar TRESemme Shine Oil matu serumu.<\/p>\n<p>Uzglab\u0101t temperat\u016br\u0101 no +5 &deg;\u0421 l\u012bdz +25 &deg;\u0421.<br \/>\n&nbsp;<\/p>\n","protected":false},"excerpt":{"rendered":"<p>Uzlabota l\u012bdzek\u013ca formula matu aizsardz\u012bbai no augst\u0101m temperat\u016br\u0101m (l\u012bdz 230&deg;C) matu ieveido\u0161anas laik\u0101. Termoaizsarg\u0101jo\u0161s sprejs nodro\u0161ina piecus efektus: nov\u0113r\u0161 matu p\u016bko\u0161anos 72 stundu garum\u0101, at\u0161\u0137etina matus, pie\u0161\u0137ir sp\u012bdumu, nodro\u0161ina matu maigumu un padara tos paklaus\u012bg\u0101kus. Satur hidroliz\u0113tu kerat\u012bnu. Lieto\u0161ana: pirms matu f\u0113na lieto\u0161anas izsmidziniet uz mitriem matiem vai izsmidziniet no 15-20 cm att\u0101luma pirms matu [&#8230;]\n","protected":false},"featured_media":11425,"template":"","meta":[],"product_cat":[1999],"product_tag":[],"class_list":{"0":"post-40777","1":"product","2":"type-product","3":"status-publish","4":"has-post-thumbnail","6":"product_brand-unilever-ua","7":"product_cat-bez-kategorijas","9":"first","10":"outofstock","11":"taxable","12":"shipping-taxable","13":"product-type-simple"},"_links":{"self":[{"href":"https:\/\/e.kosmolat.eu\/lv\/wp-json\/wp\/v2\/product\/40777","targetHints":{"allow":["GET"]}}],"collection":[{"href":"https:\/\/e.kosmolat.eu\/lv\/wp-json\/wp\/v2\/product"}],"about":[{"href":"https:\/\/e.kosmolat.eu\/lv\/wp-json\/wp\/v2\/types\/product"}],"wp:featuredmedia":[{"embeddable":true,"href":"https:\/\/e.kosmolat.eu\/lv\/wp-json\/wp\/v2\/media\/11425"}],"wp:attachment":[{"href":"https:\/\/e.kosmolat.eu\/lv\/wp-json\/wp\/v2\/media?parent=40777"}],"wp:term":[{"taxonomy":"product_cat","embeddable":true,"href":"https:\/\/e.kosmolat.eu\/lv\/wp-json\/wp\/v2\/product_cat?post=40777"},{"taxonomy":"product_tag","embeddable":true,"href":"https:\/\/e.kosmolat.eu\/lv\/wp-json\/wp\/v2\/product_tag?post=40777"}],"curies":[{"name":"wp","href":"https:\/\/api.w.org\/{rel}","templated":true}]}}