{"id":40749,"date":"2023-12-23T01:51:43","date_gmt":"2023-12-23T01:51:43","guid":{"rendered":"https:\/\/e.kosmolat.eu\/product\/dp-greenlife-stiklu-tirisanas-lidzeklis-750-ml\/"},"modified":"2025-04-01T10:45:53","modified_gmt":"2025-04-01T10:45:53","slug":"dp-greenlife-stiklu-tirisanas-lidzeklis-750-ml","status":"publish","type":"product","link":"https:\/\/e.kosmolat.eu\/lv\/product\/dp-greenlife-stiklu-tirisanas-lidzeklis-750-ml\/","title":{"rendered":"DP Greenlife Stiklu t\u012br\u012b\u0161anas l\u012bdzeklis, 750 ml"},"content":{"rendered":"<p>Univers\u0101ls stikla, spogu\u013cu un hrom\u0113tu virsmu t\u012br\u012b\u0161anas l\u012bdzeklis. Pie\u0161\u0137ir sp\u012bdumu un svaigu arom\u0101tu, neatst\u0101jot sv\u012btras. Dab\u012bgas izcelsmes virsmakt\u012bv\u0101s vielas formula nodro\u0161ina lielisku rezult\u0101tu. Ieteicam\u0101 deva \u013cauj gan ietaup\u012bt produktu, gan saudz\u0113t vidi.&nbsp;<\/p>\n<p><strong>Lieto\u0161ana:<\/strong> izsmidzin\u0101t produktu uz net\u012br\u0101s virsmas. Not\u012br\u012bt un noslauc\u012bt ar t\u012bru dr\u0101nu, l\u012bdz t\u0101 ir piln\u012bb\u0101 iz\u017euvusi. L\u012bdzeklis nav paredz\u0113ts lielu plat\u012bbu t\u012br\u012b\u0161anai. L\u012bdzeklis ir gatavs lieto\u0161anai.<\/p>\n<p><strong>Sast\u0101v\u0101: <\/strong>maz\u0101k par 5 % izopropilspirts.<\/p>\n<p>\nP101 Medic\u012bniska padoma nepiecie\u0161am\u012bbas gad\u012bjum\u0101 attiec\u012bg\u0101 inform\u0101cija ir nor\u0101d\u012bta uz iepakojuma vai eti\u0137etes.<br \/>\nP102 Sarg\u0101t no b\u0113rniem.<br \/>\nP103 Pirms izmanto\u0161anas izlas\u012bt eti\u0137eti.<br \/>\n&nbsp;<\/p>\n","protected":false},"excerpt":{"rendered":"<p>Univers\u0101ls stikla, spogu\u013cu un hrom\u0113tu virsmu t\u012br\u012b\u0161anas l\u012bdzeklis. Pie\u0161\u0137ir sp\u012bdumu un svaigu arom\u0101tu, neatst\u0101jot sv\u012btras. Dab\u012bgas izcelsmes virsmakt\u012bv\u0101s vielas formula nodro\u0161ina lielisku rezult\u0101tu. Ieteicam\u0101 deva \u013cauj gan ietaup\u012bt produktu, gan saudz\u0113t vidi.&nbsp; Lieto\u0161ana: izsmidzin\u0101t produktu uz net\u012br\u0101s virsmas. Not\u012br\u012bt un noslauc\u012bt ar t\u012bru dr\u0101nu, l\u012bdz t\u0101 ir piln\u012bb\u0101 iz\u017euvusi. L\u012bdzeklis nav paredz\u0113ts lielu plat\u012bbu t\u012br\u012b\u0161anai. [&#8230;]\n","protected":false},"featured_media":11369,"template":"","meta":[],"product_cat":[1721],"product_tag":[],"class_list":{"0":"post-40749","1":"product","2":"type-product","3":"status-publish","4":"has-post-thumbnail","6":"product_brand-italchimica-it","7":"product_cat-1721","9":"first","10":"instock","11":"taxable","12":"shipping-taxable","13":"product-type-simple"},"_links":{"self":[{"href":"https:\/\/e.kosmolat.eu\/lv\/wp-json\/wp\/v2\/product\/40749","targetHints":{"allow":["GET"]}}],"collection":[{"href":"https:\/\/e.kosmolat.eu\/lv\/wp-json\/wp\/v2\/product"}],"about":[{"href":"https:\/\/e.kosmolat.eu\/lv\/wp-json\/wp\/v2\/types\/product"}],"wp:featuredmedia":[{"embeddable":true,"href":"https:\/\/e.kosmolat.eu\/lv\/wp-json\/wp\/v2\/media\/11369"}],"wp:attachment":[{"href":"https:\/\/e.kosmolat.eu\/lv\/wp-json\/wp\/v2\/media?parent=40749"}],"wp:term":[{"taxonomy":"product_cat","embeddable":true,"href":"https:\/\/e.kosmolat.eu\/lv\/wp-json\/wp\/v2\/product_cat?post=40749"},{"taxonomy":"product_tag","embeddable":true,"href":"https:\/\/e.kosmolat.eu\/lv\/wp-json\/wp\/v2\/product_tag?post=40749"}],"curies":[{"name":"wp","href":"https:\/\/api.w.org\/{rel}","templated":true}]}}