{"id":40737,"date":"2023-12-23T01:50:13","date_gmt":"2023-12-23T01:50:13","guid":{"rendered":"https:\/\/e.kosmolat.eu\/product\/dp-greenlife-trauku-mazg-masinas-zeleja-660-ml\/"},"modified":"2026-03-31T10:32:21","modified_gmt":"2026-03-31T10:32:21","slug":"dp-greenlife-trauku-mazg-masinas-zeleja-660-ml","status":"publish","type":"product","link":"https:\/\/e.kosmolat.eu\/lv\/product\/dp-greenlife-trauku-mazg-masinas-zeleja-660-ml\/","title":{"rendered":"DP Greenlife Trauku mazg. ma\u0161\u012bnas \u017eeleja, 660 ml"},"content":{"rendered":"<p>Vidi saudz\u0113jo\u0161\u0101 \u017eelejas fermentat\u012bv\u0101 formula ar augu izcelsmes izejviel\u0101m \u0101tri iedarbojas un att\u012bra traukus l\u012bdz sp\u012bdumam, likvid\u0113 smakas un darbojas ar\u012b k\u0101 skalo\u0161anas l\u012bdzeklis. 660 ml mazg\u0101\u0161anas l\u012bdzek\u013ca atbilst 33 dev\u0101m viegli net\u012bru trauku mazg\u0101\u0161anai.<\/p>\n<p><strong>Lieto\u0161ana: <\/strong>nospiediet v\u0101ci\u0146a malas un paceliet to uz aug\u0161u. Ielejiet nepiecie\u0161amo l\u012bdzek\u013ca daudzumu mazg\u0101\u0161anas l\u012bdzek\u013ca &nbsp;nodal\u012bjum\u0101 un palaidiet izv\u0113l\u0113to programmu.<\/p>\n<p><strong>Devas:<\/strong> viegli net\u012bri trauki &ndash; 20 ml, vid\u0113ji net\u012bri trauki &ndash; 25 ml, stipri net\u012bri trauki &ndash; 30 ml.<\/p>\n<p><strong>Sast\u0101v\u0101:<\/strong> maz\u0101k par 5 % nejonu virsmakt\u012bvo vielu. Fermenti. Smar\u017eas un arom\u0101tisk\u0101s kompoz\u012bcijas. Konservanti: Benzisothiazolinone\/ Methylchloroisothiazolinone\/ Methylisothiazolinone.&nbsp;<\/p>\n<p>&nbsp;<\/p>\n<p>EUH208 Satur: Metilhlorizotiazolinons un metilizotiazolinons. Var izrais\u012bt aler\u0123isku reakciju.<br \/>\nDro\u0161\u012bbas pras\u012bbu apz\u012bm\u0113jumi:<br \/>\nP101 Medic\u012bniska padoma nepiecie\u0161am\u012bbas gad\u012bjum\u0101 attiec\u012bg\u0101 inform\u0101cija ir nor\u0101d\u012bta uz iepakojuma vai eti\u0137etes.<br \/>\nP102 Sarg\u0101t no b\u0113rniem.<br \/>\nP103 Pirms izmanto\u0161anas izlas\u012bt eti\u0137eti.<br \/>\n&nbsp;<\/p>\n","protected":false},"excerpt":{"rendered":"<p>Vidi saudz\u0113jo\u0161\u0101 \u017eelejas fermentat\u012bv\u0101 formula ar augu izcelsmes izejviel\u0101m \u0101tri iedarbojas un att\u012bra traukus l\u012bdz sp\u012bdumam, likvid\u0113 smakas un darbojas ar\u012b k\u0101 skalo\u0161anas l\u012bdzeklis. 660 ml mazg\u0101\u0161anas l\u012bdzek\u013ca atbilst 33 dev\u0101m viegli net\u012bru trauku mazg\u0101\u0161anai. Lieto\u0161ana: nospiediet v\u0101ci\u0146a malas un paceliet to uz aug\u0161u. Ielejiet nepiecie\u0161amo l\u012bdzek\u013ca daudzumu mazg\u0101\u0161anas l\u012bdzek\u013ca &nbsp;nodal\u012bjum\u0101 un palaidiet izv\u0113l\u0113to programmu. [&#8230;]\n","protected":false},"featured_media":102947,"template":"","meta":[],"product_cat":[1494],"product_tag":[],"class_list":{"0":"post-40737","1":"product","2":"type-product","3":"status-publish","4":"has-post-thumbnail","6":"product_brand-italchimica-it","7":"product_cat-1494","9":"first","10":"instock","11":"taxable","12":"shipping-taxable","13":"product-type-simple"},"_links":{"self":[{"href":"https:\/\/e.kosmolat.eu\/lv\/wp-json\/wp\/v2\/product\/40737","targetHints":{"allow":["GET"]}}],"collection":[{"href":"https:\/\/e.kosmolat.eu\/lv\/wp-json\/wp\/v2\/product"}],"about":[{"href":"https:\/\/e.kosmolat.eu\/lv\/wp-json\/wp\/v2\/types\/product"}],"wp:featuredmedia":[{"embeddable":true,"href":"https:\/\/e.kosmolat.eu\/lv\/wp-json\/wp\/v2\/media\/102947"}],"wp:attachment":[{"href":"https:\/\/e.kosmolat.eu\/lv\/wp-json\/wp\/v2\/media?parent=40737"}],"wp:term":[{"taxonomy":"product_cat","embeddable":true,"href":"https:\/\/e.kosmolat.eu\/lv\/wp-json\/wp\/v2\/product_cat?post=40737"},{"taxonomy":"product_tag","embeddable":true,"href":"https:\/\/e.kosmolat.eu\/lv\/wp-json\/wp\/v2\/product_tag?post=40737"}],"curies":[{"name":"wp","href":"https:\/\/api.w.org\/{rel}","templated":true}]}}