{"id":40717,"date":"2023-12-23T01:47:43","date_gmt":"2023-12-23T01:47:43","guid":{"rendered":"https:\/\/e.kosmolat.eu\/product\/bd-sejas-toneris-serums-2in1-readyglow-100-ml\/"},"modified":"2026-04-17T11:09:13","modified_gmt":"2026-04-17T11:09:13","slug":"bd-sejas-toneris-serums-2in1-ready-glow-100-ml","status":"publish","type":"product","link":"https:\/\/e.kosmolat.eu\/lv\/product\/bd-sejas-toneris-serums-2in1-ready-glow-100-ml\/","title":{"rendered":"BD Sejas toneris-serums 2in1 Ready Glow!, 100 ml"},"content":{"rendered":"<p>Sejas toneris-serums 2in1 Ready?Glow! &ndash; daudzfunkcion\u0101ls l\u012bdzeklis, kas nodro\u0161ina divu produktu darb\u012bbu. Toneris uztur dabisko \u0101das pH l\u012bdzsvaru, nomierina, un taj\u0101 pat laik\u0101 tam piem\u012bt seruma \u012bpa\u0161\u012bbas &ndash; tas uztur optim\u0101lu mitruma l\u012bmeni un dabisko barjerfunkciju, nodro\u0161ina elast\u012bbu un izl\u012bdzina \u0101das mikroreljefu.<\/p>\n<p><strong>Akt\u012bv\u0101s sast\u0101vda\u013cas: <\/strong>keram\u012bdu komplekss, mitrino\u0161s komplekss, pept\u012bdu komplekss.<\/p>\n<p><strong>Lieto\u0161ana: <\/strong>nelielu tonera-seruma daudzumu uzkl\u0101t uz att\u012br\u012btas sejas, kakla un dekolt\u0113 zonas \u0101du divas reizes dien\u0101. \u013baut piln\u012bb\u0101 uzs\u016bkties. Var lietot acu zon\u0101 un k\u0101 makij\u0101\u017eas b\u0101zi.<\/p>\n<p><strong>Piesardz\u012bbas pas\u0101kumi: <\/strong>pirms lieto\u0161anas toneris-serums ir j\u0101p\u0101rbauda uz neliela \u0101das laukuma. Ja rodas aler\u0123iska reakcija, p\u0101rtraukt lieto\u0161anu. Tikai \u0101r\u012bgai lieto\u0161anai. Ja iek\u013c\u016bst ac\u012bs, r\u016bp\u012bgi izskalot ar lielu daudzumu teko\u0161a \u016bdens.<\/p>\n<p><strong>Kontrindik\u0101cijas: <\/strong>individu\u0101la nepanes\u012bba pret tonera-seruma sast\u0101vda\u013c\u0101m.<\/p>\n<p>Uzglab\u0101t temperat\u016br\u0101 no +5 &deg;C l\u012bdz +25 &deg;C un relat\u012bvaj\u0101 gaisa mitrum\u0101 55-70%, sarg\u0101jot no tie\u0161iem saules stariem, ne tuv\u0101k par vienu metru no siltuma avotiem.<\/p>\n<p><strong>Der\u012bguma termi\u0146\u0161:<\/strong> 36 m\u0113ne\u0161i.<br \/>\n&nbsp;<\/p>\n","protected":false},"excerpt":{"rendered":"<p>Sejas toneris-serums 2in1 Ready?Glow! &ndash; daudzfunkcion\u0101ls l\u012bdzeklis, kas nodro\u0161ina divu produktu darb\u012bbu. Toneris uztur dabisko \u0101das pH l\u012bdzsvaru, nomierina, un taj\u0101 pat laik\u0101 tam piem\u012bt seruma \u012bpa\u0161\u012bbas &ndash; tas uztur optim\u0101lu mitruma l\u012bmeni un dabisko barjerfunkciju, nodro\u0161ina elast\u012bbu un izl\u012bdzina \u0101das mikroreljefu. Akt\u012bv\u0101s sast\u0101vda\u013cas: keram\u012bdu komplekss, mitrino\u0161s komplekss, pept\u012bdu komplekss. Lieto\u0161ana: nelielu tonera-seruma daudzumu uzkl\u0101t [&#8230;]\n","protected":false},"featured_media":103309,"template":"","meta":[],"product_cat":[1578],"product_tag":[],"class_list":{"0":"post-40717","1":"product","2":"type-product","3":"status-publish","4":"has-post-thumbnail","6":"product_brand-naturpro_ua","7":"product_cat-losjoni-un-toniki","9":"first","10":"instock","11":"taxable","12":"shipping-taxable","13":"product-type-simple"},"_links":{"self":[{"href":"https:\/\/e.kosmolat.eu\/lv\/wp-json\/wp\/v2\/product\/40717","targetHints":{"allow":["GET"]}}],"collection":[{"href":"https:\/\/e.kosmolat.eu\/lv\/wp-json\/wp\/v2\/product"}],"about":[{"href":"https:\/\/e.kosmolat.eu\/lv\/wp-json\/wp\/v2\/types\/product"}],"wp:featuredmedia":[{"embeddable":true,"href":"https:\/\/e.kosmolat.eu\/lv\/wp-json\/wp\/v2\/media\/103309"}],"wp:attachment":[{"href":"https:\/\/e.kosmolat.eu\/lv\/wp-json\/wp\/v2\/media?parent=40717"}],"wp:term":[{"taxonomy":"product_cat","embeddable":true,"href":"https:\/\/e.kosmolat.eu\/lv\/wp-json\/wp\/v2\/product_cat?post=40717"},{"taxonomy":"product_tag","embeddable":true,"href":"https:\/\/e.kosmolat.eu\/lv\/wp-json\/wp\/v2\/product_tag?post=40717"}],"curies":[{"name":"wp","href":"https:\/\/api.w.org\/{rel}","templated":true}]}}