{"id":40713,"date":"2023-12-23T01:47:19","date_gmt":"2023-12-23T01:47:19","guid":{"rendered":"https:\/\/e.kosmolat.eu\/product\/bd-attirosas-kremputas-ready-glow-150-ml\/"},"modified":"2026-02-18T09:25:00","modified_gmt":"2026-02-18T09:25:00","slug":"bd-attirosas-kremputas-norm-un-saus-ad-150-ml","status":"publish","type":"product","link":"https:\/\/e.kosmolat.eu\/lv\/product\/bd-attirosas-kremputas-norm-un-saus-ad-150-ml\/","title":{"rendered":"BD Att\u012bro\u0161\u0101s kr\u0113mputas norm. un saus. \u0101d., 150 ml"},"content":{"rendered":"<p>Att\u012bro\u0161\u0101s kr\u0113mputas maigi att\u012bra \u0101du, padarot to samtainu un gludu, k\u0101 ar\u012b saglab\u0101 optim\u0101lu \u016bdens l\u012bdzsvaru un epidermas dabisko aizsargbarjeru. Pateicoties skval\u0101nam putu sast\u0101v\u0101, p\u0113c att\u012br\u012b\u0161anas nerodas savilktas un sausas \u0101das saj\u016bta, \u0101da ir mitrin\u0101ta, svaiga un mirdzo\u0161a.<\/p>\n<p><strong>Akt\u012bv\u0101s sast\u0101vda\u013cas: <\/strong>skval\u0101ns, keram\u012bdu komplekss, alanto\u012bns. Lieto\u0161ana: uzkl\u0101t kr\u0113mputas uz mitras sejas \u0101das, saputot ar viegl\u0101m mas\u0101\u017eas kust\u012bb\u0101m. Noskalot ar siltu \u016bdeni. Piem\u0113rots lieto\u0161anai ikdien\u0101.<\/p>\n<p><strong>Piesardz\u012bbas pas\u0101kumi:<\/strong> pirms lieto\u0161anas kr\u0113mputas ir j\u0101p\u0101rbauda uz neliela \u0101das laukuma. Ja rodas aler\u0123iska reakcija, p\u0101rtraukt lieto\u0161anu. Tikai \u0101r\u012bgai lieto\u0161anai. Ja iek\u013c\u016bst ac\u012bs, r\u016bp\u012bgi izskalot ar lielu daudzumu teko\u0161a \u016bdens.<\/p>\n<p><strong>Kontrindik\u0101cijas: <\/strong>individu\u0101la nepanes\u012bba pret kr\u0113mputu sast\u0101vda\u013c\u0101m.<\/p>\n<p>Uzglab\u0101t temperat\u016br\u0101 no +5 &deg;C l\u012bdz +25 &deg;C, relat\u012bvaj\u0101 gaisa mitrum\u0101 55-70%, sarg\u0101jot no tie\u0161iem saules stariem, ne tuv\u0101k par vienu metru no siltuma avotiem.<\/p>\n<p><strong>Der\u012bguma termi\u0146\u0161: <\/strong>36 m\u0113ne\u0161i.<\/p>\n","protected":false},"excerpt":{"rendered":"<p>Att\u012bro\u0161\u0101s kr\u0113mputas maigi att\u012bra \u0101du, padarot to samtainu un gludu, k\u0101 ar\u012b saglab\u0101 optim\u0101lu \u016bdens l\u012bdzsvaru un epidermas dabisko aizsargbarjeru. Pateicoties skval\u0101nam putu sast\u0101v\u0101, p\u0113c att\u012br\u012b\u0161anas nerodas savilktas un sausas \u0101das saj\u016bta, \u0101da ir mitrin\u0101ta, svaiga un mirdzo\u0161a. Akt\u012bv\u0101s sast\u0101vda\u013cas: skval\u0101ns, keram\u012bdu komplekss, alanto\u012bns. Lieto\u0161ana: uzkl\u0101t kr\u0113mputas uz mitras sejas \u0101das, saputot ar viegl\u0101m mas\u0101\u017eas [&#8230;]\n","protected":false},"featured_media":0,"template":"","meta":[],"product_cat":[1833],"product_tag":[],"class_list":{"0":"post-40713","1":"product","2":"type-product","3":"status-publish","5":"product_brand-naturpro_ua","6":"product_cat-putas-sejas-mazgasanai","8":"first","9":"outofstock","10":"taxable","11":"shipping-taxable","12":"product-type-simple"},"_links":{"self":[{"href":"https:\/\/e.kosmolat.eu\/lv\/wp-json\/wp\/v2\/product\/40713","targetHints":{"allow":["GET"]}}],"collection":[{"href":"https:\/\/e.kosmolat.eu\/lv\/wp-json\/wp\/v2\/product"}],"about":[{"href":"https:\/\/e.kosmolat.eu\/lv\/wp-json\/wp\/v2\/types\/product"}],"wp:attachment":[{"href":"https:\/\/e.kosmolat.eu\/lv\/wp-json\/wp\/v2\/media?parent=40713"}],"wp:term":[{"taxonomy":"product_cat","embeddable":true,"href":"https:\/\/e.kosmolat.eu\/lv\/wp-json\/wp\/v2\/product_cat?post=40713"},{"taxonomy":"product_tag","embeddable":true,"href":"https:\/\/e.kosmolat.eu\/lv\/wp-json\/wp\/v2\/product_tag?post=40713"}],"curies":[{"name":"wp","href":"https:\/\/api.w.org\/{rel}","templated":true}]}}