{"id":40709,"date":"2023-12-23T01:46:56","date_gmt":"2023-12-23T01:46:56","guid":{"rendered":"https:\/\/e.kosmolat.eu\/product\/bd-sejas-pilinga-skrubis-sebum-no-75-ml\/"},"modified":"2026-04-22T08:14:47","modified_gmt":"2026-04-22T08:14:47","slug":"bd-sejas-pilinga-skrubis-sebum-no-75-ml","status":"publish","type":"product","link":"https:\/\/e.kosmolat.eu\/lv\/product\/bd-sejas-pilinga-skrubis-sebum-no-75-ml\/","title":{"rendered":"BD Sejas p\u012blinga skrubis Sebum? No!, 75 ml"},"content":{"rendered":"<p>Sejas p\u012blinga skrubis Sebum?No! vizu\u0101li izl\u012bdzina \u0101du, padara to gludu un mirdzo\u0161u, k\u0101 ar\u012b no\u0146em net\u012brumus no epidermas virsmas un att\u012bra poras. L\u012bdzeklis satur prebiotiku, kas pal\u012bdz nov\u0113rst \u0101das lob\u012b\u0161anos un uztur\u0113t \u0101das dabisko aizsargbarjeru.<\/p>\n<p><strong>Akt\u012bv\u0101s sast\u0101vda\u013cas: <\/strong>dab\u012bga prebiotika, apriko\u017eu kauli\u0146a pulveris, piensk\u0101be.<\/p>\n<p><strong>Lieto\u0161ana: <\/strong>uzkl\u0101jiet uz mitras sejas \u0101das, pamas\u0113jiet un noskalojiet ar \u016bdeni.<\/p>\n<p><strong>Piesardz\u012bbas pas\u0101kumi: <\/strong>pirms lieto\u0161anas p\u012blinga skrubis ir j\u0101p\u0101rbauda uz neliela \u0101das laukuma. Ja rodas aler\u0123iska reakcija, p\u0101rtraukt lieto\u0161anu. Tikai \u0101r\u012bgai lieto\u0161anai. Ja iek\u013c\u016bst ac\u012bs, r\u016bp\u012bgi izskalot ar lielu daudzumu teko\u0161a \u016bdens.<\/p>\n<p><strong>Kontrindik\u0101cijas:<\/strong> individu\u0101la nepanes\u012bba pret p\u012blinga skrubja sast\u0101vda\u013c\u0101m.<\/p>\n<p>Uzglab\u0101t temperat\u016br\u0101 no +5 &deg;C l\u012bdz +25 &deg;C un relat\u012bvaj\u0101 gaisa mitrum\u0101 55-70%, sarg\u0101jot no tie\u0161iem saules stariem, ne tuv\u0101k par vienu metru no siltuma avotiem.<\/p>\n<p><strong>Der\u012bguma termi\u0146\u0161:<\/strong> 36 m\u0113ne\u0161i.<br \/>\n&nbsp;<\/p>\n","protected":false},"excerpt":{"rendered":"<p>Sejas p\u012blinga skrubis Sebum?No! vizu\u0101li izl\u012bdzina \u0101du, padara to gludu un mirdzo\u0161u, k\u0101 ar\u012b no\u0146em net\u012brumus no epidermas virsmas un att\u012bra poras. L\u012bdzeklis satur prebiotiku, kas pal\u012bdz nov\u0113rst \u0101das lob\u012b\u0161anos un uztur\u0113t \u0101das dabisko aizsargbarjeru. Akt\u012bv\u0101s sast\u0101vda\u013cas: dab\u012bga prebiotika, apriko\u017eu kauli\u0146a pulveris, piensk\u0101be. Lieto\u0161ana: uzkl\u0101jiet uz mitras sejas \u0101das, pamas\u0113jiet un noskalojiet ar \u016bdeni. Piesardz\u012bbas [&#8230;]\n","protected":false},"featured_media":102639,"template":"","meta":[],"product_cat":[1999],"product_tag":[],"class_list":{"0":"post-40709","1":"product","2":"type-product","3":"status-publish","4":"has-post-thumbnail","6":"product_brand-naturpro_ua","7":"product_cat-bez-kategorijas","9":"first","10":"instock","11":"taxable","12":"shipping-taxable","13":"product-type-simple"},"_links":{"self":[{"href":"https:\/\/e.kosmolat.eu\/lv\/wp-json\/wp\/v2\/product\/40709","targetHints":{"allow":["GET"]}}],"collection":[{"href":"https:\/\/e.kosmolat.eu\/lv\/wp-json\/wp\/v2\/product"}],"about":[{"href":"https:\/\/e.kosmolat.eu\/lv\/wp-json\/wp\/v2\/types\/product"}],"wp:featuredmedia":[{"embeddable":true,"href":"https:\/\/e.kosmolat.eu\/lv\/wp-json\/wp\/v2\/media\/102639"}],"wp:attachment":[{"href":"https:\/\/e.kosmolat.eu\/lv\/wp-json\/wp\/v2\/media?parent=40709"}],"wp:term":[{"taxonomy":"product_cat","embeddable":true,"href":"https:\/\/e.kosmolat.eu\/lv\/wp-json\/wp\/v2\/product_cat?post=40709"},{"taxonomy":"product_tag","embeddable":true,"href":"https:\/\/e.kosmolat.eu\/lv\/wp-json\/wp\/v2\/product_tag?post=40709"}],"curies":[{"name":"wp","href":"https:\/\/api.w.org\/{rel}","templated":true}]}}