{"id":40697,"date":"2023-12-23T01:45:55","date_gmt":"2023-12-23T01:45:55","guid":{"rendered":"https:\/\/e.kosmolat.eu\/product\/so-smooch-parfim-udens-nude-30-ml\/"},"modified":"2026-04-01T08:09:11","modified_gmt":"2026-04-01T08:09:11","slug":"so-smooch-parfim-udens-nude-30-ml","status":"publish","type":"product","link":"https:\/\/e.kosmolat.eu\/lv\/product\/so-smooch-parfim-udens-nude-30-ml\/","title":{"rendered":"So\u2026? Smooch Parfim.\u016bdens Nude, 30 ml"},"content":{"rendered":"<p><strong>Piesardz\u012bbas pas\u0101kumi:<\/strong> Viegli uzliesmojo\u0161s, l\u012bdz iz\u017e\u016bst. Nelietot uguns, liesmas vai karstuma avotu tuvum\u0101.<\/p>\n","protected":false},"excerpt":{"rendered":"<p>Piesardz\u012bbas pas\u0101kumi: Viegli uzliesmojo\u0161s, l\u012bdz iz\u017e\u016bst. Nelietot uguns, liesmas vai karstuma avotu tuvum\u0101.<\/p>\n","protected":false},"featured_media":98820,"template":"","meta":[],"product_cat":[1999],"product_tag":[],"class_list":{"0":"post-40697","1":"product","2":"type-product","3":"status-publish","4":"has-post-thumbnail","6":"product_brand-incos_gb","7":"product_cat-bez-kategorijas","9":"first","10":"instock","11":"taxable","12":"shipping-taxable","13":"product-type-simple"},"_links":{"self":[{"href":"https:\/\/e.kosmolat.eu\/lv\/wp-json\/wp\/v2\/product\/40697","targetHints":{"allow":["GET"]}}],"collection":[{"href":"https:\/\/e.kosmolat.eu\/lv\/wp-json\/wp\/v2\/product"}],"about":[{"href":"https:\/\/e.kosmolat.eu\/lv\/wp-json\/wp\/v2\/types\/product"}],"wp:featuredmedia":[{"embeddable":true,"href":"https:\/\/e.kosmolat.eu\/lv\/wp-json\/wp\/v2\/media\/98820"}],"wp:attachment":[{"href":"https:\/\/e.kosmolat.eu\/lv\/wp-json\/wp\/v2\/media?parent=40697"}],"wp:term":[{"taxonomy":"product_cat","embeddable":true,"href":"https:\/\/e.kosmolat.eu\/lv\/wp-json\/wp\/v2\/product_cat?post=40697"},{"taxonomy":"product_tag","embeddable":true,"href":"https:\/\/e.kosmolat.eu\/lv\/wp-json\/wp\/v2\/product_tag?post=40697"}],"curies":[{"name":"wp","href":"https:\/\/api.w.org\/{rel}","templated":true}]}}