{"id":40685,"date":"2023-12-23T01:44:35","date_gmt":"2023-12-23T01:44:35","guid":{"rendered":"https:\/\/e.kosmolat.eu\/product\/dp-koncentr-trauku-mazg-zeleja-carbon-plus-ar-sodu-600-ml\/"},"modified":"2026-04-07T09:16:20","modified_gmt":"2026-04-07T09:16:20","slug":"dp-koncentr-trauku-mazg-zeleja-carbon-plus-ar-sodu-600-ml","status":"publish","type":"product","link":"https:\/\/e.kosmolat.eu\/lv\/product\/dp-koncentr-trauku-mazg-zeleja-carbon-plus-ar-sodu-600-ml\/","title":{"rendered":"DP Koncentr.trauku mazg.\u017eeleja Carbon Plus ar sodu, 600 ml"},"content":{"rendered":"<p>Koncentr\u0113ta dzi\u013ci att\u012bro\u0161\u0101 \u017eeleja ar bikarbon\u0101tu ir bag\u0101tin\u0101ta ar t\u016bksto\u0161iem akt\u012bv\u0101s ogles da\u013ci\u0146u, kas absorb\u0113 notur\u012bgas smakas. Tauki un notur\u012bgie net\u012brumi tiek viegli likvid\u0113ti, pateicoties skrubja efektam un enz\u012bmu darb\u012bbai, &nbsp;kas tiek aktiviz\u0113ti, lai likvid\u0113tu net\u012brumus kontakta laik\u0101.<\/p>\n<p><strong>Parastai trauku mazg\u0101\u0161anai:<\/strong> uzkl\u0101jiet produktu uz mitra s\u016bk\u013ca un mazg\u0101jiet traukus.<\/p>\n<p><strong>M\u0113rc\u0113\u0161anai:<\/strong> iem\u0113rciet traukus \u016bdens un \u017eelejas \u0161\u0137\u012bdum\u0101 vismaz uz 10 min\u016bt\u0113m, p\u0113c tam mazg\u0101jiet k\u0101 parasti.<\/p>\n<p><strong>Ieteicam\u0101 deva: <\/strong>1 dozatora deva uz 2 litriem \u016bdens.<\/p>\n<p><strong>Sast\u0101v\u0101:<\/strong> 5 % un vair\u0101k, bet maz\u0101k nek\u0101 15 % anjonu virsmakt\u012bvo vielu, maz\u0101k par 5 % amfot\u0113ro virsmakt\u012bvo vielu. Fermenti. Smar\u017eas un arom\u0101tisk\u0101s kompoz\u012bcijas\/ Limonene, Citral. Konservanti: Benzisothiazolinone\/ Methylchloroisothiazolinone\/ Methylisothiazolinone.<\/p>\n<p>&nbsp;<\/p>\n<p><img decoding=\"async\" alt=\"\" src=\"data:image\/png;base64,iVBORw0KGgoAAAANSUhEUgAAAD8AAABBCAYAAAERcEz4AAAAAXNSR0IArs4c6QAAAARnQU1BAACxjwv8YQUAAAAJcEhZcwAAFxEAABcRAcom8z8AABNvSURBVGhDzVsJeFRFtu4BWQSULRCyL2QngSRsoyCryurgBiogg+uMH8yngBsq8lCEN4rznAFlnIdP0BlAZREFUYeRBwyCIrgg3bdvZyWhQ7ZOp5csne4+75xzl3Snb3c6Ifi9\/\/u6+96qunXqnDp1lrrVOmgDr\/yrwK+BMT8N7EcO+zVSGwg5Cfx7\/MRxqPtgh9qIGwgpQ\/mG8Ktre\/Jv5Wv\/wY10ztP\/5gIFd86\/W75CkuMypB6cp09yAaF7b6kHYWQi\/6pjsB38WL7CJzNj5Ks2XNRs2QSGtCj5ToJfAy34NWgrJIJfA9elMjCOjJPvJKgNGoWf4dTp0+D1ekDMGCaXyg3sx77gmz4Drudfr9erDlZnzE\/lC8Lk6dPkK2k8LZcuSj0Y0qXW\/Qb251+urDTztTQG7FKfITWiyqYCka8J6iCJrpAZDc4fzsglEtQGwaDZQBGYMS8JDKmR8p02Ajqgh40jYqHRpJcKEPVffsodKR37Qu3Agx99WiQ4z56WChADI4fA0Nho+Q6g+m9\/AaFNRzo3fulThoB1\/y6pxAcJqcNhSLS\/9hAurX0ShOw4JsojaLrwIypokuYQtWDKTweP08bXfjKwfXYADBmxakfr1r8MG1\/9I1+zbPJSoPliMd8rCBQizmfNtrdAyJBWBT0oZMVAw6l\/c11bBHSgAhubX3oarIf2YifBmQvagcfjAcuH74Z8mKDdAVKveGElLq5EqNu3Uy7URkAHHlxwFRvXgjhSslSG7FiwffkZX2shoIOarW+AIWmwOnCaa1puzhNfSQVtoHbgwWFb\/v4OqzE9RHh10ybweiQpCNnx0PDTWanCB2oH9v0fsg1VKK97aR1EJcbBgvvu5XvuZFQiNJe0rmWCjirsJ46AMXWYn7wrKiogOjEe9PrWRUUQcuLBdblcvsMOGs6fBYOPKVXQ3NwMMUmSINtCzE0CT5ODr3XGnDiowVWmpWWxyZIB9wW1u7TyUSiYNprvmQV9RiTU7X6XC3zhcrnkKwkkzvKnHgPj6FSVXRYi3RjTY8D68QfSDcLhcLAMFJBBNr+ympVLmSWCOgv0nJA+DH1Rq8OKV2Xgheqtf8JF5W\/2CX6KxCMZEQ\/OM1+rIyHRWLZvhQuoTHKRH\/w6UGAYEQONBUa+rt+3C21EoFVSoNkBUTLkDceHd7Kt16KsQLMDBfro60M+TAjZQTjocAe0uAjlqEyGpCFg2bWdR6mliOEg7AFQ\/0Ti8tqnWRGNI+LAuncnupShIKJ6WL842K64tNDuABTOKl9ZA8ZRSaiLseCqKFeJ0a\/j2BE0Nwls\/OyH9kt1YUok+ACwA+qidttmtmX61KHs\/7iKv30gE7Me+BAMKBFD2lBwnvvGb8UFQ9AB1O35B6uwkIEhi+FHP6J\/2bIZevXrAxHRw+Da\/tfBiqee5HIaMrWzvP\/fKK1EHEg0NBrOBw7YB+oAqBF9bBiI6NOjwZAcAY6TR7muLSgi7ovRWHRCHPQbPADe2rpVrpEhS6Rq86scQgiZceCuKNOUiDoAx5mT7BEoMrB+8mHIUVssFhgcHQkxiQmg69ldLg2E0kfFumdBRP0xoJlyW2vkUgm6+kP7wICRg4ANrHskFxyKuIKskTkQNzwJ8n89Ti4JDkWRK15eDSKtoNFpGKYauIyjswZRDwKGdgIurdp33+KK9rB+wyug+5UOnn1+tVwSGmWPPwgiZjzi2HTwtjQjk9KgpCmQNd559hucgmHsN20H94TUYkE0woRJE+HY8eNyiT8Ug1WxZhUHdUJuIrjr\/MVPCFgFRNSO65oiYj1+6v95KGAgljoL9B00gKeApKCFy\/\/5Is77cJz3OGgxaysgQfNpZc5sn+zlXPAC5j+Ok8cDdIPiPwXocJkIBVZG9EQm1P7mIhM\/0\/Y5X2gP3wf0cN2+3WwTyOw2\/vSdVNEGlr3kN3H5YrTf+OM5ZSW2i3YHQKCoj1Cz9b\/AgCGREU1uc1EBl9V\/+hEqL5nhONahMOmqCGsAviACVa+t43VN00O6YvvfzztMWEGHB0BQdMR6YDf\/dtYVEzo1ALId9cc+h+ayEnCT9nUSHSOOTBKfFBLrs6LBND6LixX96Cg6QJwIeMFlt\/J8i\/loSsdlgumGEWptRxE2cTdy57LWYug1iJWuetN6KH1gAZrTTCi4IYfbdHT+wyJOYbzHYQdDwmA0KslgfuJ3Sg2YpuajQ0kHESXgRUPUkQG0T1zuzIj5pYAeq+yRhXzPgQYpG9YXIGFyKEW3yF4wTPohiVMf9CFXacLOSx+6h8t9oXAqTsjmKSi+61a+DwdBiZMGexudICDHpnEZPL8MDbEqAzDdkAXimDQomj+T79ubAk3i9JDH6QARl5JxTCoU3nkzlytL6pLZDLs\/2A3\/s307mAokk+uR3SutAhGdzUWWEk1N8AFoE8eks\/CW8WCkeZx1k1LK3w6nEwZFDIaIqEgOOAdERqhJKnk+j9sNRowVjPkpUL78AeKE67TgR1wZZdHNY0FEURfNnsT3vrBarTAkJoqTWtoduD5iEDQ1N8m1Uh\/upgZejsb84WBe+YhcEwiVuJvEhg8Wzp3MilM0a6JUoTHwKIxwaVOAAs3kzDQ\/X6\/AiwMwYIYtohMyv7hKKuPvVjBxnktcNsV33YIKkw4F08dyZbD5yhqVIw0gOQHGT7hBLvUH9ekha4hTIOTEweWXpFhQCuYkSJwj4dJFtzNhIy4ZT0tLSHu9cMn9PN\/RSfFw+113yaWBoD5clWYwYowv5g6Hqjc2yjUSmHjJkjt4LYsTR6Gytc5fMGzbtg0Ti4EwCJXu2edCR7fEQ\/OlMozxMFvKTYaqLdJOIkFXsnQ+FxbPmQQeH8UJhZKSErimT2\/o3b8ffHrwoFwaDJIEXaVFaAeyeWNJmQKd+bknOP0pnDYOPPV1fnMSDE1NTdDzur6g694NbDZp8zQUqEfaaDP9OhP0yYPB8t5fuZzFXrZsKTsMEdemt6V97t24lgcMjYBu3brJJaHRVCxy0mLIiAHLP96RSxWFQ5Q9dj8IaM2MI5Ow85agmu4LMihay0wBRTzN5lLQJ0Vw3Gdpky0xcRY1dkKKJ2DKU4Dei6CYTC2sWLUKfvsAWrAgIE33NqIbxsBDwESycrO\/phNUzmlrllAyfwYvOXGCEiDwjx9e3rAeevbtA\/0wm\/n98mVyqQJixQst3hbQo4Ybs5DwxjVynT9U4gTVvP5mKlq5DBCn5PF9W\/oL71\/My4xM7Kzb5silEhTzasyIAnFkMlSsfUquCYQfcV+QQzGhmTVNlgbQdgjZaOUyMjLkOwluL+pAgxNEzHSMaFTMzyyXa7ShSZznC5Wp4MYc9s8mXIYkf0UyWsroQfUibyhkRnHGWvboIi4PpbhBOSctpgEISJxCpOKFc7lcuzOpzHTjCPT\/aVBy31wuCUWYEJQ4QbHv4lg0vbgCSpe2vodUoBAoQAU1jslEH\/Ebvg8HIYkz5M7JCHGAIIuTwEuxxYXJQ6bE8d1y+BSgotponzjCTVOAv7yVhvN56clHudyLZpb24ynUKpguRa7tidoXYREntCCXFCAY04ahJidD9RsboARFbEKbUCgTVqQULsImTiA75LbV8aYA+QEKMAsm5cu1HUeHiBOIN7fDhkFiAhROHROWVgdDh4kTyBA7Th8HV3kpSqNzhAmdIt5V+MWIk7To01JTARcfW8Svf2q3v811LLvOC7DTuKrMky4q6uius0DFCyvkDdBEKJiYy1v6IroQyy7pCAh\/fkEhdDnzzACZJZkLV2UFmNevlhilPUv8FE0ZA4UzbgSjbJyN6VFQiJl+\/cGPVQUIFUt1FbqY+VamWyy1fF5HSMMIA50AZZCUwJU9\/jA0yWcPbP88CEUoBD0G9QYMoYw5SVA4KY9fsXsxfSJcTRF0GfMUB9Ca9mIGVP3aOs7X6eU6OSQRmSp\/4mF+raYC2xNjtKFE2\/CF09FTYnJpHJOCkW8MFM6cAPZ\/fUEqwP1eDVwR8zTLiusnVL++AUy5KWDIjuFASMyIhfLfL4Lm4kK5Bc2k71zSXeu94+iXUDh5NGZzMSiEdDBg0lM8+yawf\/4p11NLJeLvCnSCeUm1lYiPZrpmy+tgHJvGWwP0KyRHQNkDC8B5\/ntuw\/Gx3F4LSn9Ki7rPDkDBTbm8ZGjLUUiPgZIFs8Bx\/AjXS0II3Wc4CJt5hYxCj\/bPLDveBnFcKhhyE3mmjZgTUxLoNPzMbUINzel0ylf+IIYUGpZd72GuncUveWlHw5AVC6VLbsccvPV9zJWwHz7zsnrTTFt2bscEcySqdzy\/4DNiPl66YDY0FAlS4zYghsxmMzy2bBnn+z169oAe\/frCNdf2hmt694Tb7pgH33\/\/g99MKlf0a9nzd05qKf2mzUchE4Ww9E5oPC+d+OFxqU+Ej9DM42A4o5JvKSgxTUHDNAINE2ZXdG6p5I6bocHnVJ0WampqYMXKFdA\/YhAfnouVt\/foMyw+lndfbp09ExqbGuUnAuHBOssH2\/mFJm2O0zlGesld9rtFKARJE8g7dmQpaDJPzyud0Lft8MdQhNaXjgVQ4qRPGMD7l87vTqltQrllOuS04733+MQgbabS3iZl\/vQhYZAAnnrm6YBjSL7g5YC\/brsNat\/Zwucj6P05JXg0LvMzy8Blvii1xY+vDQmGAObZXfGVF+xHP4eiOTfxGU\/asNUnDYJCZNouH0\/oiN2lvfP41OF8boKZl\/dXe13fF3Lyc+Hw4cNyy9BQhdDo4C1Pdql0iABdqgGTzcvPrQB39WWpcTtQmSdJScx4wfH1MSiZPwujskhU7wy0tlGYo48C2xFpgO1JVAuVlZUwadpUuA5nPjIuBpmPZyHoenSH6TNuBXsYG45aaKmv5VftdGCLlwMJIR2F8PJqaKmt4rG2Llx\/6HzXiPPsSShZeBsYhkegFSdDhmqO1rbu0B7wumWVJD\/bCe7tdjusWfsizzgZPWI8Mj4GeqHh893268iapaZKa1dVBVze8DwugSgQMIQW6cBDahRU\/3kj5r9WbkMhs2\/\/PPMNogFKfns36FMiONamA3m0Z2XZu5OtOyGcNRQKRPSro19BSlYm9EbVj0tORC0YCCkjMmDr29KWcWdBOqswRcd2K579A59V5xMf9HIevUPNm5u4nS90lynpSBzIDJsm5\/ORo\/I\/PAjuhs6pYSg4cPZHjc6Dbuje6MRIt2t7wdQZt8CPP\/0kt7gy+E6P4+S\/MGQez2d5xMl58POgHlCAS9hxUgqUCDzzzagyZSsf5TPddFqE9tHpDEX15lfB09zAXXZEHYOBrP7d9yzgDebIhFjQ6XRwr3zQ9kpA74CV8TUaz8PFB+fjJA4BgTxBZhR7KMve97neFzoleCE0\/nwO\/eZiXjcivSugIAaTkrqPtoNX9sFE5EoEIRgFWPLQg5CbmwuLFy+Gb8\/4\/wkgXNAs81jk++ayYih\/ejnoEwehZ8KlOzIeTBgL1Oz4K2+cE9qGxD7W3q1axYZz30Lp\/Xew\/6TtYmM2pqMoRTpTyAavC9BCb\/xQ8FcCGm2L1QLmNatAj0bamCdPGGpv1eY\/oiewqO20EODnUTRsFugB55nTUHzPXPSfsRxbk10QJ+WD5cBHUlP+Dh\/0Im\/e7fOgDxq8nujfu\/fuBTNnz4KTX38tt2gfNDb6uFxN0iYJ7QWgdnLoOyoBLf4L4Kqr4bG1N75A5hn4mI960JnL4jtnsC0woSYYMIExTcmD+sMHuJ6iu\/a8QVV1FcxARvujmxsaGwMx6OeVY3I3z5wht9IGHzaRNc7ttEPln9azNRezE3hLjPx7Ffn1y9I\/cGgc4SzNIMxLoA5883XbZxjmzp3MQQ8lGgb2EHlgP9F6IDWYCMjY7d2\/j\/\/XQoauN71NvaY7v0l\/c6v2yUp2YXJ\/bpsVqukfVeiOBTrklouGGaM78\/OPg0veL2AbEAbTCkIy7wsKEJQVav1kPxROHYseIZbPi4rZcVA8ZzI0fHOSGsqt\/KGsbxrchQsXWBBnvvuO3+wGolWEHkx9a999kyM38kRCXjLH9ZeWLwVXoUlqQ18dYFpB2MwrIBpEhl7E2Q4d4LDXwFmW5FaK5k0D5ynpHwvaYggNOiensFHztz9j0IUzzEYMLTjO9MWH74PmIul\/Jx1n1x8dZp7A6iVfkzSsB\/bw+zk6TEB\/WSRXWbpoHjhOnZCacLPgQ6U639TZsmMrmCZmc8pqov5QqKVLKH\/\/gevb6y9cdIp5BTxo\/PBg8EP77\/QaV582FATyDphllT1yL8YP0rF8gu+g6VK5p7ewdbt3QAHaEHp1T8uJTkuULpgDDd9K\/8Mk8XTllvYVMe8L4oHUnD6177yJcQGqKzLP6zQ7FsqeeEhVV4YsNDrvYvvkIyicks8v3+ggBu3xl6B3cZ6TNym4edcxraDLmFegagLaBPpTBgcdaJlNo1LQPQ0D85PLMPko5X15OtBfeOt40KPhNOVj6oy\/RXMmQcP571VtuprocuZpRkkzlYG77fUcbQkpkbzhQC6qYFIuv16lsx68RZ0aCQXTxoDj3Cn1uasw0QHoeuZ9gQyQJhDc9bVQ+fp6MGRhyJyFhgwjRX1CfxTCaLAd\/VKdaR9TetVxdZn3gcJSS20llKGPFkclg+X9bVzuVjj\/hfGLMf\/\/DwD\/B9Izo2lx1NF3AAAAAElFTkSuQmCC\" \/><strong>GHS07 Uzman\u012bbu<br \/>\nH319<\/strong> Izraisa nopietnu acu kairin\u0101jumu.<br \/>\n<strong>EUH208<\/strong> Satur: 1,2-benzizotiazol-3(2H)-ons, reakcijas masa: 5-hlor-2-metil- 2H-izotiazol-3-ons; 2-metil-2H- izotiazol-3-ons (3:1) Var izrais\u012bt aler\u0123isku reakciju.<br \/>\nDro&scaron;\u012bbas pras\u012bbu apz\u012bm\u0113jumi:<br \/>\nP101 Medic\u012bniska padoma nepiecie&scaron;am\u012bbas gad\u012bjum\u0101 attiec\u012bg\u0101 inform\u0101cija ir nor\u0101d\u012bta uz iepakojuma vai eti\u0137etes.<br \/>\nP102 Sarg\u0101t no b\u0113rniem.<br \/>\nP103 Pirms izmanto&scaron;anas izlas\u012bt eti\u0137eti.<br \/>\nP264 P\u0113c izmanto&scaron;anas rokas k\u0101rt\u012bgi nomazg\u0101t.<br \/>\nP280 Izmantot aizsargcimdus\/acu aizsargus\/sejas aizsargus.<br \/>\nP305+P351+P338 SASKAR\u0112 AR AC\u012aM: Uzman\u012bgi izskalot ar \u016bdeni vair\u0101kas min\u016btes. Iz\u0146emt kontaktl\u0113cas, ja t\u0101s ir ievietotas un ja to var vienk\u0101r&scaron;i izdar\u012bt. Turpin\u0101t skalot.<br \/>\nP337+P313 Ja acu iekaisums nep\u0101riet: l\u016bdziet medi\u0137u pal\u012bdz\u012bbu.<\/p>\n","protected":false},"excerpt":{"rendered":"<p>Koncentr\u0113ta dzi\u013ci att\u012bro\u0161\u0101 \u017eeleja ar bikarbon\u0101tu ir bag\u0101tin\u0101ta ar t\u016bksto\u0161iem akt\u012bv\u0101s ogles da\u013ci\u0146u, kas absorb\u0113 notur\u012bgas smakas. Tauki un notur\u012bgie net\u012brumi tiek viegli likvid\u0113ti, pateicoties skrubja efektam un enz\u012bmu darb\u012bbai, &nbsp;kas tiek aktiviz\u0113ti, lai likvid\u0113tu net\u012brumus kontakta laik\u0101. Parastai trauku mazg\u0101\u0161anai: uzkl\u0101jiet produktu uz mitra s\u016bk\u013ca un mazg\u0101jiet traukus. M\u0113rc\u0113\u0161anai: iem\u0113rciet traukus \u016bdens un \u017eelejas [&#8230;]\n","protected":false},"featured_media":102643,"template":"","meta":[],"product_cat":[1999],"product_tag":[],"class_list":{"0":"post-40685","1":"product","2":"type-product","3":"status-publish","4":"has-post-thumbnail","6":"product_brand-italchimica-it","7":"product_cat-bez-kategorijas","9":"first","10":"instock","11":"taxable","12":"shipping-taxable","13":"product-type-simple"},"_links":{"self":[{"href":"https:\/\/e.kosmolat.eu\/lv\/wp-json\/wp\/v2\/product\/40685","targetHints":{"allow":["GET"]}}],"collection":[{"href":"https:\/\/e.kosmolat.eu\/lv\/wp-json\/wp\/v2\/product"}],"about":[{"href":"https:\/\/e.kosmolat.eu\/lv\/wp-json\/wp\/v2\/types\/product"}],"wp:featuredmedia":[{"embeddable":true,"href":"https:\/\/e.kosmolat.eu\/lv\/wp-json\/wp\/v2\/media\/102643"}],"wp:attachment":[{"href":"https:\/\/e.kosmolat.eu\/lv\/wp-json\/wp\/v2\/media?parent=40685"}],"wp:term":[{"taxonomy":"product_cat","embeddable":true,"href":"https:\/\/e.kosmolat.eu\/lv\/wp-json\/wp\/v2\/product_cat?post=40685"},{"taxonomy":"product_tag","embeddable":true,"href":"https:\/\/e.kosmolat.eu\/lv\/wp-json\/wp\/v2\/product_tag?post=40685"}],"curies":[{"name":"wp","href":"https:\/\/api.w.org\/{rel}","templated":true}]}}