{"id":40649,"date":"2023-12-23T01:41:04","date_gmt":"2023-12-23T01:41:04","guid":{"rendered":"https:\/\/e.kosmolat.eu\/product\/spaaroma-kermena-sviests-ar-olivellu-250-ml\/"},"modified":"2025-09-22T12:02:37","modified_gmt":"2025-09-22T12:02:37","slug":"spaaroma-kermena-sviests-ar-olivellu-250-ml","status":"publish","type":"product","link":"https:\/\/e.kosmolat.eu\/lv\/product\/spaaroma-kermena-sviests-ar-olivellu-250-ml\/","title":{"rendered":"Spa&#038;Aroma \u0136erme\u0146a sviests ar ol\u012bve\u013c\u013cu, 250 ml"},"content":{"rendered":"<p>Ol\u012bve\u013c\u013ca baro un dzi\u013ci mitrina \u0101du \u0161\u016bnu l\u012bmen\u012b. Regul\u0101ri lietojot, \u0137erme\u0146a sviests nodro\u0161ina maksim\u0101lu aizsardz\u012bbu un visaptvero\u0161u \u0101das kop\u0161anu visas dienas garum\u0101. \u0136erme\u0146a sviestam piem\u012bt pat\u012bkams relaks\u0113jo\u0161s arom\u0101ts.<\/p>\n<p><strong>Lieto\u0161ana:<\/strong> uzkl\u0101t uz t\u012bras \u0101das ar viegl\u0101m mas\u0113jo\u0161\u0101m kust\u012bb\u0101m.<\/p>\n<p><strong>Piesardz\u012bbas pas\u0101kumi: <\/strong>tikai \u0101r\u012bgai lieto\u0161anai. Sarg\u0101t no b\u0113rniem.<\/p>\n<p><strong>Der\u012bguma termi\u0146\u0161: <\/strong>24 m\u0113ne\u0161i.<\/p>\n<p>Uzglab\u0101t temperat\u016br\u0101 no +5 &ordm;C l\u012bdz +25 &ordm;C.<br \/>\n&nbsp;<\/p>\n","protected":false},"excerpt":{"rendered":"<p>Ol\u012bve\u013c\u013ca baro un dzi\u013ci mitrina \u0101du \u0161\u016bnu l\u012bmen\u012b. Regul\u0101ri lietojot, \u0137erme\u0146a sviests nodro\u0161ina maksim\u0101lu aizsardz\u012bbu un visaptvero\u0161u \u0101das kop\u0161anu visas dienas garum\u0101. \u0136erme\u0146a sviestam piem\u012bt pat\u012bkams relaks\u0113jo\u0161s arom\u0101ts. Lieto\u0161ana: uzkl\u0101t uz t\u012bras \u0101das ar viegl\u0101m mas\u0113jo\u0161\u0101m kust\u012bb\u0101m. Piesardz\u012bbas pas\u0101kumi: tikai \u0101r\u012bgai lieto\u0161anai. Sarg\u0101t no b\u0113rniem. Der\u012bguma termi\u0146\u0161: 24 m\u0113ne\u0161i. Uzglab\u0101t temperat\u016br\u0101 no +5 &ordm;C l\u012bdz [&#8230;]\n","protected":false},"featured_media":96440,"template":"","meta":[],"product_cat":[1391],"product_tag":[],"class_list":{"0":"post-40649","1":"product","2":"type-product","3":"status-publish","4":"has-post-thumbnail","6":"product_brand-bioton_ua","7":"product_cat-1391","9":"first","10":"instock","11":"taxable","12":"shipping-taxable","13":"product-type-simple"},"_links":{"self":[{"href":"https:\/\/e.kosmolat.eu\/lv\/wp-json\/wp\/v2\/product\/40649","targetHints":{"allow":["GET"]}}],"collection":[{"href":"https:\/\/e.kosmolat.eu\/lv\/wp-json\/wp\/v2\/product"}],"about":[{"href":"https:\/\/e.kosmolat.eu\/lv\/wp-json\/wp\/v2\/types\/product"}],"wp:featuredmedia":[{"embeddable":true,"href":"https:\/\/e.kosmolat.eu\/lv\/wp-json\/wp\/v2\/media\/96440"}],"wp:attachment":[{"href":"https:\/\/e.kosmolat.eu\/lv\/wp-json\/wp\/v2\/media?parent=40649"}],"wp:term":[{"taxonomy":"product_cat","embeddable":true,"href":"https:\/\/e.kosmolat.eu\/lv\/wp-json\/wp\/v2\/product_cat?post=40649"},{"taxonomy":"product_tag","embeddable":true,"href":"https:\/\/e.kosmolat.eu\/lv\/wp-json\/wp\/v2\/product_tag?post=40649"}],"curies":[{"name":"wp","href":"https:\/\/api.w.org\/{rel}","templated":true}]}}