{"id":40629,"date":"2023-12-23T01:39:10","date_gmt":"2023-12-23T01:39:10","guid":{"rendered":"https:\/\/e.kosmolat.eu\/product\/i_-bc-roku-krems-alveja-500-ml\/"},"modified":"2026-02-19T07:36:42","modified_gmt":"2026-02-19T07:36:42","slug":"i_-bc-roku-krems-alveja-500-ml","status":"publish","type":"product","link":"https:\/\/e.kosmolat.eu\/lv\/product\/i_-bc-roku-krems-alveja-500-ml\/","title":{"rendered":"I_! BC Roku kr\u0113ms Alveja, 500 ml"},"content":{"rendered":"<p>Akt\u012bvas darb\u012bbas ikdienas roku kop\u0161anas kr\u0113ms sausai, raupjai, mazg\u0101\u0161anas l\u012bdzek\u013cu negat\u012bvai ietekmei pak\u013cautai un saplais\u0101ju\u0161ai roku \u0101dai. Alvejas ekstrakts nomierina un pie\u0161\u0137ir \u0101dai elast\u012bbu un gludumu.<\/p>\n<p><strong>Lieto\u0161ana: <\/strong>uzkl\u0101t uz t\u012bras roku \u0101das.<\/p>\n<p><strong>Piesardz\u012bbas pas\u0101kumi:<\/strong> tikai \u0101r\u012bgai lieto\u0161anai.<\/p>\n<p><strong>Der\u012bguma termi\u0146\u0161: <\/strong>24 m\u0113ne\u0161i.<\/p>\n<p>Uzglab\u0101t temperat\u016br\u0101 no +5 &deg;\u0421 l\u012bdz +25 &deg;\u0421, sarg\u0101jot no tie\u0161iem saules stariem.<br \/>\n&nbsp;<\/p>\n","protected":false},"excerpt":{"rendered":"<p>Akt\u012bvas darb\u012bbas ikdienas roku kop\u0161anas kr\u0113ms sausai, raupjai, mazg\u0101\u0161anas l\u012bdzek\u013cu negat\u012bvai ietekmei pak\u013cautai un saplais\u0101ju\u0161ai roku \u0101dai. Alvejas ekstrakts nomierina un pie\u0161\u0137ir \u0101dai elast\u012bbu un gludumu. Lieto\u0161ana: uzkl\u0101t uz t\u012bras roku \u0101das. Piesardz\u012bbas pas\u0101kumi: tikai \u0101r\u012bgai lieto\u0161anai. Der\u012bguma termi\u0146\u0161: 24 m\u0113ne\u0161i. Uzglab\u0101t temperat\u016br\u0101 no +5 &deg;\u0421 l\u012bdz +25 &deg;\u0421, sarg\u0101jot no tie\u0161iem saules stariem. &nbsp;<\/p>\n","protected":false},"featured_media":103721,"template":"","meta":[],"product_cat":[1304],"product_tag":[],"class_list":{"0":"post-40629","1":"product","2":"type-product","3":"status-publish","4":"has-post-thumbnail","6":"product_brand-bioton_ua","7":"product_cat-ranku-prieziuros-kosmetika","9":"first","10":"instock","11":"taxable","12":"shipping-taxable","13":"product-type-simple"},"_links":{"self":[{"href":"https:\/\/e.kosmolat.eu\/lv\/wp-json\/wp\/v2\/product\/40629","targetHints":{"allow":["GET"]}}],"collection":[{"href":"https:\/\/e.kosmolat.eu\/lv\/wp-json\/wp\/v2\/product"}],"about":[{"href":"https:\/\/e.kosmolat.eu\/lv\/wp-json\/wp\/v2\/types\/product"}],"wp:featuredmedia":[{"embeddable":true,"href":"https:\/\/e.kosmolat.eu\/lv\/wp-json\/wp\/v2\/media\/103721"}],"wp:attachment":[{"href":"https:\/\/e.kosmolat.eu\/lv\/wp-json\/wp\/v2\/media?parent=40629"}],"wp:term":[{"taxonomy":"product_cat","embeddable":true,"href":"https:\/\/e.kosmolat.eu\/lv\/wp-json\/wp\/v2\/product_cat?post=40629"},{"taxonomy":"product_tag","embeddable":true,"href":"https:\/\/e.kosmolat.eu\/lv\/wp-json\/wp\/v2\/product_tag?post=40629"}],"curies":[{"name":"wp","href":"https:\/\/api.w.org\/{rel}","templated":true}]}}